{"id":9721,"date":"2024-10-16T09:57:14","date_gmt":"2024-10-16T09:57:14","guid":{"rendered":"https:\/\/powerdot.eu\/careers"},"modified":"2025-05-05T13:53:17","modified_gmt":"2025-05-05T13:53:17","slug":"kariera","status":"publish","type":"page","link":"https:\/\/52.16.203.169\/pl\/kariera","title":{"rendered":"Rozwi\u0144 swoj\u0105 karier\u0119!"},"content":{"rendered":"","protected":false},"excerpt":{"rendered":"","protected":false},"author":1,"featured_media":0,"parent":0,"menu_order":0,"comment_status":"closed","ping_status":"closed","template":"page-recrutamento-new.php","meta":{"inline_featured_image":false,"footnotes":""},"class_list":["post-9721","page","type-page","status-publish","hentry"],"acf":[],"yoast_head":"<!-- This site is optimized with the Yoast SEO Premium plugin v23.6 (Yoast SEO v23.6) - https:\/\/yoast.com\/wordpress\/plugins\/seo\/ -->\n<title>Rozwi\u0144 swoj\u0105 karier\u0119! - Powerdot<\/title>\n<meta name=\"description\" content=\"Join Powerdot and drive the future of sustainable mobility. Explore career opportunities in an innovative, growth-focused environment.\" \/>\n<meta name=\"robots\" content=\"index, follow, max-snippet:-1, max-image-preview:large, max-video-preview:-1\" \/>\n<link rel=\"canonical\" href=\"https:\/\/52.16.203.169\/pl\/kariera\" \/>\n<meta property=\"og:locale\" content=\"pl_PL\" \/>\n<meta property=\"og:type\" content=\"article\" \/>\n<meta property=\"og:title\" content=\"Rozwi\u0144 swoj\u0105 karier\u0119!\" \/>\n<meta property=\"og:description\" content=\"Join Powerdot and drive the future of sustainable mobility. Explore career opportunities in an innovative, growth-focused environment.\" \/>\n<meta property=\"og:url\" content=\"https:\/\/52.16.203.169\/pl\/kariera\" \/>\n<meta property=\"og:site_name\" content=\"Powerdot\" \/>\n<meta property=\"article:modified_time\" content=\"2025-05-05T13:53:17+00:00\" \/>\n<meta name=\"twitter:card\" content=\"summary_large_image\" \/>\n<meta name=\"twitter:label1\" content=\"Szacowany czas czytania\" \/>\n\t<meta name=\"twitter:data1\" content=\"8 minut\" \/>\n<script type=\"application\/ld+json\" class=\"yoast-schema-graph\">{\"@context\":\"https:\/\/schema.org\",\"@graph\":[{\"@type\":\"WebPage\",\"@id\":\"https:\/\/52.16.203.169\/pl\/kariera\",\"url\":\"https:\/\/52.16.203.169\/pl\/kariera\",\"name\":\"Rozwi\u0144 swoj\u0105 karier\u0119! - Powerdot\",\"isPartOf\":{\"@id\":\"https:\/\/www.powerdot.eu\/en#website\"},\"datePublished\":\"2024-10-16T09:57:14+00:00\",\"dateModified\":\"2025-05-05T13:53:17+00:00\",\"description\":\"Join Powerdot and drive the future of sustainable mobility. Explore career opportunities in an innovative, growth-focused environment.\",\"breadcrumb\":{\"@id\":\"https:\/\/52.16.203.169\/pl\/kariera#breadcrumb\"},\"inLanguage\":\"pl-PL\",\"potentialAction\":[{\"@type\":\"ReadAction\",\"target\":[\"https:\/\/52.16.203.169\/pl\/kariera\"]}]},{\"@type\":\"BreadcrumbList\",\"@id\":\"https:\/\/52.16.203.169\/pl\/kariera#breadcrumb\",\"itemListElement\":[{\"@type\":\"ListItem\",\"position\":1,\"name\":\"In\u00edcio\",\"item\":\"https:\/\/www.powerdot.eu\/pl\"},{\"@type\":\"ListItem\",\"position\":2,\"name\":\"Rozwi\u0144 swoj\u0105 karier\u0119!\"}]},{\"@type\":\"WebSite\",\"@id\":\"https:\/\/www.powerdot.eu\/en#website\",\"url\":\"https:\/\/www.powerdot.eu\/en\",\"name\":\"Powerdot\",\"description\":\"\",\"potentialAction\":[{\"@type\":\"SearchAction\",\"target\":{\"@type\":\"EntryPoint\",\"urlTemplate\":\"https:\/\/www.powerdot.eu\/en?s={search_term_string}\"},\"query-input\":{\"@type\":\"PropertyValueSpecification\",\"valueRequired\":true,\"valueName\":\"search_term_string\"}}],\"inLanguage\":\"pl-PL\"}]}<\/script>\n<!-- \/ Yoast SEO Premium plugin. -->","yoast_head_json":{"title":"Rozwi\u0144 swoj\u0105 karier\u0119! - Powerdot","description":"Join Powerdot and drive the future of sustainable mobility. Explore career opportunities in an innovative, growth-focused environment.","robots":{"index":"index","follow":"follow","max-snippet":"max-snippet:-1","max-image-preview":"max-image-preview:large","max-video-preview":"max-video-preview:-1"},"canonical":"https:\/\/52.16.203.169\/pl\/kariera","og_locale":"pl_PL","og_type":"article","og_title":"Rozwi\u0144 swoj\u0105 karier\u0119!","og_description":"Join Powerdot and drive the future of sustainable mobility. Explore career opportunities in an innovative, growth-focused environment.","og_url":"https:\/\/52.16.203.169\/pl\/kariera","og_site_name":"Powerdot","article_modified_time":"2025-05-05T13:53:17+00:00","twitter_card":"summary_large_image","twitter_misc":{"Szacowany czas czytania":"8 minut"},"schema":{"@context":"https:\/\/schema.org","@graph":[{"@type":"WebPage","@id":"https:\/\/52.16.203.169\/pl\/kariera","url":"https:\/\/52.16.203.169\/pl\/kariera","name":"Rozwi\u0144 swoj\u0105 karier\u0119! - Powerdot","isPartOf":{"@id":"https:\/\/www.powerdot.eu\/en#website"},"datePublished":"2024-10-16T09:57:14+00:00","dateModified":"2025-05-05T13:53:17+00:00","description":"Join Powerdot and drive the future of sustainable mobility. Explore career opportunities in an innovative, growth-focused environment.","breadcrumb":{"@id":"https:\/\/52.16.203.169\/pl\/kariera#breadcrumb"},"inLanguage":"pl-PL","potentialAction":[{"@type":"ReadAction","target":["https:\/\/52.16.203.169\/pl\/kariera"]}]},{"@type":"BreadcrumbList","@id":"https:\/\/52.16.203.169\/pl\/kariera#breadcrumb","itemListElement":[{"@type":"ListItem","position":1,"name":"In\u00edcio","item":"https:\/\/www.powerdot.eu\/pl"},{"@type":"ListItem","position":2,"name":"Rozwi\u0144 swoj\u0105 karier\u0119!"}]},{"@type":"WebSite","@id":"https:\/\/www.powerdot.eu\/en#website","url":"https:\/\/www.powerdot.eu\/en","name":"Powerdot","description":"","potentialAction":[{"@type":"SearchAction","target":{"@type":"EntryPoint","urlTemplate":"https:\/\/www.powerdot.eu\/en?s={search_term_string}"},"query-input":{"@type":"PropertyValueSpecification","valueRequired":true,"valueName":"search_term_string"}}],"inLanguage":"pl-PL"}]}},"_links":{"self":[{"href":"https:\/\/52.16.203.169\/pl\/wp-json\/wp\/v2\/pages\/9721"}],"collection":[{"href":"https:\/\/52.16.203.169\/pl\/wp-json\/wp\/v2\/pages"}],"about":[{"href":"https:\/\/52.16.203.169\/pl\/wp-json\/wp\/v2\/types\/page"}],"author":[{"embeddable":true,"href":"https:\/\/52.16.203.169\/pl\/wp-json\/wp\/v2\/users\/1"}],"replies":[{"embeddable":true,"href":"https:\/\/52.16.203.169\/pl\/wp-json\/wp\/v2\/comments?post=9721"}],"version-history":[{"count":6,"href":"https:\/\/52.16.203.169\/pl\/wp-json\/wp\/v2\/pages\/9721\/revisions"}],"predecessor-version":[{"id":24427,"href":"https:\/\/52.16.203.169\/pl\/wp-json\/wp\/v2\/pages\/9721\/revisions\/24427"}],"wp:attachment":[{"href":"https:\/\/52.16.203.169\/pl\/wp-json\/wp\/v2\/media?parent=9721"}],"curies":[{"name":"wp","href":"https:\/\/api.w.org\/{rel}","templated":true}]}}