{"id":9702,"date":"2024-11-14T13:56:41","date_gmt":"2024-11-14T13:56:41","guid":{"rendered":"https:\/\/www.powerdot.eu\/?page_id=9702"},"modified":"2024-11-26T14:52:21","modified_gmt":"2024-11-26T14:52:21","slug":"polityka-cookies","status":"publish","type":"page","link":"https:\/\/powerdot.eu\/pl\/polityka-cookies","title":{"rendered":"Polityka Cookies"},"content":{"rendered":"<p><b>Ostatnia aktualizacja : 28 pa\u017adziernika 2024<\/b><\/p>\n<p><span style=\"font-weight: 400;\">Niniejsza Polityka dotycz\u0105ca plik\u00f3w cookie wyja\u015bnia, w jaki spos\u00f3b Powerdot wykorzystuje informacje zebrane za pomoc\u0105 plik\u00f3w cookie i innych technologii \u015bledzenia dost\u0119pnych w jego witrynie internetowej, <\/span><a href=\"https:\/\/powerdot.eu\/\"><span style=\"font-weight: 400;\">https:\/\/powerdot.eu\/<\/span><\/a><span style=\"font-weight: 400;\"> i aplikacji internetowej do p\u0142atno\u015bci Adhoc, <\/span><a href=\"https:\/\/adhoc.pwrdt.com\/\"><span style=\"font-weight: 400;\">https:\/\/adhoc.pwrdt.com\/<\/span><\/a><span style=\"font-weight: 400;\"> (zwanej dalej &#8222;<\/span><b>witryn\u0105<\/b><span style=\"font-weight: 400;\">&#8222;).\u00a0<\/span><\/p>\n<p><span style=\"font-weight: 400;\">Ta strona wykorzystuje pliki cookie, aby zagwarantowa\u0107 jej prawid\u0142owe dzia\u0142anie, ale tak\u017ce aby zagwarantowa\u0107, \u017ce jako u\u017cytkownik masz najlepsze mo\u017cliwe wra\u017cenia z nawigacji. Pliki cookie maj\u0105 r\u00f3wnie\u017c na celu umo\u017cliwienie ci\u0105g\u0142ego ulepszania udost\u0119pnianych przez nas us\u0142ug.\u00a0<\/span><\/p>\n<p><span style=\"font-weight: 400;\">W przypadku jakichkolwiek pyta\u0144 zwi\u0105zanych z niniejsz\u0105 Polityk\u0105, mo\u017cna skontaktowa\u0107 si\u0119 z nami, korzystaj\u0105c z nast\u0119puj\u0105cego adresu e-mail: <\/span><a href=\"mailto:support@powerdot.eu\"><span style=\"font-weight: 400;\">support@powerdot.eu<\/span><\/a><span style=\"font-weight: 400;\">\u00a0\u00a0\u00a0\u00a0<\/span><\/p>\n<p>&nbsp;<\/p>\n<h2><b>Czym s\u0105 pliki cookie? Czy istniej\u0105 r\u00f3\u017cne rodzaje plik\u00f3w cookie?<\/b><\/h2>\n<p><span style=\"font-weight: 400;\">Pliki cookie to ma\u0142e pliki informacyjne umieszczane przez strony internetowe i przechowywane w przegl\u0105darce urz\u0105dzenia u\u017cywanego do uzyskiwania dost\u0119pu do Internetu (na przyk\u0142ad komputera lub telefonu kom\u00f3rkowego). Pliki cookie s\u0142u\u017c\u0105 do identyfikacji u\u017cytkownik\u00f3w, personalizacji strony zgodnie z ich profilem, u\u0142atwiaj\u0105c korzystanie z niej lub u\u0142atwiaj\u0105c przesy\u0142anie danych mi\u0119dzy stronami w tej samej witrynie.<\/span><\/p>\n<p><span style=\"font-weight: 400;\">Pliki cookie maj\u0105 r\u00f3\u017cne klasyfikacje oparte na r\u00f3\u017cnych kryteriach, jak poni\u017cej:\u00a0<\/span><\/p>\n<p><span style=\"font-weight: 400;\">W zale\u017cno\u015bci od zamierzonego celu<\/span><span style=\"font-weight: 400;\">, pliki cookie mog\u0105 by\u0107:<\/span><\/p>\n<ul>\n<li style=\"font-weight: 400;\" aria-level=\"1\"><span style=\"font-weight: 400;\">Niezb\u0119dne pliki cookie <\/span><span style=\"font-weight: 400;\">&#8211; te, kt\u00f3re s\u0105 wymagane do zapewnienia funkcjonowania strony internetowej i\/lub zapewnienia dost\u0119pno\u015bci funkcji wymaganych przez u\u017cytkownika, a nawet do zapisania jego preferencji dotycz\u0105cych przegl\u0105dania strony internetowej za ka\u017cdym razem, gdy korzysta z tego samego urz\u0105dzenia i o to prosi.\u00a0<\/span><\/li>\n<li style=\"font-weight: 400;\" aria-level=\"1\"><span style=\"font-weight: 400;\">Personalizacyjne pliki cookie <\/span><span style=\"font-weight: 400;\">&#8211; maj\u0105 charakter pomocniczy i nie s\u0105 niezb\u0119dne do dzia\u0142ania strony internetowej, ale mog\u0105 poprawi\u0107 jej wydajno\u015b\u0107. S\u0142u\u017c\u0105 do poprawy komfortu u\u017cytkowania.<\/span><\/li>\n<li style=\"font-weight: 400;\" aria-level=\"1\"><span style=\"font-weight: 400;\">Analityczne pliki cookie <\/span><span style=\"font-weight: 400;\">&#8211; maj\u0105 charakter pomocniczy i zbieraj\u0105 informacje statystyczne, aby pom\u00f3c w\u0142a\u015bcicielom witryn analizowa\u0107 korzystanie z ich witryn internetowych i lepiej zrozumie\u0107 zaanga\u017cowanie odwiedzaj\u0105cych w witryny.\u00a0<\/span><\/li>\n<\/ul>\n<p>&nbsp;<\/p>\n<p><span style=\"font-weight: 400;\">W zale\u017cno\u015bci od czasu trwania plik\u00f3w cookie <\/span><span style=\"font-weight: 400;\">mo\u017cna je podzieli\u0107 na kategorie:<\/span><\/p>\n<ul>\n<li style=\"font-weight: 400;\" aria-level=\"1\"><span style=\"font-weight: 400;\">Sesyjne <\/span><span style=\"font-weight: 400;\">pliki cookie &#8211; te pliki cookie maj\u0105 charakter tymczasowy, co oznacza, \u017ce s\u0105 usuwane natychmiast lub bardzo szybko po zamkni\u0119ciu przegl\u0105darki. Te pliki cookie umo\u017cliwiaj\u0105 na przyk\u0142ad analizowanie wzorc\u00f3w wyszukiwania w Internecie, umo\u017cliwiaj\u0105c Powerdot identyfikacj\u0119 problem\u00f3w, zagwarantowanie bezpiecze\u0144stwa i zapewnienie lepszych wra\u017ce\u0144 z przegl\u0105dania.<\/span><\/li>\n<li style=\"font-weight: 400;\" aria-level=\"1\"><span style=\"font-weight: 400;\">Trwa\u0142e pliki cookie <\/span><span style=\"font-weight: 400;\">&#8211; te pliki cookie nie s\u0105 usuwane po zamkni\u0119ciu sesji przegl\u0105darki, ale pozostaj\u0105 przechowywane na urz\u0105dzeniu u\u017cytkownika. S\u0105 one wykorzystywane za ka\u017cdym razem, gdy u\u017cytkownik odwiedza witryn\u0119, umo\u017cliwiaj\u0105c nam na przyk\u0142ad spersonalizowanie do\u015bwiadcze\u0144 u\u017cytkownika i zagwarantowanie bardziej zindywidualizowanej obs\u0142ugi, z uwzgl\u0119dnieniem jego preferencji.<\/span><\/li>\n<\/ul>\n<p>&nbsp;<\/p>\n<p><span style=\"font-weight: 400;\">Pliki cookie mo\u017cna r\u00f3wnie\u017c rozr\u00f3\u017cni\u0107 <\/span><span style=\"font-weight: 400;\">na podstawie podmiotu, kt\u00f3ry je umieszcza<\/span><span style=\"font-weight: 400;\">:<\/span><\/p>\n<ul>\n<li style=\"font-weight: 400;\" aria-level=\"1\"><span style=\"font-weight: 400;\">W\u0142asne pliki cookie <\/span><span style=\"font-weight: 400;\">&#8211; s\u0105 to pliki cookie umieszczane przez Powerdot za po\u015brednictwem sprz\u0119tu lub domen.<\/span><\/li>\n<li style=\"font-weight: 400;\" aria-level=\"1\"><span style=\"font-weight: 400;\">Pliki cookie stron trzecich <\/span><span style=\"font-weight: 400;\">&#8211; s\u0105 to pliki cookie wysy\u0142ane do urz\u0105dzenia u\u017cytkownika przez strony trzecie, tj. strony internetowe inne ni\u017c w\u0142a\u015bciciele witryny, z kt\u00f3rej korzysta u\u017cytkownik.<\/span><\/li>\n<\/ul>\n<p>&nbsp;<\/p>\n<h2><b>Czy powinienem zaakceptowa\u0107 korzystanie z plik\u00f3w cookie?\u00a0<\/b><\/h2>\n<p><span style=\"font-weight: 400;\">Niezb\u0119dne pliki cookies s\u0105 wymagane do dzia\u0142ania strony i nie mog\u0105 zosta\u0107 wy\u0142\u0105czone. W przypadku innych plik\u00f3w cookies wymagane jest Twoje wyra\u017ane zgody, zgodnie z RODO (art. 6).<\/span><\/p>\n<p><span style=\"font-weight: 400;\">Zgodnie z obowi\u0105zuj\u0105cymi przepisami strona internetowa mo\u017ce u\u017cywa\u0107 plik\u00f3w cookies tylko za uprzedni\u0105 zgod\u0105 u\u017cytkownika, chyba \u017ce s\u0105 one niezb\u0119dne do \u015bwiadczenia \u017c\u0105danej us\u0142ugi. Zgoda b\u0119dzie zbierana za pomoc\u0105 narz\u0119dzia do zarz\u0105dzania plikami cookies, kt\u00f3re umo\u017cliwia \u0142atwe zaakceptowanie, odrzucenie lub dostosowanie ustawie\u0144 plik\u00f3w nieistotnych (art. 7 RODO). Narz\u0119dzie to b\u0119dzie dost\u0119pne z pocz\u0105tkowego baneru cookie oraz umo\u017cliwi zmian\u0119 preferencji w dowolnym momencie.<\/span><\/p>\n<p><span style=\"font-weight: 400;\">Aby uzyska\u0107 wi\u0119cej informacji na temat okres\u00f3w przechowywania i danych osobowych, zapoznaj si\u0119 z nasz\u0105 <\/span><a href=\"https:\/\/docs.google.com\/document\/d\/1CrRk8QSD1Q4ItU8c9IWw19nL5mkX6Lyx\/edit\"><span style=\"font-weight: 400;\">Polityce prywatno\u015bci<\/span><\/a><span style=\"font-weight: 400;\">.\u00a0<\/span><\/p>\n<p>&nbsp;<\/p>\n<h2><b>Jak d\u0142ugo przechowywane s\u0105 informacje zbierane przez cookies?<\/b><\/h2>\n<p><span style=\"font-weight: 400;\">Dane osobowe gromadzone przez cookies s\u0105 przechowywane przez minimalny czas niezb\u0119dny do realizacji celu ich gromadzenia, zgodnie z zasad\u0105 minimalizacji danych RODO (art. 5(1)(c)). Okresy przechowywania okre\u015blono w naszej <\/span><a href=\"https:\/\/docs.google.com\/document\/d\/1CrRk8QSD1Q4ItU8c9IWw19nL5mkX6Lyx\/edit\"><span style=\"font-weight: 400;\">Polityce prywatno\u015bci<\/span><\/a><span style=\"font-weight: 400;\">.\u00a0<\/span><\/p>\n<p>&nbsp;<\/p>\n<h2><b>Czy mog\u0119 zarz\u0105dza\u0107 opcjami plik\u00f3w cookie?<\/b><\/h2>\n<p><span style=\"font-weight: 400;\">Tak. W dowolnym momencie w witrynie mo\u017cna zarz\u0105dza\u0107 preferencjami dotycz\u0105cymi plik\u00f3w cookie za pomoc\u0105 narz\u0119dzia dost\u0119pnego w witrynie.\u00a0<\/span><\/p>\n<p><span style=\"font-weight: 400;\">Nale\u017cy pami\u0119ta\u0107, \u017ce wy\u0142\u0105czenie plik\u00f3w cookie w ustawieniach przegl\u0105darki mo\u017ce mie\u0107 wp\u0142yw na funkcjonowanie witryny.<\/span><\/p>\n<p>&nbsp;<\/p>\n<h2><b>Zmiany w Polityce Cookies<\/b><\/h2>\n<p><span style=\"font-weight: 400;\">Powerdot mo\u017ce, w dowolnym czasie i bez uprzedniego powiadomienia, zmieni\u0107, uzupe\u0142ni\u0107 lub odwo\u0142a\u0107 niniejsz\u0105 Polityk\u0119, w ca\u0142o\u015bci lub w cz\u0119\u015bci. W ka\u017cdym przypadku u\u017cytkownik mo\u017ce nie wyrazi\u0107 zgody na korzystanie z plik\u00f3w cookie, pod warunkiem, \u017ce nie s\u0105 to niezb\u0119dne pliki cookie.\u00a0<\/span><\/p>\n<p>&nbsp;<\/p>\n","protected":false},"excerpt":{"rendered":"<p>Ostatnia aktualizacja : 28 pa\u017adziernika 2024 Niniejsza Polityka dotycz\u0105ca plik\u00f3w cookie wyja\u015bnia, w jaki spos\u00f3b Powerdot wykorzystuje informacje zebrane za pomoc\u0105 plik\u00f3w cookie i innych technologii \u015bledzenia dost\u0119pnych w jego witrynie internetowej, https:\/\/powerdot.eu\/ i aplikacji internetowej do p\u0142atno\u015bci Adhoc, https:\/\/adhoc.pwrdt.com\/ (zwanej dalej &#8222;witryn\u0105&#8222;).\u00a0 Ta strona wykorzystuje pliki cookie, aby zagwarantowa\u0107 jej prawid\u0142owe dzia\u0142anie, ale tak\u017ce [&hellip;]<\/p>\n","protected":false},"author":6,"featured_media":0,"parent":0,"menu_order":0,"comment_status":"closed","ping_status":"closed","template":"page-templates\/page-sidebar-none.php","meta":{"inline_featured_image":false,"footnotes":""},"class_list":["post-9702","page","type-page","status-publish","hentry"],"acf":[],"yoast_head":"<!-- This site is optimized with the Yoast SEO Premium plugin v23.6 (Yoast SEO v23.6) - https:\/\/yoast.com\/wordpress\/plugins\/seo\/ -->\n<title>Polityka Cookies - Powerdot<\/title>\n<meta name=\"robots\" content=\"index, follow, max-snippet:-1, max-image-preview:large, max-video-preview:-1\" \/>\n<link rel=\"canonical\" href=\"https:\/\/powerdot.eu\/pl\/polityka-cookies\" \/>\n<meta property=\"og:locale\" content=\"pl_PL\" \/>\n<meta property=\"og:type\" content=\"article\" \/>\n<meta property=\"og:title\" content=\"Polityka Cookies\" \/>\n<meta property=\"og:description\" content=\"Ostatnia aktualizacja : 28 pa\u017adziernika 2024 Niniejsza Polityka dotycz\u0105ca plik\u00f3w cookie wyja\u015bnia, w jaki spos\u00f3b Powerdot wykorzystuje informacje zebrane za pomoc\u0105 plik\u00f3w cookie i innych technologii \u015bledzenia dost\u0119pnych w jego witrynie internetowej, https:\/\/powerdot.eu\/ i aplikacji internetowej do p\u0142atno\u015bci Adhoc, https:\/\/adhoc.pwrdt.com\/ (zwanej dalej &#8222;witryn\u0105&#8222;).\u00a0 Ta strona wykorzystuje pliki cookie, aby zagwarantowa\u0107 jej prawid\u0142owe dzia\u0142anie, ale tak\u017ce [&hellip;]\" \/>\n<meta property=\"og:url\" content=\"https:\/\/powerdot.eu\/pl\/polityka-cookies\" \/>\n<meta property=\"og:site_name\" content=\"Powerdot\" \/>\n<meta property=\"article:modified_time\" content=\"2024-11-26T14:52:21+00:00\" \/>\n<meta name=\"twitter:card\" content=\"summary_large_image\" \/>\n<meta name=\"twitter:label1\" content=\"Szacowany czas czytania\" \/>\n\t<meta name=\"twitter:data1\" content=\"4 minuty\" \/>\n<script type=\"application\/ld+json\" class=\"yoast-schema-graph\">{\"@context\":\"https:\/\/schema.org\",\"@graph\":[{\"@type\":\"WebPage\",\"@id\":\"https:\/\/powerdot.eu\/pl\/polityka-cookies\",\"url\":\"https:\/\/powerdot.eu\/pl\/polityka-cookies\",\"name\":\"Polityka Cookies - Powerdot\",\"isPartOf\":{\"@id\":\"https:\/\/powerdot.eu\/pl#website\"},\"datePublished\":\"2024-11-14T13:56:41+00:00\",\"dateModified\":\"2024-11-26T14:52:21+00:00\",\"breadcrumb\":{\"@id\":\"https:\/\/powerdot.eu\/pl\/polityka-cookies#breadcrumb\"},\"inLanguage\":\"pl-PL\",\"potentialAction\":[{\"@type\":\"ReadAction\",\"target\":[\"https:\/\/powerdot.eu\/pl\/polityka-cookies\"]}]},{\"@type\":\"BreadcrumbList\",\"@id\":\"https:\/\/powerdot.eu\/pl\/polityka-cookies#breadcrumb\",\"itemListElement\":[{\"@type\":\"ListItem\",\"position\":1,\"name\":\"In\u00edcio\",\"item\":\"https:\/\/www.powerdot.eu\/pl\"},{\"@type\":\"ListItem\",\"position\":2,\"name\":\"Polityka Cookies\"}]},{\"@type\":\"WebSite\",\"@id\":\"https:\/\/powerdot.eu\/pl#website\",\"url\":\"https:\/\/powerdot.eu\/pl\",\"name\":\"Powerdot\",\"description\":\"\",\"potentialAction\":[{\"@type\":\"SearchAction\",\"target\":{\"@type\":\"EntryPoint\",\"urlTemplate\":\"https:\/\/powerdot.eu\/pl?s={search_term_string}\"},\"query-input\":{\"@type\":\"PropertyValueSpecification\",\"valueRequired\":true,\"valueName\":\"search_term_string\"}}],\"inLanguage\":\"pl-PL\"}]}<\/script>\n<!-- \/ Yoast SEO Premium plugin. -->","yoast_head_json":{"title":"Polityka Cookies - Powerdot","robots":{"index":"index","follow":"follow","max-snippet":"max-snippet:-1","max-image-preview":"max-image-preview:large","max-video-preview":"max-video-preview:-1"},"canonical":"https:\/\/powerdot.eu\/pl\/polityka-cookies","og_locale":"pl_PL","og_type":"article","og_title":"Polityka Cookies","og_description":"Ostatnia aktualizacja : 28 pa\u017adziernika 2024 Niniejsza Polityka dotycz\u0105ca plik\u00f3w cookie wyja\u015bnia, w jaki spos\u00f3b Powerdot wykorzystuje informacje zebrane za pomoc\u0105 plik\u00f3w cookie i innych technologii \u015bledzenia dost\u0119pnych w jego witrynie internetowej, https:\/\/powerdot.eu\/ i aplikacji internetowej do p\u0142atno\u015bci Adhoc, https:\/\/adhoc.pwrdt.com\/ (zwanej dalej &#8222;witryn\u0105&#8222;).\u00a0 Ta strona wykorzystuje pliki cookie, aby zagwarantowa\u0107 jej prawid\u0142owe dzia\u0142anie, ale tak\u017ce [&hellip;]","og_url":"https:\/\/powerdot.eu\/pl\/polityka-cookies","og_site_name":"Powerdot","article_modified_time":"2024-11-26T14:52:21+00:00","twitter_card":"summary_large_image","twitter_misc":{"Szacowany czas czytania":"4 minuty"},"schema":{"@context":"https:\/\/schema.org","@graph":[{"@type":"WebPage","@id":"https:\/\/powerdot.eu\/pl\/polityka-cookies","url":"https:\/\/powerdot.eu\/pl\/polityka-cookies","name":"Polityka Cookies - Powerdot","isPartOf":{"@id":"https:\/\/powerdot.eu\/pl#website"},"datePublished":"2024-11-14T13:56:41+00:00","dateModified":"2024-11-26T14:52:21+00:00","breadcrumb":{"@id":"https:\/\/powerdot.eu\/pl\/polityka-cookies#breadcrumb"},"inLanguage":"pl-PL","potentialAction":[{"@type":"ReadAction","target":["https:\/\/powerdot.eu\/pl\/polityka-cookies"]}]},{"@type":"BreadcrumbList","@id":"https:\/\/powerdot.eu\/pl\/polityka-cookies#breadcrumb","itemListElement":[{"@type":"ListItem","position":1,"name":"In\u00edcio","item":"https:\/\/www.powerdot.eu\/pl"},{"@type":"ListItem","position":2,"name":"Polityka Cookies"}]},{"@type":"WebSite","@id":"https:\/\/powerdot.eu\/pl#website","url":"https:\/\/powerdot.eu\/pl","name":"Powerdot","description":"","potentialAction":[{"@type":"SearchAction","target":{"@type":"EntryPoint","urlTemplate":"https:\/\/powerdot.eu\/pl?s={search_term_string}"},"query-input":{"@type":"PropertyValueSpecification","valueRequired":true,"valueName":"search_term_string"}}],"inLanguage":"pl-PL"}]}},"_links":{"self":[{"href":"https:\/\/powerdot.eu\/pl\/wp-json\/wp\/v2\/pages\/9702"}],"collection":[{"href":"https:\/\/powerdot.eu\/pl\/wp-json\/wp\/v2\/pages"}],"about":[{"href":"https:\/\/powerdot.eu\/pl\/wp-json\/wp\/v2\/types\/page"}],"author":[{"embeddable":true,"href":"https:\/\/powerdot.eu\/pl\/wp-json\/wp\/v2\/users\/6"}],"replies":[{"embeddable":true,"href":"https:\/\/powerdot.eu\/pl\/wp-json\/wp\/v2\/comments?post=9702"}],"version-history":[{"count":2,"href":"https:\/\/powerdot.eu\/pl\/wp-json\/wp\/v2\/pages\/9702\/revisions"}],"predecessor-version":[{"id":10019,"href":"https:\/\/powerdot.eu\/pl\/wp-json\/wp\/v2\/pages\/9702\/revisions\/10019"}],"wp:attachment":[{"href":"https:\/\/powerdot.eu\/pl\/wp-json\/wp\/v2\/media?parent=9702"}],"curies":[{"name":"wp","href":"https:\/\/api.w.org\/{rel}","templated":true}]}}