{"id":4946,"date":"2023-10-02T18:31:49","date_gmt":"2023-10-02T18:31:49","guid":{"rendered":"https:\/\/powerdot.eu\/?page_id=4946"},"modified":"2023-10-02T18:35:27","modified_gmt":"2023-10-02T18:35:27","slug":"supermarkety","status":"publish","type":"page","link":"https:\/\/powerdot.eu\/pl\/nasze-rozwiazania\/supermarkety","title":{"rendered":"Supermarkety"},"content":{"rendered":"","protected":false},"excerpt":{"rendered":"","protected":false},"author":6,"featured_media":0,"parent":4940,"menu_order":0,"comment_status":"closed","ping_status":"closed","template":"page-solutions.php","meta":{"inline_featured_image":false,"footnotes":""},"class_list":["post-4946","page","type-page","status-publish","hentry"],"acf":[],"yoast_head":"<!-- This site is optimized with the Yoast SEO Premium plugin v23.6 (Yoast SEO v23.6) - https:\/\/yoast.com\/wordpress\/plugins\/seo\/ -->\n<title>Supermarkety - Powerdot<\/title>\n<meta name=\"description\" content=\"Poniewa\u017c coraz wi\u0119ksza liczba klient\u00f3w przesiada si\u0119 do samochod\u00f3w elektrycznych, oferowanie wygodnej i niezawodnej stacji \u0142adowania mo\u017ce by\u0107 konkurencyjnym wyr\u00f3\u017cnikiem dla Twojego supermarketu. W tym miejscu do gry wkracza Powerdot.\" \/>\n<meta name=\"robots\" content=\"noindex, follow\" \/>\n<meta property=\"og:locale\" content=\"pl_PL\" \/>\n<meta property=\"og:type\" content=\"article\" \/>\n<meta property=\"og:title\" content=\"Supermarkety\" \/>\n<meta property=\"og:description\" content=\"Poniewa\u017c coraz wi\u0119ksza liczba klient\u00f3w przesiada si\u0119 do samochod\u00f3w elektrycznych, oferowanie wygodnej i niezawodnej stacji \u0142adowania mo\u017ce by\u0107 konkurencyjnym wyr\u00f3\u017cnikiem dla Twojego supermarketu. W tym miejscu do gry wkracza Powerdot.\" \/>\n<meta property=\"og:url\" content=\"https:\/\/powerdot.eu\/pl\/nasze-rozwiazania\/supermarkety\" \/>\n<meta property=\"og:site_name\" content=\"Powerdot\" \/>\n<meta property=\"article:modified_time\" content=\"2023-10-02T18:35:27+00:00\" \/>\n<meta name=\"twitter:card\" content=\"summary_large_image\" \/>\n<script type=\"application\/ld+json\" class=\"yoast-schema-graph\">{\"@context\":\"https:\/\/schema.org\",\"@graph\":[{\"@type\":\"WebPage\",\"@id\":\"https:\/\/powerdot.eu\/pl\/nasze-rozwiazania\/supermarkety\",\"url\":\"https:\/\/powerdot.eu\/pl\/nasze-rozwiazania\/supermarkety\",\"name\":\"Supermarkety - Powerdot\",\"isPartOf\":{\"@id\":\"https:\/\/www.powerdot.eu\/pl#website\"},\"datePublished\":\"2023-10-02T18:31:49+00:00\",\"dateModified\":\"2023-10-02T18:35:27+00:00\",\"description\":\"Poniewa\u017c coraz wi\u0119ksza liczba klient\u00f3w przesiada si\u0119 do samochod\u00f3w elektrycznych, oferowanie wygodnej i niezawodnej stacji \u0142adowania mo\u017ce by\u0107 konkurencyjnym wyr\u00f3\u017cnikiem dla Twojego supermarketu. W tym miejscu do gry wkracza Powerdot.\",\"breadcrumb\":{\"@id\":\"https:\/\/powerdot.eu\/pl\/nasze-rozwiazania\/supermarkety#breadcrumb\"},\"inLanguage\":\"pl-PL\",\"potentialAction\":[{\"@type\":\"ReadAction\",\"target\":[\"https:\/\/powerdot.eu\/pl\/nasze-rozwiazania\/supermarkety\"]}]},{\"@type\":\"BreadcrumbList\",\"@id\":\"https:\/\/powerdot.eu\/pl\/nasze-rozwiazania\/supermarkety#breadcrumb\",\"itemListElement\":[{\"@type\":\"ListItem\",\"position\":1,\"name\":\"In\u00edcio\",\"item\":\"https:\/\/powerdot.eu\/pl\"},{\"@type\":\"ListItem\",\"position\":2,\"name\":\"Nasze rozwi\u0105zania\",\"item\":\"https:\/\/powerdot.eu\/pl\/nasze-rozwiazania\"},{\"@type\":\"ListItem\",\"position\":3,\"name\":\"Supermarkety\"}]},{\"@type\":\"WebSite\",\"@id\":\"https:\/\/www.powerdot.eu\/pl#website\",\"url\":\"https:\/\/www.powerdot.eu\/pl\",\"name\":\"Powerdot\",\"description\":\"\",\"potentialAction\":[{\"@type\":\"SearchAction\",\"target\":{\"@type\":\"EntryPoint\",\"urlTemplate\":\"https:\/\/www.powerdot.eu\/pl?s={search_term_string}\"},\"query-input\":{\"@type\":\"PropertyValueSpecification\",\"valueRequired\":true,\"valueName\":\"search_term_string\"}}],\"inLanguage\":\"pl-PL\"}]}<\/script>\n<!-- \/ Yoast SEO Premium plugin. -->","yoast_head_json":{"title":"Supermarkety - Powerdot","description":"Poniewa\u017c coraz wi\u0119ksza liczba klient\u00f3w przesiada si\u0119 do samochod\u00f3w elektrycznych, oferowanie wygodnej i niezawodnej stacji \u0142adowania mo\u017ce by\u0107 konkurencyjnym wyr\u00f3\u017cnikiem dla Twojego supermarketu. W tym miejscu do gry wkracza Powerdot.","robots":{"index":"noindex","follow":"follow"},"og_locale":"pl_PL","og_type":"article","og_title":"Supermarkety","og_description":"Poniewa\u017c coraz wi\u0119ksza liczba klient\u00f3w przesiada si\u0119 do samochod\u00f3w elektrycznych, oferowanie wygodnej i niezawodnej stacji \u0142adowania mo\u017ce by\u0107 konkurencyjnym wyr\u00f3\u017cnikiem dla Twojego supermarketu. W tym miejscu do gry wkracza Powerdot.","og_url":"https:\/\/powerdot.eu\/pl\/nasze-rozwiazania\/supermarkety","og_site_name":"Powerdot","article_modified_time":"2023-10-02T18:35:27+00:00","twitter_card":"summary_large_image","schema":{"@context":"https:\/\/schema.org","@graph":[{"@type":"WebPage","@id":"https:\/\/powerdot.eu\/pl\/nasze-rozwiazania\/supermarkety","url":"https:\/\/powerdot.eu\/pl\/nasze-rozwiazania\/supermarkety","name":"Supermarkety - Powerdot","isPartOf":{"@id":"https:\/\/www.powerdot.eu\/pl#website"},"datePublished":"2023-10-02T18:31:49+00:00","dateModified":"2023-10-02T18:35:27+00:00","description":"Poniewa\u017c coraz wi\u0119ksza liczba klient\u00f3w przesiada si\u0119 do samochod\u00f3w elektrycznych, oferowanie wygodnej i niezawodnej stacji \u0142adowania mo\u017ce by\u0107 konkurencyjnym wyr\u00f3\u017cnikiem dla Twojego supermarketu. W tym miejscu do gry wkracza Powerdot.","breadcrumb":{"@id":"https:\/\/powerdot.eu\/pl\/nasze-rozwiazania\/supermarkety#breadcrumb"},"inLanguage":"pl-PL","potentialAction":[{"@type":"ReadAction","target":["https:\/\/powerdot.eu\/pl\/nasze-rozwiazania\/supermarkety"]}]},{"@type":"BreadcrumbList","@id":"https:\/\/powerdot.eu\/pl\/nasze-rozwiazania\/supermarkety#breadcrumb","itemListElement":[{"@type":"ListItem","position":1,"name":"In\u00edcio","item":"https:\/\/powerdot.eu\/pl"},{"@type":"ListItem","position":2,"name":"Nasze rozwi\u0105zania","item":"https:\/\/powerdot.eu\/pl\/nasze-rozwiazania"},{"@type":"ListItem","position":3,"name":"Supermarkety"}]},{"@type":"WebSite","@id":"https:\/\/www.powerdot.eu\/pl#website","url":"https:\/\/www.powerdot.eu\/pl","name":"Powerdot","description":"","potentialAction":[{"@type":"SearchAction","target":{"@type":"EntryPoint","urlTemplate":"https:\/\/www.powerdot.eu\/pl?s={search_term_string}"},"query-input":{"@type":"PropertyValueSpecification","valueRequired":true,"valueName":"search_term_string"}}],"inLanguage":"pl-PL"}]}},"_links":{"self":[{"href":"https:\/\/powerdot.eu\/pl\/wp-json\/wp\/v2\/pages\/4946"}],"collection":[{"href":"https:\/\/powerdot.eu\/pl\/wp-json\/wp\/v2\/pages"}],"about":[{"href":"https:\/\/powerdot.eu\/pl\/wp-json\/wp\/v2\/types\/page"}],"author":[{"embeddable":true,"href":"https:\/\/powerdot.eu\/pl\/wp-json\/wp\/v2\/users\/6"}],"replies":[{"embeddable":true,"href":"https:\/\/powerdot.eu\/pl\/wp-json\/wp\/v2\/comments?post=4946"}],"version-history":[{"count":4,"href":"https:\/\/powerdot.eu\/pl\/wp-json\/wp\/v2\/pages\/4946\/revisions"}],"predecessor-version":[{"id":4962,"href":"https:\/\/powerdot.eu\/pl\/wp-json\/wp\/v2\/pages\/4946\/revisions\/4962"}],"up":[{"embeddable":true,"href":"https:\/\/powerdot.eu\/pl\/wp-json\/wp\/v2\/pages\/4940"}],"wp:attachment":[{"href":"https:\/\/powerdot.eu\/pl\/wp-json\/wp\/v2\/media?parent=4946"}],"curies":[{"name":"wp","href":"https:\/\/api.w.org\/{rel}","templated":true}]}}