{"id":4937,"date":"2023-10-02T18:37:10","date_gmt":"2023-10-02T18:37:10","guid":{"rendered":"https:\/\/powerdot.eu\/?page_id=4937"},"modified":"2023-10-02T18:37:10","modified_gmt":"2023-10-02T18:37:10","slug":"restauracje","status":"publish","type":"page","link":"https:\/\/powerdot.eu\/pl\/nasze-rozwiazania\/restauracje","title":{"rendered":"Restauracje"},"content":{"rendered":"","protected":false},"excerpt":{"rendered":"","protected":false},"author":6,"featured_media":0,"parent":4940,"menu_order":0,"comment_status":"closed","ping_status":"closed","template":"page-solutions.php","meta":{"inline_featured_image":false,"footnotes":""},"class_list":["post-4937","page","type-page","status-publish","hentry"],"acf":[],"yoast_head":"<!-- This site is optimized with the Yoast SEO Premium plugin v23.6 (Yoast SEO v23.6) - https:\/\/yoast.com\/wordpress\/plugins\/seo\/ -->\n<title>Restauracje - Powerdot<\/title>\n<meta name=\"description\" content=\"Zainstalowanie stacji \u0142adowania mo\u017ce zwi\u0119kszy\u0107 atrakcyjno\u015b\u0107 Twojej restauracji w\u015br\u00f3d klient\u00f3w dbaj\u0105cych o \u015brodowisko, poprawi\u0107 ich wra\u017cenia i wyr\u00f3\u017cni\u0107 Ci\u0119 na tle konkurencji. Powerdot mo\u017ce Ci w tym pom\u00f3c.\" \/>\n<meta name=\"robots\" content=\"noindex, follow\" \/>\n<meta property=\"og:locale\" content=\"pl_PL\" \/>\n<meta property=\"og:type\" content=\"article\" \/>\n<meta property=\"og:title\" content=\"Restauracje\" \/>\n<meta property=\"og:description\" content=\"Zainstalowanie stacji \u0142adowania mo\u017ce zwi\u0119kszy\u0107 atrakcyjno\u015b\u0107 Twojej restauracji w\u015br\u00f3d klient\u00f3w dbaj\u0105cych o \u015brodowisko, poprawi\u0107 ich wra\u017cenia i wyr\u00f3\u017cni\u0107 Ci\u0119 na tle konkurencji. Powerdot mo\u017ce Ci w tym pom\u00f3c.\" \/>\n<meta property=\"og:url\" content=\"https:\/\/powerdot.eu\/pl\/nasze-rozwiazania\/restauracje\" \/>\n<meta property=\"og:site_name\" content=\"Powerdot\" \/>\n<meta name=\"twitter:card\" content=\"summary_large_image\" \/>\n<script type=\"application\/ld+json\" class=\"yoast-schema-graph\">{\"@context\":\"https:\/\/schema.org\",\"@graph\":[{\"@type\":\"WebPage\",\"@id\":\"https:\/\/powerdot.eu\/pl\/nasze-rozwiazania\/restauracje\",\"url\":\"https:\/\/powerdot.eu\/pl\/nasze-rozwiazania\/restauracje\",\"name\":\"Restauracje - Powerdot\",\"isPartOf\":{\"@id\":\"https:\/\/powerdot.eu\/pl#website\"},\"datePublished\":\"2023-10-02T18:37:10+00:00\",\"dateModified\":\"2023-10-02T18:37:10+00:00\",\"description\":\"Zainstalowanie stacji \u0142adowania mo\u017ce zwi\u0119kszy\u0107 atrakcyjno\u015b\u0107 Twojej restauracji w\u015br\u00f3d klient\u00f3w dbaj\u0105cych o \u015brodowisko, poprawi\u0107 ich wra\u017cenia i wyr\u00f3\u017cni\u0107 Ci\u0119 na tle konkurencji. Powerdot mo\u017ce Ci w tym pom\u00f3c.\",\"breadcrumb\":{\"@id\":\"https:\/\/powerdot.eu\/pl\/nasze-rozwiazania\/restauracje#breadcrumb\"},\"inLanguage\":\"pl-PL\",\"potentialAction\":[{\"@type\":\"ReadAction\",\"target\":[\"https:\/\/powerdot.eu\/pl\/nasze-rozwiazania\/restauracje\"]}]},{\"@type\":\"BreadcrumbList\",\"@id\":\"https:\/\/powerdot.eu\/pl\/nasze-rozwiazania\/restauracje#breadcrumb\",\"itemListElement\":[{\"@type\":\"ListItem\",\"position\":1,\"name\":\"In\u00edcio\",\"item\":\"https:\/\/www.powerdot.eu\/pl\"},{\"@type\":\"ListItem\",\"position\":2,\"name\":\"Nasze rozwi\u0105zania\",\"item\":\"https:\/\/powerdot.eu\/pl\/nasze-rozwiazania\"},{\"@type\":\"ListItem\",\"position\":3,\"name\":\"Restauracje\"}]},{\"@type\":\"WebSite\",\"@id\":\"https:\/\/powerdot.eu\/pl#website\",\"url\":\"https:\/\/powerdot.eu\/pl\",\"name\":\"Powerdot\",\"description\":\"\",\"potentialAction\":[{\"@type\":\"SearchAction\",\"target\":{\"@type\":\"EntryPoint\",\"urlTemplate\":\"https:\/\/powerdot.eu\/pl?s={search_term_string}\"},\"query-input\":{\"@type\":\"PropertyValueSpecification\",\"valueRequired\":true,\"valueName\":\"search_term_string\"}}],\"inLanguage\":\"pl-PL\"}]}<\/script>\n<!-- \/ Yoast SEO Premium plugin. -->","yoast_head_json":{"title":"Restauracje - Powerdot","description":"Zainstalowanie stacji \u0142adowania mo\u017ce zwi\u0119kszy\u0107 atrakcyjno\u015b\u0107 Twojej restauracji w\u015br\u00f3d klient\u00f3w dbaj\u0105cych o \u015brodowisko, poprawi\u0107 ich wra\u017cenia i wyr\u00f3\u017cni\u0107 Ci\u0119 na tle konkurencji. Powerdot mo\u017ce Ci w tym pom\u00f3c.","robots":{"index":"noindex","follow":"follow"},"og_locale":"pl_PL","og_type":"article","og_title":"Restauracje","og_description":"Zainstalowanie stacji \u0142adowania mo\u017ce zwi\u0119kszy\u0107 atrakcyjno\u015b\u0107 Twojej restauracji w\u015br\u00f3d klient\u00f3w dbaj\u0105cych o \u015brodowisko, poprawi\u0107 ich wra\u017cenia i wyr\u00f3\u017cni\u0107 Ci\u0119 na tle konkurencji. Powerdot mo\u017ce Ci w tym pom\u00f3c.","og_url":"https:\/\/powerdot.eu\/pl\/nasze-rozwiazania\/restauracje","og_site_name":"Powerdot","twitter_card":"summary_large_image","schema":{"@context":"https:\/\/schema.org","@graph":[{"@type":"WebPage","@id":"https:\/\/powerdot.eu\/pl\/nasze-rozwiazania\/restauracje","url":"https:\/\/powerdot.eu\/pl\/nasze-rozwiazania\/restauracje","name":"Restauracje - Powerdot","isPartOf":{"@id":"https:\/\/powerdot.eu\/pl#website"},"datePublished":"2023-10-02T18:37:10+00:00","dateModified":"2023-10-02T18:37:10+00:00","description":"Zainstalowanie stacji \u0142adowania mo\u017ce zwi\u0119kszy\u0107 atrakcyjno\u015b\u0107 Twojej restauracji w\u015br\u00f3d klient\u00f3w dbaj\u0105cych o \u015brodowisko, poprawi\u0107 ich wra\u017cenia i wyr\u00f3\u017cni\u0107 Ci\u0119 na tle konkurencji. Powerdot mo\u017ce Ci w tym pom\u00f3c.","breadcrumb":{"@id":"https:\/\/powerdot.eu\/pl\/nasze-rozwiazania\/restauracje#breadcrumb"},"inLanguage":"pl-PL","potentialAction":[{"@type":"ReadAction","target":["https:\/\/powerdot.eu\/pl\/nasze-rozwiazania\/restauracje"]}]},{"@type":"BreadcrumbList","@id":"https:\/\/powerdot.eu\/pl\/nasze-rozwiazania\/restauracje#breadcrumb","itemListElement":[{"@type":"ListItem","position":1,"name":"In\u00edcio","item":"https:\/\/www.powerdot.eu\/pl"},{"@type":"ListItem","position":2,"name":"Nasze rozwi\u0105zania","item":"https:\/\/powerdot.eu\/pl\/nasze-rozwiazania"},{"@type":"ListItem","position":3,"name":"Restauracje"}]},{"@type":"WebSite","@id":"https:\/\/powerdot.eu\/pl#website","url":"https:\/\/powerdot.eu\/pl","name":"Powerdot","description":"","potentialAction":[{"@type":"SearchAction","target":{"@type":"EntryPoint","urlTemplate":"https:\/\/powerdot.eu\/pl?s={search_term_string}"},"query-input":{"@type":"PropertyValueSpecification","valueRequired":true,"valueName":"search_term_string"}}],"inLanguage":"pl-PL"}]}},"_links":{"self":[{"href":"https:\/\/powerdot.eu\/pl\/wp-json\/wp\/v2\/pages\/4937"}],"collection":[{"href":"https:\/\/powerdot.eu\/pl\/wp-json\/wp\/v2\/pages"}],"about":[{"href":"https:\/\/powerdot.eu\/pl\/wp-json\/wp\/v2\/types\/page"}],"author":[{"embeddable":true,"href":"https:\/\/powerdot.eu\/pl\/wp-json\/wp\/v2\/users\/6"}],"replies":[{"embeddable":true,"href":"https:\/\/powerdot.eu\/pl\/wp-json\/wp\/v2\/comments?post=4937"}],"version-history":[{"count":3,"href":"https:\/\/powerdot.eu\/pl\/wp-json\/wp\/v2\/pages\/4937\/revisions"}],"predecessor-version":[{"id":4965,"href":"https:\/\/powerdot.eu\/pl\/wp-json\/wp\/v2\/pages\/4937\/revisions\/4965"}],"up":[{"embeddable":true,"href":"https:\/\/powerdot.eu\/pl\/wp-json\/wp\/v2\/pages\/4940"}],"wp:attachment":[{"href":"https:\/\/powerdot.eu\/pl\/wp-json\/wp\/v2\/media?parent=4937"}],"curies":[{"name":"wp","href":"https:\/\/api.w.org\/{rel}","templated":true}]}}