{"id":4934,"date":"2023-10-02T18:36:40","date_gmt":"2023-10-02T18:36:40","guid":{"rendered":"https:\/\/powerdot.eu\/?page_id=4934"},"modified":"2023-10-02T18:43:02","modified_gmt":"2023-10-02T18:43:02","slug":"sklepy-specjalistyczne","status":"publish","type":"page","link":"https:\/\/52.16.203.169\/pl\/nasze-rozwiazania\/sklepy-specjalistyczne","title":{"rendered":"Sklepy specjalistyczne"},"content":{"rendered":"","protected":false},"excerpt":{"rendered":"","protected":false},"author":6,"featured_media":0,"parent":4940,"menu_order":0,"comment_status":"closed","ping_status":"closed","template":"page-solutions.php","meta":{"inline_featured_image":false,"footnotes":""},"class_list":["post-4934","page","type-page","status-publish","hentry"],"acf":[],"yoast_head":"<!-- This site is optimized with the Yoast SEO Premium plugin v23.6 (Yoast SEO v23.6) - https:\/\/yoast.com\/wordpress\/plugins\/seo\/ -->\n<title>Sklepy specjalistyczne - Powerdot<\/title>\n<meta name=\"description\" content=\"Posiadanie stacji \u0142adowania pojazd\u00f3w elektrycznych mo\u017ce zach\u0119ci\u0107 do d\u0142u\u017cszych zakup\u00f3w i zwi\u0119kszy\u0107 ruch w sklepie. Powerdot mo\u017ce w tym pom\u00f3c.\" \/>\n<meta name=\"robots\" content=\"noindex, follow\" \/>\n<meta property=\"og:locale\" content=\"pl_PL\" \/>\n<meta property=\"og:type\" content=\"article\" \/>\n<meta property=\"og:title\" content=\"Sklepy specjalistyczne\" \/>\n<meta property=\"og:description\" content=\"Posiadanie stacji \u0142adowania pojazd\u00f3w elektrycznych mo\u017ce zach\u0119ci\u0107 do d\u0142u\u017cszych zakup\u00f3w i zwi\u0119kszy\u0107 ruch w sklepie. Powerdot mo\u017ce w tym pom\u00f3c.\" \/>\n<meta property=\"og:url\" content=\"https:\/\/52.16.203.169\/pl\/nasze-rozwiazania\/sklepy-specjalistyczne\" \/>\n<meta property=\"og:site_name\" content=\"Powerdot\" \/>\n<meta property=\"article:modified_time\" content=\"2023-10-02T18:43:02+00:00\" \/>\n<meta name=\"twitter:card\" content=\"summary_large_image\" \/>\n<script type=\"application\/ld+json\" class=\"yoast-schema-graph\">{\"@context\":\"https:\/\/schema.org\",\"@graph\":[{\"@type\":\"WebPage\",\"@id\":\"https:\/\/52.16.203.169\/pl\/nasze-rozwiazania\/sklepy-specjalistyczne\",\"url\":\"https:\/\/52.16.203.169\/pl\/nasze-rozwiazania\/sklepy-specjalistyczne\",\"name\":\"Sklepy specjalistyczne - Powerdot\",\"isPartOf\":{\"@id\":\"https:\/\/www.powerdot.eu\/#website\"},\"datePublished\":\"2023-10-02T18:36:40+00:00\",\"dateModified\":\"2023-10-02T18:43:02+00:00\",\"description\":\"Posiadanie stacji \u0142adowania pojazd\u00f3w elektrycznych mo\u017ce zach\u0119ci\u0107 do d\u0142u\u017cszych zakup\u00f3w i zwi\u0119kszy\u0107 ruch w sklepie. Powerdot mo\u017ce w tym pom\u00f3c.\",\"breadcrumb\":{\"@id\":\"https:\/\/52.16.203.169\/pl\/nasze-rozwiazania\/sklepy-specjalistyczne#breadcrumb\"},\"inLanguage\":\"pl-PL\",\"potentialAction\":[{\"@type\":\"ReadAction\",\"target\":[\"https:\/\/52.16.203.169\/pl\/nasze-rozwiazania\/sklepy-specjalistyczne\"]}]},{\"@type\":\"BreadcrumbList\",\"@id\":\"https:\/\/52.16.203.169\/pl\/nasze-rozwiazania\/sklepy-specjalistyczne#breadcrumb\",\"itemListElement\":[{\"@type\":\"ListItem\",\"position\":1,\"name\":\"In\u00edcio\",\"item\":\"https:\/\/powerdot.eu\/pl\"},{\"@type\":\"ListItem\",\"position\":2,\"name\":\"Nasze rozwi\u0105zania\",\"item\":\"https:\/\/powerdot.eu\/pl\/nasze-rozwiazania\"},{\"@type\":\"ListItem\",\"position\":3,\"name\":\"Sklepy specjalistyczne\"}]},{\"@type\":\"WebSite\",\"@id\":\"https:\/\/www.powerdot.eu\/#website\",\"url\":\"https:\/\/www.powerdot.eu\/\",\"name\":\"Powerdot\",\"description\":\"\",\"potentialAction\":[{\"@type\":\"SearchAction\",\"target\":{\"@type\":\"EntryPoint\",\"urlTemplate\":\"https:\/\/www.powerdot.eu\/?s={search_term_string}\"},\"query-input\":{\"@type\":\"PropertyValueSpecification\",\"valueRequired\":true,\"valueName\":\"search_term_string\"}}],\"inLanguage\":\"pl-PL\"}]}<\/script>\n<!-- \/ Yoast SEO Premium plugin. -->","yoast_head_json":{"title":"Sklepy specjalistyczne - Powerdot","description":"Posiadanie stacji \u0142adowania pojazd\u00f3w elektrycznych mo\u017ce zach\u0119ci\u0107 do d\u0142u\u017cszych zakup\u00f3w i zwi\u0119kszy\u0107 ruch w sklepie. Powerdot mo\u017ce w tym pom\u00f3c.","robots":{"index":"noindex","follow":"follow"},"og_locale":"pl_PL","og_type":"article","og_title":"Sklepy specjalistyczne","og_description":"Posiadanie stacji \u0142adowania pojazd\u00f3w elektrycznych mo\u017ce zach\u0119ci\u0107 do d\u0142u\u017cszych zakup\u00f3w i zwi\u0119kszy\u0107 ruch w sklepie. Powerdot mo\u017ce w tym pom\u00f3c.","og_url":"https:\/\/52.16.203.169\/pl\/nasze-rozwiazania\/sklepy-specjalistyczne","og_site_name":"Powerdot","article_modified_time":"2023-10-02T18:43:02+00:00","twitter_card":"summary_large_image","schema":{"@context":"https:\/\/schema.org","@graph":[{"@type":"WebPage","@id":"https:\/\/52.16.203.169\/pl\/nasze-rozwiazania\/sklepy-specjalistyczne","url":"https:\/\/52.16.203.169\/pl\/nasze-rozwiazania\/sklepy-specjalistyczne","name":"Sklepy specjalistyczne - Powerdot","isPartOf":{"@id":"https:\/\/www.powerdot.eu\/#website"},"datePublished":"2023-10-02T18:36:40+00:00","dateModified":"2023-10-02T18:43:02+00:00","description":"Posiadanie stacji \u0142adowania pojazd\u00f3w elektrycznych mo\u017ce zach\u0119ci\u0107 do d\u0142u\u017cszych zakup\u00f3w i zwi\u0119kszy\u0107 ruch w sklepie. Powerdot mo\u017ce w tym pom\u00f3c.","breadcrumb":{"@id":"https:\/\/52.16.203.169\/pl\/nasze-rozwiazania\/sklepy-specjalistyczne#breadcrumb"},"inLanguage":"pl-PL","potentialAction":[{"@type":"ReadAction","target":["https:\/\/52.16.203.169\/pl\/nasze-rozwiazania\/sklepy-specjalistyczne"]}]},{"@type":"BreadcrumbList","@id":"https:\/\/52.16.203.169\/pl\/nasze-rozwiazania\/sklepy-specjalistyczne#breadcrumb","itemListElement":[{"@type":"ListItem","position":1,"name":"In\u00edcio","item":"https:\/\/powerdot.eu\/pl"},{"@type":"ListItem","position":2,"name":"Nasze rozwi\u0105zania","item":"https:\/\/powerdot.eu\/pl\/nasze-rozwiazania"},{"@type":"ListItem","position":3,"name":"Sklepy specjalistyczne"}]},{"@type":"WebSite","@id":"https:\/\/www.powerdot.eu\/#website","url":"https:\/\/www.powerdot.eu\/","name":"Powerdot","description":"","potentialAction":[{"@type":"SearchAction","target":{"@type":"EntryPoint","urlTemplate":"https:\/\/www.powerdot.eu\/?s={search_term_string}"},"query-input":{"@type":"PropertyValueSpecification","valueRequired":true,"valueName":"search_term_string"}}],"inLanguage":"pl-PL"}]}},"_links":{"self":[{"href":"https:\/\/52.16.203.169\/pl\/wp-json\/wp\/v2\/pages\/4934"}],"collection":[{"href":"https:\/\/52.16.203.169\/pl\/wp-json\/wp\/v2\/pages"}],"about":[{"href":"https:\/\/52.16.203.169\/pl\/wp-json\/wp\/v2\/types\/page"}],"author":[{"embeddable":true,"href":"https:\/\/52.16.203.169\/pl\/wp-json\/wp\/v2\/users\/6"}],"replies":[{"embeddable":true,"href":"https:\/\/52.16.203.169\/pl\/wp-json\/wp\/v2\/comments?post=4934"}],"version-history":[{"count":3,"href":"https:\/\/52.16.203.169\/pl\/wp-json\/wp\/v2\/pages\/4934\/revisions"}],"predecessor-version":[{"id":4964,"href":"https:\/\/52.16.203.169\/pl\/wp-json\/wp\/v2\/pages\/4934\/revisions\/4964"}],"up":[{"embeddable":true,"href":"https:\/\/52.16.203.169\/pl\/wp-json\/wp\/v2\/pages\/4940"}],"wp:attachment":[{"href":"https:\/\/52.16.203.169\/pl\/wp-json\/wp\/v2\/media?parent=4934"}],"curies":[{"name":"wp","href":"https:\/\/api.w.org\/{rel}","templated":true}]}}