{"id":4859,"date":"2023-10-02T18:33:10","date_gmt":"2023-10-02T18:33:10","guid":{"rendered":"https:\/\/powerdot.eu\/?page_id=4859"},"modified":"2023-10-02T18:42:43","modified_gmt":"2023-10-02T18:42:43","slug":"centra-handlowe","status":"publish","type":"page","link":"https:\/\/52.16.203.169\/pl\/nasze-rozwiazania\/centra-handlowe","title":{"rendered":"Centra handlowe"},"content":{"rendered":"","protected":false},"excerpt":{"rendered":"","protected":false},"author":6,"featured_media":0,"parent":4940,"menu_order":0,"comment_status":"closed","ping_status":"closed","template":"page-solutions.php","meta":{"inline_featured_image":false,"footnotes":""},"class_list":["post-4859","page","type-page","status-publish","hentry"],"acf":[],"yoast_head":"<!-- This site is optimized with the Yoast SEO Premium plugin v23.6 (Yoast SEO v23.6) - https:\/\/yoast.com\/wordpress\/plugins\/seo\/ -->\n<title>Centra handlowe - Powerdot<\/title>\n<meta name=\"description\" content=\"Zapewniaj\u0105c infrastruktur\u0119 do \u0142adowania pojazd\u00f3w elektrycznych, centra handlowe mog\u0105 wykorzysta\u0107 rosn\u0105cy rynek w\u0142a\u015bcicieli tych pojazd\u00f3w, przyci\u0105gn\u0105\u0107 wi\u0119ksz\u0105 liczb\u0119 odwiedzaj\u0105cych i poprawi\u0107 do\u015bwiadczenia klient\u00f3w. Odkryj, jak Powerdot mo\u017ce wzmocni\u0107 Twoj\u0105 pozycj\u0119 na rynku.\" \/>\n<meta name=\"robots\" content=\"noindex, follow\" \/>\n<meta property=\"og:locale\" content=\"pl_PL\" \/>\n<meta property=\"og:type\" content=\"article\" \/>\n<meta property=\"og:title\" content=\"Centra handlowe\" \/>\n<meta property=\"og:description\" content=\"Zapewniaj\u0105c infrastruktur\u0119 do \u0142adowania pojazd\u00f3w elektrycznych, centra handlowe mog\u0105 wykorzysta\u0107 rosn\u0105cy rynek w\u0142a\u015bcicieli tych pojazd\u00f3w, przyci\u0105gn\u0105\u0107 wi\u0119ksz\u0105 liczb\u0119 odwiedzaj\u0105cych i poprawi\u0107 do\u015bwiadczenia klient\u00f3w. Odkryj, jak Powerdot mo\u017ce wzmocni\u0107 Twoj\u0105 pozycj\u0119 na rynku.\" \/>\n<meta property=\"og:url\" content=\"https:\/\/52.16.203.169\/pl\/nasze-rozwiazania\/centra-handlowe\" \/>\n<meta property=\"og:site_name\" content=\"Powerdot\" \/>\n<meta property=\"article:modified_time\" content=\"2023-10-02T18:42:43+00:00\" \/>\n<meta name=\"twitter:card\" content=\"summary_large_image\" \/>\n<script type=\"application\/ld+json\" class=\"yoast-schema-graph\">{\"@context\":\"https:\/\/schema.org\",\"@graph\":[{\"@type\":\"WebPage\",\"@id\":\"https:\/\/52.16.203.169\/pl\/nasze-rozwiazania\/centra-handlowe\",\"url\":\"https:\/\/52.16.203.169\/pl\/nasze-rozwiazania\/centra-handlowe\",\"name\":\"Centra handlowe - Powerdot\",\"isPartOf\":{\"@id\":\"https:\/\/www.powerdot.eu\/en#website\"},\"datePublished\":\"2023-10-02T18:33:10+00:00\",\"dateModified\":\"2023-10-02T18:42:43+00:00\",\"description\":\"Zapewniaj\u0105c infrastruktur\u0119 do \u0142adowania pojazd\u00f3w elektrycznych, centra handlowe mog\u0105 wykorzysta\u0107 rosn\u0105cy rynek w\u0142a\u015bcicieli tych pojazd\u00f3w, przyci\u0105gn\u0105\u0107 wi\u0119ksz\u0105 liczb\u0119 odwiedzaj\u0105cych i poprawi\u0107 do\u015bwiadczenia klient\u00f3w. Odkryj, jak Powerdot mo\u017ce wzmocni\u0107 Twoj\u0105 pozycj\u0119 na rynku.\",\"breadcrumb\":{\"@id\":\"https:\/\/52.16.203.169\/pl\/nasze-rozwiazania\/centra-handlowe#breadcrumb\"},\"inLanguage\":\"pl-PL\",\"potentialAction\":[{\"@type\":\"ReadAction\",\"target\":[\"https:\/\/52.16.203.169\/pl\/nasze-rozwiazania\/centra-handlowe\"]}]},{\"@type\":\"BreadcrumbList\",\"@id\":\"https:\/\/52.16.203.169\/pl\/nasze-rozwiazania\/centra-handlowe#breadcrumb\",\"itemListElement\":[{\"@type\":\"ListItem\",\"position\":1,\"name\":\"In\u00edcio\",\"item\":\"https:\/\/www.powerdot.eu\/pl\"},{\"@type\":\"ListItem\",\"position\":2,\"name\":\"Nasze rozwi\u0105zania\",\"item\":\"https:\/\/powerdot.eu\/pl\/nasze-rozwiazania\"},{\"@type\":\"ListItem\",\"position\":3,\"name\":\"Centra handlowe\"}]},{\"@type\":\"WebSite\",\"@id\":\"https:\/\/www.powerdot.eu\/en#website\",\"url\":\"https:\/\/www.powerdot.eu\/en\",\"name\":\"Powerdot\",\"description\":\"\",\"potentialAction\":[{\"@type\":\"SearchAction\",\"target\":{\"@type\":\"EntryPoint\",\"urlTemplate\":\"https:\/\/www.powerdot.eu\/en?s={search_term_string}\"},\"query-input\":{\"@type\":\"PropertyValueSpecification\",\"valueRequired\":true,\"valueName\":\"search_term_string\"}}],\"inLanguage\":\"pl-PL\"}]}<\/script>\n<!-- \/ Yoast SEO Premium plugin. -->","yoast_head_json":{"title":"Centra handlowe - Powerdot","description":"Zapewniaj\u0105c infrastruktur\u0119 do \u0142adowania pojazd\u00f3w elektrycznych, centra handlowe mog\u0105 wykorzysta\u0107 rosn\u0105cy rynek w\u0142a\u015bcicieli tych pojazd\u00f3w, przyci\u0105gn\u0105\u0107 wi\u0119ksz\u0105 liczb\u0119 odwiedzaj\u0105cych i poprawi\u0107 do\u015bwiadczenia klient\u00f3w. Odkryj, jak Powerdot mo\u017ce wzmocni\u0107 Twoj\u0105 pozycj\u0119 na rynku.","robots":{"index":"noindex","follow":"follow"},"og_locale":"pl_PL","og_type":"article","og_title":"Centra handlowe","og_description":"Zapewniaj\u0105c infrastruktur\u0119 do \u0142adowania pojazd\u00f3w elektrycznych, centra handlowe mog\u0105 wykorzysta\u0107 rosn\u0105cy rynek w\u0142a\u015bcicieli tych pojazd\u00f3w, przyci\u0105gn\u0105\u0107 wi\u0119ksz\u0105 liczb\u0119 odwiedzaj\u0105cych i poprawi\u0107 do\u015bwiadczenia klient\u00f3w. Odkryj, jak Powerdot mo\u017ce wzmocni\u0107 Twoj\u0105 pozycj\u0119 na rynku.","og_url":"https:\/\/52.16.203.169\/pl\/nasze-rozwiazania\/centra-handlowe","og_site_name":"Powerdot","article_modified_time":"2023-10-02T18:42:43+00:00","twitter_card":"summary_large_image","schema":{"@context":"https:\/\/schema.org","@graph":[{"@type":"WebPage","@id":"https:\/\/52.16.203.169\/pl\/nasze-rozwiazania\/centra-handlowe","url":"https:\/\/52.16.203.169\/pl\/nasze-rozwiazania\/centra-handlowe","name":"Centra handlowe - Powerdot","isPartOf":{"@id":"https:\/\/www.powerdot.eu\/en#website"},"datePublished":"2023-10-02T18:33:10+00:00","dateModified":"2023-10-02T18:42:43+00:00","description":"Zapewniaj\u0105c infrastruktur\u0119 do \u0142adowania pojazd\u00f3w elektrycznych, centra handlowe mog\u0105 wykorzysta\u0107 rosn\u0105cy rynek w\u0142a\u015bcicieli tych pojazd\u00f3w, przyci\u0105gn\u0105\u0107 wi\u0119ksz\u0105 liczb\u0119 odwiedzaj\u0105cych i poprawi\u0107 do\u015bwiadczenia klient\u00f3w. Odkryj, jak Powerdot mo\u017ce wzmocni\u0107 Twoj\u0105 pozycj\u0119 na rynku.","breadcrumb":{"@id":"https:\/\/52.16.203.169\/pl\/nasze-rozwiazania\/centra-handlowe#breadcrumb"},"inLanguage":"pl-PL","potentialAction":[{"@type":"ReadAction","target":["https:\/\/52.16.203.169\/pl\/nasze-rozwiazania\/centra-handlowe"]}]},{"@type":"BreadcrumbList","@id":"https:\/\/52.16.203.169\/pl\/nasze-rozwiazania\/centra-handlowe#breadcrumb","itemListElement":[{"@type":"ListItem","position":1,"name":"In\u00edcio","item":"https:\/\/www.powerdot.eu\/pl"},{"@type":"ListItem","position":2,"name":"Nasze rozwi\u0105zania","item":"https:\/\/powerdot.eu\/pl\/nasze-rozwiazania"},{"@type":"ListItem","position":3,"name":"Centra handlowe"}]},{"@type":"WebSite","@id":"https:\/\/www.powerdot.eu\/en#website","url":"https:\/\/www.powerdot.eu\/en","name":"Powerdot","description":"","potentialAction":[{"@type":"SearchAction","target":{"@type":"EntryPoint","urlTemplate":"https:\/\/www.powerdot.eu\/en?s={search_term_string}"},"query-input":{"@type":"PropertyValueSpecification","valueRequired":true,"valueName":"search_term_string"}}],"inLanguage":"pl-PL"}]}},"_links":{"self":[{"href":"https:\/\/52.16.203.169\/pl\/wp-json\/wp\/v2\/pages\/4859"}],"collection":[{"href":"https:\/\/52.16.203.169\/pl\/wp-json\/wp\/v2\/pages"}],"about":[{"href":"https:\/\/52.16.203.169\/pl\/wp-json\/wp\/v2\/types\/page"}],"author":[{"embeddable":true,"href":"https:\/\/52.16.203.169\/pl\/wp-json\/wp\/v2\/users\/6"}],"replies":[{"embeddable":true,"href":"https:\/\/52.16.203.169\/pl\/wp-json\/wp\/v2\/comments?post=4859"}],"version-history":[{"count":5,"href":"https:\/\/52.16.203.169\/pl\/wp-json\/wp\/v2\/pages\/4859\/revisions"}],"predecessor-version":[{"id":4963,"href":"https:\/\/52.16.203.169\/pl\/wp-json\/wp\/v2\/pages\/4859\/revisions\/4963"}],"up":[{"embeddable":true,"href":"https:\/\/52.16.203.169\/pl\/wp-json\/wp\/v2\/pages\/4940"}],"wp:attachment":[{"href":"https:\/\/52.16.203.169\/pl\/wp-json\/wp\/v2\/media?parent=4859"}],"curies":[{"name":"wp","href":"https:\/\/api.w.org\/{rel}","templated":true}]}}