{"id":9681,"date":"2024-11-13T13:17:27","date_gmt":"2024-11-13T13:17:27","guid":{"rendered":"https:\/\/www.powerdot.eu\/?page_id=9681"},"modified":"2024-11-26T14:51:27","modified_gmt":"2024-11-26T14:51:27","slug":"politique-en-matiere-de-cookies","status":"publish","type":"page","link":"https:\/\/powerdot.eu:443\/fr\/politique-en-matiere-de-cookies","title":{"rendered":"Politique en mati\u00e8re de cookies"},"content":{"rendered":"<p><b>Derni\u00e8re mise \u00e0 jour<\/b><span style=\"font-weight: 400;\"> : 28 octobre 2024<\/span><\/p>\n<p><span style=\"font-weight: 400;\">Cette politique de cookies explique comment Powerdot utilise les informations collect\u00e9es \u00e0 partir des cookies et autres technologies de suivi sur son site web,<\/span><a href=\"https:\/\/powerdot.eu\/\"> <span style=\"font-weight: 400;\">https:\/\/powerdot.eu\/<\/span><\/a><span style=\"font-weight: 400;\"> et son application de paiement adhoc<\/span><a href=\"https:\/\/adhoc.pwrdt.com\/\"> <span style=\"font-weight: 400;\">https:\/\/adhoc.pwrdt.com\/<\/span><\/a><span style=\"font-weight: 400;\"> (ci-apr\u00e8s le \u00ab\u00a0site\u00a0\u00bb).<\/span><\/p>\n<p><span style=\"font-weight: 400;\">Ce site utilise des cookies pour assurer son bon fonctionnement et fournir une exp\u00e9rience de navigation optimale. Les cookies permettent \u00e9galement d\u2019am\u00e9liorer continuellement nos services. Vos pr\u00e9f\u00e9rences sont enregistr\u00e9es et peuvent \u00eatre modifi\u00e9es \u00e0 tout moment.<\/span><\/p>\n<p><span style=\"font-weight: 400;\">Pour toute question, contactez-nous \u00e0 l\u2019adresse : <\/span><a href=\"mailto:support@powerdot.eu\"><span style=\"font-weight: 400;\">support@powerdot.eu<\/span><\/a><span style=\"font-weight: 400;\">\u00a0\u00a0\u00a0<\/span><\/p>\n<p>&nbsp;<\/p>\n<h2><b>Qu&rsquo;est-ce qu&rsquo;un cookie ? Existe-t-il diff\u00e9rents types de cookies ?<\/b><\/h2>\n<p><span style=\"font-weight: 400;\">Les cookies sont de petits fichiers d&rsquo;information plac\u00e9s par les sites web et stock\u00e9s dans le navigateur de l&rsquo;appareil que vous utilisez pour acc\u00e9der \u00e0 Internet (par exemple, votre ordinateur ou votre t\u00e9l\u00e9phone portable). Les cookies sont utilis\u00e9s pour identifier les utilisateurs, personnaliser la page en fonction de leur profil, ce qui en facilite l&rsquo;utilisation, ou faciliter le transfert de donn\u00e9es entre les pages d&rsquo;un m\u00eame site.<\/span><\/p>\n<p><span style=\"font-weight: 400;\">Les cookies font l&rsquo;objet de plusieurs classifications bas\u00e9es sur diff\u00e9rents crit\u00e8res, comme suit :\u00a0<\/span><\/p>\n<p>&nbsp;<\/p>\n<p><span style=\"font-weight: 400;\">En fonction de leur finalit\u00e9<\/span><span style=\"font-weight: 400;\">, les cookies peuvent \u00eatre :<\/span><\/p>\n<ul>\n<li style=\"font-weight: 400;\" aria-level=\"1\"><span style=\"font-weight: 400;\">Cookies strictement n\u00e9cessaires <\/span><span style=\"font-weight: 400;\">&#8211; ceux qui sont n\u00e9cessaires pour assurer le fonctionnement du site web et\/ou pour garantir la disponibilit\u00e9 des fonctionnalit\u00e9s demand\u00e9es par l&rsquo;utilisateur, ou encore pour enregistrer ses pr\u00e9f\u00e9rences en mati\u00e8re de navigation sur le site web chaque fois qu&rsquo;il utilise le m\u00eame appareil et en fait la demande.\u00a0<\/span><\/li>\n<li style=\"font-weight: 400;\" aria-level=\"1\"><span style=\"font-weight: 400;\">Cookies de personnalisation <\/span><span style=\"font-weight: 400;\">&#8211; ils sont de nature auxiliaire et ne sont pas n\u00e9cessaires au fonctionnement du site web, mais peuvent en am\u00e9liorer les performances. Ils sont utilis\u00e9s pour am\u00e9liorer l&rsquo;exp\u00e9rience de l&rsquo;utilisateur.<\/span><\/li>\n<li style=\"font-weight: 400;\" aria-level=\"1\"><span style=\"font-weight: 400;\">Cookies analytiques <\/span><span style=\"font-weight: 400;\">&#8211; ils sont de nature auxiliaire et collectent des informations statistiques afin d&rsquo;aider les propri\u00e9taires de sites web \u00e0 analyser l&rsquo;utilisation de leurs sites web et \u00e0 mieux comprendre l&rsquo;implication de leurs visiteurs sur les sites web.\u00a0<\/span><\/li>\n<\/ul>\n<p>&nbsp;<\/p>\n<p><span style=\"font-weight: 400;\">En fonction de leur dur\u00e9e, les cookies <\/span><span style=\"font-weight: 400;\">peuvent \u00eatre class\u00e9s en diff\u00e9rentes cat\u00e9gories :<\/span><\/p>\n<ul>\n<li style=\"font-weight: 400;\" aria-level=\"1\"><span style=\"font-weight: 400;\">Cookies de session <\/span><span style=\"font-weight: 400;\">&#8211; ces cookies sont de nature temporaire, ce qui signifie qu&rsquo;ils sont supprim\u00e9s d\u00e8s que le navigateur est ferm\u00e9 ou tr\u00e8s peu de temps apr\u00e8s. Ces cookies permettent, par exemple, d&rsquo;analyser les sch\u00e9mas de recherche sur Internet, ce qui permet \u00e0 Powerdot d&rsquo;identifier les probl\u00e8mes, de garantir la s\u00e9curit\u00e9 et d&rsquo;offrir une meilleure exp\u00e9rience de navigation.<\/span><\/li>\n<li style=\"font-weight: 400;\" aria-level=\"1\"><span style=\"font-weight: 400;\">Cookies persistants <\/span><span style=\"font-weight: 400;\">&#8211; ces cookies ne sont pas supprim\u00e9s apr\u00e8s la fermeture de la session du navigateur, mais restent stock\u00e9s sur votre appareil. Ils sont utilis\u00e9s \u00e0 chaque fois que vous visitez le site, ce qui nous permet, par exemple, de personnaliser votre exp\u00e9rience et de vous garantir un service plus individualis\u00e9, en tenant compte de vos pr\u00e9f\u00e9rences.<\/span><\/li>\n<\/ul>\n<p>&nbsp;<\/p>\n<p><span style=\"font-weight: 400;\">Les cookies peuvent \u00e9galement \u00eatre distingu\u00e9s<\/span><span style=\"font-weight: 400;\">, en fonction de l&rsquo;entit\u00e9 qui les place, comme suit <\/span><span style=\"font-weight: 400;\">:<\/span><\/p>\n<ul>\n<li style=\"font-weight: 400;\" aria-level=\"1\"><span style=\"font-weight: 400;\">Cookies propres <\/span><span style=\"font-weight: 400;\">&#8211; ce sont des cookies plac\u00e9s par Powerdot, par le biais d&rsquo;\u00e9quipements ou de domaines.<\/span><\/li>\n<li style=\"font-weight: 400;\" aria-level=\"1\"><span style=\"font-weight: 400;\">Cookies de tiers <\/span><span style=\"font-weight: 400;\">&#8211; il s&rsquo;agit de cookies envoy\u00e9s \u00e0 votre appareil par des tiers, c&rsquo;est-\u00e0-dire des sites web autres que les propri\u00e9taires du site web que vous utilisez.<\/span><\/li>\n<\/ul>\n<p>&nbsp;<\/p>\n<h2><b>Dois-je accepter l&rsquo;utilisation de cookies ?\u00a0<\/b><\/h2>\n<p><span style=\"font-weight: 400;\">Les cookies strictement n\u00e9cessaires sont indispensables pour le fonctionnement du site et ne peuvent \u00eatre d\u00e9sactiv\u00e9s. Pour tous les autres cookies, un consentement est requis, conform\u00e9ment au RGPD (article 6).<\/span><\/p>\n<p><span style=\"font-weight: 400;\">Conform\u00e9ment \u00e0 la l\u00e9gislation en vigueur, le site ne peut utiliser les cookies qu\u2019avec le consentement pr\u00e9alable de l\u2019utilisateur, sauf si les cookies sont absolument n\u00e9cessaires au service demand\u00e9. Le consentement sera collect\u00e9 via un outil de gestion des cookies permettant d\u2019accepter, refuser ou personnaliser les cookies non essentiels de mani\u00e8re claire et simple (article 7 du RGPD). Cet outil est accessible depuis la banni\u00e8re initiale de cookies et permet de modifier les pr\u00e9f\u00e9rences \u00e0 tout moment via le pied de page du site.<\/span><\/p>\n<p><span style=\"font-weight: 400;\">Pour plus d&rsquo;informations sur les dur\u00e9es de stockage et les donn\u00e9es personnelles collect\u00e9es, consultez notre <\/span><a href=\"https:\/\/docs.google.com\/document\/d\/1eFheQWCfWdRvAsnpCe6r9RSUnJF5S7pW\/edit\"><span style=\"font-weight: 400;\">Politique de confidentialit\u00e9<\/span><\/a><span style=\"font-weight: 400;\">.<\/span><\/p>\n<p>&nbsp;<\/p>\n<h2><b>Combien de temps les informations collect\u00e9es par les cookies sont-elles conserv\u00e9es ?<\/b><\/h2>\n<p><span style=\"font-weight: 400;\">Les donn\u00e9es personnelles collect\u00e9es sont conserv\u00e9es pour la dur\u00e9e minimale n\u00e9cessaire \u00e0 leur finalit\u00e9, conform\u00e9ment au principe de minimisation des donn\u00e9es du RGPD (article 5(1)(c)). Les dur\u00e9es de stockage sont pr\u00e9cis\u00e9es dans notre <\/span><a href=\"https:\/\/docs.google.com\/document\/d\/1eFheQWCfWdRvAsnpCe6r9RSUnJF5S7pW\/edit\"><span style=\"font-weight: 400;\">Politique de confidentialit\u00e9<\/span><\/a><span style=\"font-weight: 400;\">.\u00a0<\/span><\/p>\n<p>&nbsp;<\/p>\n<h2><b>Puis-je g\u00e9rer mes options de cookies ?<\/b><\/h2>\n<p><span style=\"font-weight: 400;\">Oui. A tout moment sur le site, vous pouvez g\u00e9rer vos pr\u00e9f\u00e9rences en mati\u00e8re de cookies en utilisant l&rsquo;outil disponible sur le site.\u00a0<\/span><\/p>\n<p><span style=\"font-weight: 400;\">Veuillez noter que la d\u00e9sactivation des cookies par le biais des param\u00e8tres de votre navigateur peut avoir un impact sur le fonctionnement du site.<\/span><\/p>\n<p>&nbsp;<\/p>\n<h2><b>Modifications de la politique en mati\u00e8re de cookies<\/b><\/h2>\n<p><span style=\"font-weight: 400;\">Powerdot peut, \u00e0 tout moment et sans pr\u00e9avis, modifier, compl\u00e9ter ou r\u00e9voquer la pr\u00e9sente politique, en tout ou en partie. En tout \u00e9tat de cause, l&rsquo;utilisateur peut toujours choisir de ne pas consentir \u00e0 l&rsquo;utilisation de cookies, \u00e0 condition qu&rsquo;il ne s&rsquo;agisse pas de cookies strictement n\u00e9cessaires.\u00a0<\/span><\/p>\n<p>&nbsp;<\/p>\n","protected":false},"excerpt":{"rendered":"<p>Derni\u00e8re mise \u00e0 jour : 28 octobre 2024 Cette politique de cookies explique comment Powerdot utilise les informations collect\u00e9es \u00e0 partir des cookies et autres technologies de suivi sur son site web, https:\/\/powerdot.eu\/ et son application de paiement adhoc https:\/\/adhoc.pwrdt.com\/ (ci-apr\u00e8s le \u00ab\u00a0site\u00a0\u00bb). Ce site utilise des cookies pour assurer son bon fonctionnement et fournir [&hellip;]<\/p>\n","protected":false},"author":6,"featured_media":0,"parent":0,"menu_order":0,"comment_status":"closed","ping_status":"closed","template":"page-templates\/page-sidebar-none.php","meta":{"inline_featured_image":false,"footnotes":""},"class_list":["post-9681","page","type-page","status-publish","hentry"],"acf":[],"yoast_head":"<!-- This site is optimized with the Yoast SEO Premium plugin v23.6 (Yoast SEO v23.6) - https:\/\/yoast.com\/wordpress\/plugins\/seo\/ -->\n<title>Politique en mati\u00e8re de cookies - Powerdot<\/title>\n<meta name=\"robots\" content=\"index, follow, max-snippet:-1, max-image-preview:large, max-video-preview:-1\" \/>\n<link rel=\"canonical\" href=\"https:\/\/powerdot.eu:443\/fr\/politique-en-matiere-de-cookies\" \/>\n<meta property=\"og:locale\" content=\"fr_FR\" \/>\n<meta property=\"og:type\" content=\"article\" \/>\n<meta property=\"og:title\" content=\"Politique en mati\u00e8re de cookies\" \/>\n<meta property=\"og:description\" content=\"Derni\u00e8re mise \u00e0 jour : 28 octobre 2024 Cette politique de cookies explique comment Powerdot utilise les informations collect\u00e9es \u00e0 partir des cookies et autres technologies de suivi sur son site web, https:\/\/powerdot.eu\/ et son application de paiement adhoc https:\/\/adhoc.pwrdt.com\/ (ci-apr\u00e8s le \u00ab\u00a0site\u00a0\u00bb). Ce site utilise des cookies pour assurer son bon fonctionnement et fournir [&hellip;]\" \/>\n<meta property=\"og:url\" content=\"https:\/\/powerdot.eu:443\/fr\/politique-en-matiere-de-cookies\" \/>\n<meta property=\"og:site_name\" content=\"Powerdot\" \/>\n<meta property=\"article:modified_time\" content=\"2024-11-26T14:51:27+00:00\" \/>\n<meta name=\"twitter:card\" content=\"summary_large_image\" \/>\n<meta name=\"twitter:label1\" content=\"Dur\u00e9e de lecture estim\u00e9e\" \/>\n\t<meta name=\"twitter:data1\" content=\"5 minutes\" \/>\n<script type=\"application\/ld+json\" class=\"yoast-schema-graph\">{\"@context\":\"https:\/\/schema.org\",\"@graph\":[{\"@type\":\"WebPage\",\"@id\":\"https:\/\/powerdot.eu:443\/fr\/politique-en-matiere-de-cookies\",\"url\":\"https:\/\/powerdot.eu:443\/fr\/politique-en-matiere-de-cookies\",\"name\":\"Politique en mati\u00e8re de cookies - Powerdot\",\"isPartOf\":{\"@id\":\"https:\/\/powerdot.eu\/en#website\"},\"datePublished\":\"2024-11-13T13:17:27+00:00\",\"dateModified\":\"2024-11-26T14:51:27+00:00\",\"breadcrumb\":{\"@id\":\"https:\/\/powerdot.eu:443\/fr\/politique-en-matiere-de-cookies#breadcrumb\"},\"inLanguage\":\"fr-FR\",\"potentialAction\":[{\"@type\":\"ReadAction\",\"target\":[\"https:\/\/powerdot.eu:443\/fr\/politique-en-matiere-de-cookies\"]}]},{\"@type\":\"BreadcrumbList\",\"@id\":\"https:\/\/powerdot.eu:443\/fr\/politique-en-matiere-de-cookies#breadcrumb\",\"itemListElement\":[{\"@type\":\"ListItem\",\"position\":1,\"name\":\"In\u00edcio\",\"item\":\"https:\/\/www.powerdot.eu\/fr\"},{\"@type\":\"ListItem\",\"position\":2,\"name\":\"Politique en mati\u00e8re de cookies\"}]},{\"@type\":\"WebSite\",\"@id\":\"https:\/\/powerdot.eu\/en#website\",\"url\":\"https:\/\/powerdot.eu\/en\",\"name\":\"Powerdot\",\"description\":\"\",\"potentialAction\":[{\"@type\":\"SearchAction\",\"target\":{\"@type\":\"EntryPoint\",\"urlTemplate\":\"https:\/\/powerdot.eu\/en?s={search_term_string}\"},\"query-input\":{\"@type\":\"PropertyValueSpecification\",\"valueRequired\":true,\"valueName\":\"search_term_string\"}}],\"inLanguage\":\"fr-FR\"}]}<\/script>\n<!-- \/ Yoast SEO Premium plugin. -->","yoast_head_json":{"title":"Politique en mati\u00e8re de cookies - Powerdot","robots":{"index":"index","follow":"follow","max-snippet":"max-snippet:-1","max-image-preview":"max-image-preview:large","max-video-preview":"max-video-preview:-1"},"canonical":"https:\/\/powerdot.eu:443\/fr\/politique-en-matiere-de-cookies","og_locale":"fr_FR","og_type":"article","og_title":"Politique en mati\u00e8re de cookies","og_description":"Derni\u00e8re mise \u00e0 jour : 28 octobre 2024 Cette politique de cookies explique comment Powerdot utilise les informations collect\u00e9es \u00e0 partir des cookies et autres technologies de suivi sur son site web, https:\/\/powerdot.eu\/ et son application de paiement adhoc https:\/\/adhoc.pwrdt.com\/ (ci-apr\u00e8s le \u00ab\u00a0site\u00a0\u00bb). Ce site utilise des cookies pour assurer son bon fonctionnement et fournir [&hellip;]","og_url":"https:\/\/powerdot.eu:443\/fr\/politique-en-matiere-de-cookies","og_site_name":"Powerdot","article_modified_time":"2024-11-26T14:51:27+00:00","twitter_card":"summary_large_image","twitter_misc":{"Dur\u00e9e de lecture estim\u00e9e":"5 minutes"},"schema":{"@context":"https:\/\/schema.org","@graph":[{"@type":"WebPage","@id":"https:\/\/powerdot.eu:443\/fr\/politique-en-matiere-de-cookies","url":"https:\/\/powerdot.eu:443\/fr\/politique-en-matiere-de-cookies","name":"Politique en mati\u00e8re de cookies - Powerdot","isPartOf":{"@id":"https:\/\/powerdot.eu\/en#website"},"datePublished":"2024-11-13T13:17:27+00:00","dateModified":"2024-11-26T14:51:27+00:00","breadcrumb":{"@id":"https:\/\/powerdot.eu:443\/fr\/politique-en-matiere-de-cookies#breadcrumb"},"inLanguage":"fr-FR","potentialAction":[{"@type":"ReadAction","target":["https:\/\/powerdot.eu:443\/fr\/politique-en-matiere-de-cookies"]}]},{"@type":"BreadcrumbList","@id":"https:\/\/powerdot.eu:443\/fr\/politique-en-matiere-de-cookies#breadcrumb","itemListElement":[{"@type":"ListItem","position":1,"name":"In\u00edcio","item":"https:\/\/www.powerdot.eu\/fr"},{"@type":"ListItem","position":2,"name":"Politique en mati\u00e8re de cookies"}]},{"@type":"WebSite","@id":"https:\/\/powerdot.eu\/en#website","url":"https:\/\/powerdot.eu\/en","name":"Powerdot","description":"","potentialAction":[{"@type":"SearchAction","target":{"@type":"EntryPoint","urlTemplate":"https:\/\/powerdot.eu\/en?s={search_term_string}"},"query-input":{"@type":"PropertyValueSpecification","valueRequired":true,"valueName":"search_term_string"}}],"inLanguage":"fr-FR"}]}},"_links":{"self":[{"href":"https:\/\/powerdot.eu:443\/fr\/wp-json\/wp\/v2\/pages\/9681"}],"collection":[{"href":"https:\/\/powerdot.eu:443\/fr\/wp-json\/wp\/v2\/pages"}],"about":[{"href":"https:\/\/powerdot.eu:443\/fr\/wp-json\/wp\/v2\/types\/page"}],"author":[{"embeddable":true,"href":"https:\/\/powerdot.eu:443\/fr\/wp-json\/wp\/v2\/users\/6"}],"replies":[{"embeddable":true,"href":"https:\/\/powerdot.eu:443\/fr\/wp-json\/wp\/v2\/comments?post=9681"}],"version-history":[{"count":2,"href":"https:\/\/powerdot.eu:443\/fr\/wp-json\/wp\/v2\/pages\/9681\/revisions"}],"predecessor-version":[{"id":10018,"href":"https:\/\/powerdot.eu:443\/fr\/wp-json\/wp\/v2\/pages\/9681\/revisions\/10018"}],"wp:attachment":[{"href":"https:\/\/powerdot.eu:443\/fr\/wp-json\/wp\/v2\/media?parent=9681"}],"curies":[{"name":"wp","href":"https:\/\/api.w.org\/{rel}","templated":true}]}}