{"id":810,"date":"2023-01-31T13:46:48","date_gmt":"2023-01-31T13:46:48","guid":{"rendered":"https:\/\/powerdot.eu\/?page_id=810"},"modified":"2023-02-06T15:49:51","modified_gmt":"2023-02-06T15:49:51","slug":"equiper-votre-parking-en-bornes-de-recharge-electrique","status":"publish","type":"page","link":"https:\/\/www.powerdot.eu\/fr\/equiper-votre-parking-en-bornes-de-recharge-electrique","title":{"rendered":"3 conseils pour bien \u00e9quiper votre parking en bornes de recharge \u00e9lectrique"},"content":{"rendered":"<p>&nbsp;<\/p>\n<p>&nbsp;<\/p>\n<p>&nbsp;<\/p>\n<table width=\"100%\" cellpadding=\"10\">\n<tbody>\n<tr>\n<td colspan=\"2\">\n<h2>3 conseils pour bien \u00e9quiper votre parking en bornes de recharge rapides pour v\u00e9hicules \u00e9lectriques<\/h2>\n<p>A l\u2019horizon 2025, 5% des places des parkings non r\u00e9sidentiels devront \u00eatre \u00e9quip\u00e9s de bornes de recharge pour voitures \u00e9lectriques. Retrouvez dans cet article tous nos conseils pour prendre les bonnes d\u00e9cisions lors de l\u2019installation de vos bornes de recharge !<\/td>\n<\/tr>\n<tr>\n<td align=\"center\" valign=\"middle\" width=\"50%\"><img decoding=\"async\" src=\"https:\/\/powerdot.fr\/wp-content\/uploads\/sites\/9\/2022\/11\/Logo-loi-mobilite-300x197.png\" sizes=\"(max-width: 300px) 100vw, 300px\" srcset=\"https:\/\/powerdot.fr\/wp-content\/uploads\/sites\/9\/2022\/11\/Logo-loi-mobilite-300x197.png 300w, https:\/\/powerdot.fr\/wp-content\/uploads\/sites\/9\/2022\/11\/Logo-loi-mobilite.png 400w\" alt=\"\" width=\"80%\" \/><\/td>\n<td><strong>Rappel du contexte d\u2019application de la Loi d\u2019Orientation des Mobilit\u00e9s (LOM) :<\/strong><\/p>\n<p>Les exigences d&rsquo;\u00e9quipement obligatoire concernent les parkings existants non r\u00e9sidentiels de plus de 20 places.<\/p>\n<p>A partir du 1er janvier 2025, les parkings des b\u00e2timents existants du tertiaire (y compris, commerciaux) devront \u00e9quiper 5% de leurs places avec des bornes de recharge pour v\u00e9hicules \u00e9lectriques.<\/p>\n<p>Retrouvez les principales informations dans notre tableau r\u00e9capitulatif complet<\/td>\n<\/tr>\n<tr>\n<td>\n<h2><span style=\"color: #00c0f3;\">Batiment existant<\/span><\/h2>\n<ul>\n<li><span style=\"color: #00c0f3;\">Taux \u00e9quipement : 5% des places de parking \u00e9quipe<\/span><\/li>\n<li><span style=\"color: #00c0f3;\">Au moins une place dimensionn\u00e9e PMR<\/span><\/li>\n<li><span style=\"color: #00c0f3;\">Exclusion des PME et si les co\u00fbts des travaux en amont du TGBT (inclus) exc\u00e8dent co\u00fbts des travaux en aval<\/span><\/li>\n<li><span style=\"color: #00c0f3;\">Entr\u00e9e en vigueur le 1er janvier 2025<\/span><\/li>\n<li><span style=\"color: #00c0f3;\">Pas de sanction d\u00e9finies \u00e0 date<\/span><\/li>\n<\/ul>\n<\/td>\n<td>\n<h2><span style=\"color: #00c0f3;\">Batiment neuf ou en r\u00e9nivation<\/span><\/h2>\n<ul>\n<li><span style=\"color: #00c0f3;\">20% des places de parking pr\u00e9 \u00e9quip\u00e9es et \u00e9quipement complet d\u2019au moins une place<\/span><\/li>\n<li><span style=\"color: #00c0f3;\">2% dimensionn\u00e9s PMR, avec au minimum une place<\/span><\/li>\n<li><span style=\"color: #00c0f3;\">Exclusion des PME et si les co\u00fbts des installations de recharge et de raccordement exc\u00e8dent 7% du co\u00fbt total de la r\u00e9novation<\/span><\/li>\n<li><span style=\"color: #00c0f3;\">Entr\u00e9e en vigueur d\u00e8s \u00e0 pr\u00e9sent<\/span><\/li>\n<li><span style=\"color: #00c0f3;\">Sanction : refus d&rsquo;autorisation d&rsquo;urbanisme<\/span><\/li>\n<\/ul>\n<\/td>\n<\/tr>\n<tr bgcolor=\"#ffffff\">\n<td colspan=\"2\" align=\"center\"><\/td>\n<\/tr>\n<tr bgcolor=\"#00c0f3\">\n<td colspan=\"2\" align=\"center\"><span style=\"color: #ffffff;\">Besoin de vous mettre en conformit\u00e9 avec la loi LOM ?<\/span><br \/>\n<a role=\"button\" href=\"https:\/\/meetings.hubspot.com\/theo-montalbano\"><\/p>\n<p><\/a><a href=\"https:\/\/meetings.hubspot.com\/stanislas-morizot\"><img loading=\"lazy\" decoding=\"async\" class=\"alignnone wp-image-880 size-full\" src=\"https:\/\/powerdot.eu\/wp-content\/uploads\/2023\/01\/cta-1.png\" alt=\"\" width=\"200\" height=\"50\" \/><\/a><\/td>\n<\/tr>\n<tr>\n<td>\n<h2>#1 : Recharge rapide, ultra-rapide ou lente<\/h2>\n<p>En 2022, le r\u00e9seau de bornes de recharge pour v\u00e9hicules \u00e9lectriques s\u2019est fortement \u00e9toff\u00e9 mais reste centr\u00e9 sur la recharge lente et acc\u00e9l\u00e9r\u00e9e qui repr\u00e9sente 94% des points de charge en France.<\/p>\n<p>Cela va dans le sens de la tr\u00e8s forte croissance du parc de v\u00e9hicules \u00e9lectriques. Aujourd&rsquo;hui, la France compte pr\u00e8s d&rsquo;1 million de v\u00e9hicules \u00e9lectriques (100% \u00e9lectrique et hybride rechargeable). Et la tendance ne va cesser de s\u2019intensifier : plus de 13,5 millions de v\u00e9hicules \u00e9lectriques sont estim\u00e9s en 2030 par la fili\u00e8re automobile.<\/p>\n<p>Installer des bornes de recharge sur son parking, bien qu\u2019exig\u00e9 par la loi, appara\u00eet donc aussi comme le moyen de r\u00e9pondre \u00e0 un nouveau besoin des utilisateurs et consommateurs de vos enseignes.<\/p>\n<p>Mais parmi les offres multiples, comment faire le bon choix pour \u00e9quiper votre parking ? Power Dot, leader fran\u00e7ais de l\u2019installation de bornes de recharge rapide sur les espaces commerciaux vous dit tout !<\/td>\n<td><img loading=\"lazy\" decoding=\"async\" src=\"https:\/\/powerdot.fr\/wp-content\/uploads\/sites\/9\/2022\/12\/photo-pour-page-3-conseils-..-768x361.png\" sizes=\"(max-width: 768px) 100vw, 768px\" srcset=\"https:\/\/powerdot.fr\/wp-content\/uploads\/sites\/9\/2022\/12\/photo-pour-page-3-conseils-..-768x361.png 768w, https:\/\/powerdot.fr\/wp-content\/uploads\/sites\/9\/2022\/12\/photo-pour-page-3-conseils-..-300x141.png 300w, https:\/\/powerdot.fr\/wp-content\/uploads\/sites\/9\/2022\/12\/photo-pour-page-3-conseils-..-1024x481.png 1024w, https:\/\/powerdot.fr\/wp-content\/uploads\/sites\/9\/2022\/12\/photo-pour-page-3-conseils-...png 1053w\" alt=\"\" width=\"768\" height=\"361\" \/><\/td>\n<\/tr>\n<tr>\n<td>D\u2019un c\u00f4t\u00e9, la recharge lente ne correspond pas aux usages de vos consommateurs en magasins : aucun d\u2019entre eux ne souhaite rester plus de 4h \u00e0 attendre que sa voiture se recharge pour gagner 100km d\u2019autonomie !De l\u2019autre c\u00f4t\u00e9, nous constatons que les utilisateurs pl\u00e9biscitent la recharge rapide face \u00e0 la recharge acc\u00e9l\u00e9r\u00e9e sur les espaces commerciaux. C\u2019est aussi le temps id\u00e9al pour leur permettre de visiter votre magasin et y faire leurs achats sereinement.<\/p>\n<p>C\u2019est pour satisfaire toujours plus les besoins des utilisateurs de bornes de recharge et de vos clients que Power Dot s\u2019est sp\u00e9cialis\u00e9 dans l\u2019installation de <b>bornes de recharges rapide<\/b>. Adapt\u00e9e au temps de passage de vos clients dans vos magasins, notre dispositif permet de leur apporter un service suppl\u00e9mentaire, de les fid\u00e9liser et d\u2019attirer de nouveaux clients sur vos parkings.. et donc dans vos magasins.<\/td>\n<td><img loading=\"lazy\" decoding=\"async\" src=\"https:\/\/powerdot.fr\/wp-content\/uploads\/sites\/9\/2022\/11\/templeuve-pour-page-seo.png\" sizes=\"(max-width: 787px) 100vw, 787px\" srcset=\"https:\/\/powerdot.fr\/wp-content\/uploads\/sites\/9\/2022\/11\/templeuve-pour-page-seo.png 787w, https:\/\/powerdot.fr\/wp-content\/uploads\/sites\/9\/2022\/11\/templeuve-pour-page-seo-300x193.png 300w, https:\/\/powerdot.fr\/wp-content\/uploads\/sites\/9\/2022\/11\/templeuve-pour-page-seo-768x493.png 768w\" alt=\"\" width=\"787\" height=\"505\" \/><\/td>\n<\/tr>\n<tr bgcolor=\"#00c0f3\">\n<td colspan=\"2\" align=\"center\"><span style=\"color: #ffffff;\">Besoin de vous mettre en conformit\u00e9 avec la loi LOM ?<\/span><\/p>\n<p><a href=\"https:\/\/meetings.hubspot.com\/stanislas-morizot\"><img loading=\"lazy\" decoding=\"async\" class=\"alignnone wp-image-880 size-full\" src=\"https:\/\/powerdot.eu\/wp-content\/uploads\/2023\/01\/cta-1.png\" alt=\"\" width=\"200\" height=\"50\" \/><\/a><\/td>\n<\/tr>\n<tr>\n<td colspan=\"2\">\n<h2>#2 : Comment rendre vos bornes de recharge rapide pour v\u00e9hicules \u00e9lectriques accessibles \u00e0 tous ?<\/h2>\n<p>Badges de constructeurs, badges d\u2019op\u00e9rateurs de mobilit\u00e9, applications mobiles, QR code, terminaux de paiement\u2026\u00a0 Autant de moyens pour utiliser et d\u00e9bloquer une borne de recharge. Mais autant de raisons de s\u2019y perdre et de rencontrer des probl\u00e8mes pour charger sa voiture.<\/p>\n<p>Aujourd\u2019hui, 68% des utilisateurs de v\u00e9hicules \u00e9lectriques poss\u00e8dent au moins 2 badges d\u2019op\u00e9rateur diff\u00e9rents, et le manque d\u2019op\u00e9rabilit\u00e9 des bornes appara\u00eet comme l\u2019un des principaux freins \u00e0 leur utilisation.<\/p>\n<p>Pour simplifier et fluidifier l\u2019exp\u00e9rience de vos clients, il est essentiel d\u2019installer des bornes qui puissent fonctionner avec tous les modes de gestion qui existent actuellement sur le march\u00e9. C\u2019est ce qu\u2019on appelle l\u2019interop\u00e9rabilit\u00e9 !<\/p>\n<p>Gr\u00e2ce \u00e0 nos accords d\u2019itin\u00e9rance, tous vos utilisateurs verront appara\u00eetre les bornes Power Dot sur leur application smartphone, quel que soit leur op\u00e9rateur de mobilit\u00e9, et pourront y acc\u00e9der quel que soit leur badge ou application de recharge. Quand bien m\u00eame ils n\u2019en ont pas, ils pourront payer par carte bleue via leur smartphone en 2 clics.<\/td>\n<\/tr>\n<tr bgcolor=\"#00c0f3\">\n<td colspan=\"2\" align=\"center\"><span style=\"color: #ffffff;\">Besoin de vous mettre en conformit\u00e9 avec la loi LOM ?<\/span><br \/>\n<a role=\"button\" href=\"https:\/\/meetings.hubspot.com\/theo-montalbano\"><\/p>\n<p><\/a><a href=\"https:\/\/meetings.hubspot.com\/stanislas-morizot\"><img loading=\"lazy\" decoding=\"async\" class=\"alignnone wp-image-880 size-full\" src=\"https:\/\/powerdot.eu\/wp-content\/uploads\/2023\/01\/cta-1.png\" alt=\"\" width=\"200\" height=\"50\" \/><\/a><\/td>\n<\/tr>\n<tr>\n<td colspan=\"2\">\n<h2>#3 : Quel co\u00fbt pour installer des bornes de recharge rapide sur votre parking ?<\/h2>\n<p>Contrairement \u00e0 la recharge lente, la recharge rapide exige d\u2019importants investissements.<\/p>\n<p>Il y a d\u2019abord les investissements li\u00e9s \u00e0 la fabrication et l\u2019installation de vos bornes. Il s\u2019agit de :<\/p>\n<ul>\n<li>La fabrication et la fourniture des bornes<\/li>\n<li>L\u2019installation des bornes (VRD, armoire, c\u00e2bles et fileries, signal\u00e9tiques\u2026)<\/li>\n<li>L\u2019augmentation de la puissance et le raccordement au PDL d\u00e9di\u00e9<\/li>\n<li>Le logiciel de supervision pour suivre en temps r\u00e9el les charges de vos clients<\/li>\n<\/ul>\n<p>Il y a ensuite tous les co\u00fbts d\u2019exploitation de vos bornes :<\/p>\n<ul>\n<li>L\u2019\u00e9lectricit\u00e9<\/li>\n<li>La maintenance<\/li>\n<li>Le support et la hotline utilisateurs<\/li>\n<li>Le community management sur les applications de recharge<\/li>\n<li>La r\u00e9cup\u00e9ration des donn\u00e9es de chargement<\/li>\n<li>La mon\u00e9tique (transaction mon\u00e9taire)<\/li>\n<li>Les assurances<\/li>\n<\/ul>\n<p>Power Dot prend en charge de tous les co\u00fbts d\u2019installation, de maintenance et d\u2019exploitation et vous offre un partage des revenus g\u00e9n\u00e9r\u00e9s par la recharge. C\u2019est une solution cl\u00e9-en-main, pour vous permettre de r\u00e9pondre aux exigences de la loi LOM, tout en tirant profit des revenus g\u00e9n\u00e9r\u00e9s par vos bornes. C\u2019est aussi une nouvelle proposition de valeur pour vos consommateurs.<\/p>\n<p>Vous avez maintenant les cl\u00e9s pour vous lancer dans l\u2019installation de bornes de recharge sur votre parking.<\/p>\n<p>Vous avez besoin d\u2019informations suppl\u00e9mentaires ?\u00a0Vous souhaitez d\u00e9marrer un projet ?<\/p>\n<p>Prenez rendez-vous avec l\u2019un de nos sp\u00e9cialistes.<\/td>\n<\/tr>\n<tr bgcolor=\"#00c0f3\">\n<td colspan=\"2\" align=\"center\"><span style=\"color: #ffffff;\">Besoin de vous mettre en conformit\u00e9 avec la loi LOM ?<\/span><br \/>\n<a role=\"button\" href=\"https:\/\/meetings.hubspot.com\/theo-montalbano\"><\/p>\n<p><\/a><a href=\"https:\/\/meetings.hubspot.com\/stanislas-morizot\"><img loading=\"lazy\" decoding=\"async\" class=\"alignnone wp-image-880 size-full\" src=\"https:\/\/powerdot.eu\/wp-content\/uploads\/2023\/01\/cta-1.png\" alt=\"\" width=\"200\" height=\"50\" \/><\/a><\/td>\n<\/tr>\n<tr bgcolor=\"#ffffff\">\n<td colspan=\"2\" align=\"center\"><\/td>\n<\/tr>\n<\/tbody>\n<\/table>\n","protected":false},"excerpt":{"rendered":"<p>&nbsp; &nbsp; &nbsp; 3 conseils pour bien \u00e9quiper votre parking en bornes de recharge rapides pour v\u00e9hicules \u00e9lectriques A l\u2019horizon 2025, 5% des places des parkings non r\u00e9sidentiels devront \u00eatre \u00e9quip\u00e9s de bornes de recharge pour voitures \u00e9lectriques. Retrouvez dans cet article tous nos conseils pour prendre les bonnes d\u00e9cisions lors de l\u2019installation de vos [&hellip;]<\/p>\n","protected":false},"author":3,"featured_media":0,"parent":0,"menu_order":0,"comment_status":"closed","ping_status":"closed","template":"page-templates\/page-blank-with-container.php","meta":{"inline_featured_image":false,"footnotes":""},"class_list":["post-810","page","type-page","status-publish","hentry"],"acf":[],"yoast_head":"<!-- This site is optimized with the Yoast SEO Premium plugin v23.6 (Yoast SEO v23.6) - https:\/\/yoast.com\/wordpress\/plugins\/seo\/ -->\n<title>3 conseils pour bien \u00e9quiper votre parking en bornes de recharge \u00e9lectrique - Powerdot<\/title>\n<meta name=\"description\" content=\"A l\u2019horizon 2025, 5% des places des parkings non r\u00e9sidentiels devront \u00eatre \u00e9quip\u00e9s de bornes de recharge pour voitures \u00e9lectriques. Retrouvez dans cet article tous nos conseils pour prendre les bonnes d\u00e9cisions lors de l\u2019installation de vos bornes de recharge !\" \/>\n<meta name=\"robots\" content=\"index, follow, max-snippet:-1, max-image-preview:large, max-video-preview:-1\" \/>\n<link rel=\"canonical\" href=\"https:\/\/www.powerdot.eu\/fr\/equiper-votre-parking-en-bornes-de-recharge-electrique\" \/>\n<meta property=\"og:locale\" content=\"fr_FR\" \/>\n<meta property=\"og:type\" content=\"article\" \/>\n<meta property=\"og:title\" content=\"3 conseils pour bien \u00e9quiper votre parking en bornes de recharge \u00e9lectrique\" \/>\n<meta property=\"og:description\" content=\"A l\u2019horizon 2025, 5% des places des parkings non r\u00e9sidentiels devront \u00eatre \u00e9quip\u00e9s de bornes de recharge pour voitures \u00e9lectriques. Retrouvez dans cet article tous nos conseils pour prendre les bonnes d\u00e9cisions lors de l\u2019installation de vos bornes de recharge !\" \/>\n<meta property=\"og:url\" content=\"https:\/\/www.powerdot.eu\/fr\/equiper-votre-parking-en-bornes-de-recharge-electrique\" \/>\n<meta property=\"og:site_name\" content=\"Powerdot\" \/>\n<meta property=\"article:modified_time\" content=\"2023-02-06T15:49:51+00:00\" \/>\n<meta property=\"og:image\" content=\"https:\/\/powerdot.fr\/wp-content\/uploads\/sites\/9\/2022\/11\/Logo-loi-mobilite-300x197.png\" \/>\n<meta name=\"twitter:card\" content=\"summary_large_image\" \/>\n<meta name=\"twitter:label1\" content=\"Dur\u00e9e de lecture estim\u00e9e\" \/>\n\t<meta name=\"twitter:data1\" content=\"7 minutes\" \/>\n<script type=\"application\/ld+json\" class=\"yoast-schema-graph\">{\"@context\":\"https:\/\/schema.org\",\"@graph\":[{\"@type\":\"WebPage\",\"@id\":\"https:\/\/www.powerdot.eu\/fr\/equiper-votre-parking-en-bornes-de-recharge-electrique\",\"url\":\"https:\/\/www.powerdot.eu\/fr\/equiper-votre-parking-en-bornes-de-recharge-electrique\",\"name\":\"3 conseils pour bien \u00e9quiper votre parking en bornes de recharge \u00e9lectrique - Powerdot\",\"isPartOf\":{\"@id\":\"https:\/\/powerdot.eu\/en#website\"},\"primaryImageOfPage\":{\"@id\":\"https:\/\/www.powerdot.eu\/fr\/equiper-votre-parking-en-bornes-de-recharge-electrique#primaryimage\"},\"image\":{\"@id\":\"https:\/\/www.powerdot.eu\/fr\/equiper-votre-parking-en-bornes-de-recharge-electrique#primaryimage\"},\"thumbnailUrl\":\"https:\/\/powerdot.fr\/wp-content\/uploads\/sites\/9\/2022\/11\/Logo-loi-mobilite-300x197.png\",\"datePublished\":\"2023-01-31T13:46:48+00:00\",\"dateModified\":\"2023-02-06T15:49:51+00:00\",\"description\":\"A l\u2019horizon 2025, 5% des places des parkings non r\u00e9sidentiels devront \u00eatre \u00e9quip\u00e9s de bornes de recharge pour voitures \u00e9lectriques. Retrouvez dans cet article tous nos conseils pour prendre les bonnes d\u00e9cisions lors de l\u2019installation de vos bornes de recharge !\",\"breadcrumb\":{\"@id\":\"https:\/\/www.powerdot.eu\/fr\/equiper-votre-parking-en-bornes-de-recharge-electrique#breadcrumb\"},\"inLanguage\":\"fr-FR\",\"potentialAction\":[{\"@type\":\"ReadAction\",\"target\":[\"https:\/\/www.powerdot.eu\/fr\/equiper-votre-parking-en-bornes-de-recharge-electrique\"]}]},{\"@type\":\"ImageObject\",\"inLanguage\":\"fr-FR\",\"@id\":\"https:\/\/www.powerdot.eu\/fr\/equiper-votre-parking-en-bornes-de-recharge-electrique#primaryimage\",\"url\":\"https:\/\/powerdot.fr\/wp-content\/uploads\/sites\/9\/2022\/11\/Logo-loi-mobilite-300x197.png\",\"contentUrl\":\"https:\/\/powerdot.fr\/wp-content\/uploads\/sites\/9\/2022\/11\/Logo-loi-mobilite-300x197.png\"},{\"@type\":\"BreadcrumbList\",\"@id\":\"https:\/\/www.powerdot.eu\/fr\/equiper-votre-parking-en-bornes-de-recharge-electrique#breadcrumb\",\"itemListElement\":[{\"@type\":\"ListItem\",\"position\":1,\"name\":\"In\u00edcio\",\"item\":\"https:\/\/www.powerdot.eu\/fr\"},{\"@type\":\"ListItem\",\"position\":2,\"name\":\"3 conseils pour bien \u00e9quiper votre parking en bornes de recharge \u00e9lectrique\"}]},{\"@type\":\"WebSite\",\"@id\":\"https:\/\/powerdot.eu\/en#website\",\"url\":\"https:\/\/powerdot.eu\/en\",\"name\":\"Powerdot\",\"description\":\"\",\"potentialAction\":[{\"@type\":\"SearchAction\",\"target\":{\"@type\":\"EntryPoint\",\"urlTemplate\":\"https:\/\/powerdot.eu\/en?s={search_term_string}\"},\"query-input\":{\"@type\":\"PropertyValueSpecification\",\"valueRequired\":true,\"valueName\":\"search_term_string\"}}],\"inLanguage\":\"fr-FR\"}]}<\/script>\n<!-- \/ Yoast SEO Premium plugin. -->","yoast_head_json":{"title":"3 conseils pour bien \u00e9quiper votre parking en bornes de recharge \u00e9lectrique - Powerdot","description":"A l\u2019horizon 2025, 5% des places des parkings non r\u00e9sidentiels devront \u00eatre \u00e9quip\u00e9s de bornes de recharge pour voitures \u00e9lectriques. Retrouvez dans cet article tous nos conseils pour prendre les bonnes d\u00e9cisions lors de l\u2019installation de vos bornes de recharge !","robots":{"index":"index","follow":"follow","max-snippet":"max-snippet:-1","max-image-preview":"max-image-preview:large","max-video-preview":"max-video-preview:-1"},"canonical":"https:\/\/www.powerdot.eu\/fr\/equiper-votre-parking-en-bornes-de-recharge-electrique","og_locale":"fr_FR","og_type":"article","og_title":"3 conseils pour bien \u00e9quiper votre parking en bornes de recharge \u00e9lectrique","og_description":"A l\u2019horizon 2025, 5% des places des parkings non r\u00e9sidentiels devront \u00eatre \u00e9quip\u00e9s de bornes de recharge pour voitures \u00e9lectriques. Retrouvez dans cet article tous nos conseils pour prendre les bonnes d\u00e9cisions lors de l\u2019installation de vos bornes de recharge !","og_url":"https:\/\/www.powerdot.eu\/fr\/equiper-votre-parking-en-bornes-de-recharge-electrique","og_site_name":"Powerdot","article_modified_time":"2023-02-06T15:49:51+00:00","og_image":[{"url":"https:\/\/powerdot.fr\/wp-content\/uploads\/sites\/9\/2022\/11\/Logo-loi-mobilite-300x197.png"}],"twitter_card":"summary_large_image","twitter_misc":{"Dur\u00e9e de lecture estim\u00e9e":"7 minutes"},"schema":{"@context":"https:\/\/schema.org","@graph":[{"@type":"WebPage","@id":"https:\/\/www.powerdot.eu\/fr\/equiper-votre-parking-en-bornes-de-recharge-electrique","url":"https:\/\/www.powerdot.eu\/fr\/equiper-votre-parking-en-bornes-de-recharge-electrique","name":"3 conseils pour bien \u00e9quiper votre parking en bornes de recharge \u00e9lectrique - Powerdot","isPartOf":{"@id":"https:\/\/powerdot.eu\/en#website"},"primaryImageOfPage":{"@id":"https:\/\/www.powerdot.eu\/fr\/equiper-votre-parking-en-bornes-de-recharge-electrique#primaryimage"},"image":{"@id":"https:\/\/www.powerdot.eu\/fr\/equiper-votre-parking-en-bornes-de-recharge-electrique#primaryimage"},"thumbnailUrl":"https:\/\/powerdot.fr\/wp-content\/uploads\/sites\/9\/2022\/11\/Logo-loi-mobilite-300x197.png","datePublished":"2023-01-31T13:46:48+00:00","dateModified":"2023-02-06T15:49:51+00:00","description":"A l\u2019horizon 2025, 5% des places des parkings non r\u00e9sidentiels devront \u00eatre \u00e9quip\u00e9s de bornes de recharge pour voitures \u00e9lectriques. Retrouvez dans cet article tous nos conseils pour prendre les bonnes d\u00e9cisions lors de l\u2019installation de vos bornes de recharge !","breadcrumb":{"@id":"https:\/\/www.powerdot.eu\/fr\/equiper-votre-parking-en-bornes-de-recharge-electrique#breadcrumb"},"inLanguage":"fr-FR","potentialAction":[{"@type":"ReadAction","target":["https:\/\/www.powerdot.eu\/fr\/equiper-votre-parking-en-bornes-de-recharge-electrique"]}]},{"@type":"ImageObject","inLanguage":"fr-FR","@id":"https:\/\/www.powerdot.eu\/fr\/equiper-votre-parking-en-bornes-de-recharge-electrique#primaryimage","url":"https:\/\/powerdot.fr\/wp-content\/uploads\/sites\/9\/2022\/11\/Logo-loi-mobilite-300x197.png","contentUrl":"https:\/\/powerdot.fr\/wp-content\/uploads\/sites\/9\/2022\/11\/Logo-loi-mobilite-300x197.png"},{"@type":"BreadcrumbList","@id":"https:\/\/www.powerdot.eu\/fr\/equiper-votre-parking-en-bornes-de-recharge-electrique#breadcrumb","itemListElement":[{"@type":"ListItem","position":1,"name":"In\u00edcio","item":"https:\/\/www.powerdot.eu\/fr"},{"@type":"ListItem","position":2,"name":"3 conseils pour bien \u00e9quiper votre parking en bornes de recharge \u00e9lectrique"}]},{"@type":"WebSite","@id":"https:\/\/powerdot.eu\/en#website","url":"https:\/\/powerdot.eu\/en","name":"Powerdot","description":"","potentialAction":[{"@type":"SearchAction","target":{"@type":"EntryPoint","urlTemplate":"https:\/\/powerdot.eu\/en?s={search_term_string}"},"query-input":{"@type":"PropertyValueSpecification","valueRequired":true,"valueName":"search_term_string"}}],"inLanguage":"fr-FR"}]}},"_links":{"self":[{"href":"https:\/\/www.powerdot.eu\/fr\/wp-json\/wp\/v2\/pages\/810"}],"collection":[{"href":"https:\/\/www.powerdot.eu\/fr\/wp-json\/wp\/v2\/pages"}],"about":[{"href":"https:\/\/www.powerdot.eu\/fr\/wp-json\/wp\/v2\/types\/page"}],"author":[{"embeddable":true,"href":"https:\/\/www.powerdot.eu\/fr\/wp-json\/wp\/v2\/users\/3"}],"replies":[{"embeddable":true,"href":"https:\/\/www.powerdot.eu\/fr\/wp-json\/wp\/v2\/comments?post=810"}],"version-history":[{"count":68,"href":"https:\/\/www.powerdot.eu\/fr\/wp-json\/wp\/v2\/pages\/810\/revisions"}],"predecessor-version":[{"id":1308,"href":"https:\/\/www.powerdot.eu\/fr\/wp-json\/wp\/v2\/pages\/810\/revisions\/1308"}],"wp:attachment":[{"href":"https:\/\/www.powerdot.eu\/fr\/wp-json\/wp\/v2\/media?parent=810"}],"curies":[{"name":"wp","href":"https:\/\/api.w.org\/{rel}","templated":true}]}}