{"id":7057,"date":"2024-04-04T13:48:19","date_gmt":"2024-04-04T13:48:19","guid":{"rendered":"https:\/\/powerdot.eu\/?page_id=7057"},"modified":"2024-12-13T10:38:24","modified_gmt":"2024-12-13T10:38:24","slug":"avis-important-mefiez-vous-des-tentatives-de-fraude","status":"publish","type":"page","link":"https:\/\/powerdot.eu\/fr\/avis-important-mefiez-vous-des-tentatives-de-fraude","title":{"rendered":"Avis important : M\u00e9fiez-vous des tentatives de fraude"},"content":{"rendered":"<p><strong>Veuillez noter que Powerdot ne propose aucune solution de co-investissement aux professionnels ou aux consommateurs. Si quelqu\u2019un vous sollicite pour investir dans des bornes de recharge ou d\u2019autres \u00e9quipements, agissez avec prudence et informez les autorit\u00e9s, car vous pourriez \u00eatre une victime potentielle d\u2019une arnaque.<\/strong><\/p>\n<p>___________<\/p>\n<p>&nbsp;<\/p>\n<p><strong>Chers clients et partenaires,<\/strong><\/p>\n<p>Nous avons pris connaissance d&rsquo;activit\u00e9s frauduleuses visant nos clients et partenaires par le biais de faux domaines et de sources pr\u00e9tendant \u00eatre associ\u00e9es \u00e0 Powerdot. Ces entit\u00e9s non autoris\u00e9es tentent de tromper les individus en les incitant \u00e0 fournir des informations sensibles ou \u00e0 mener des actions nuisibles.<\/p>\n<p>Veuillez noter que nos domaines officiels sont :<\/p>\n<ul>\n<li aria-level=\"1\">powerdot.eu<\/li>\n<li aria-level=\"1\">powerdot.pt<\/li>\n<li aria-level=\"1\">powerdot.fr<\/li>\n<li aria-level=\"1\">powerdot.es<\/li>\n<li aria-level=\"1\">powerdot.pl<\/li>\n<li aria-level=\"1\">powerdot.be<\/li>\n<li aria-level=\"1\">pwrdt.com<\/li>\n<\/ul>\n<p>Toute communication pr\u00e9tendant \u00eatre de Powerdot mais provenant de domaines autres que ceux mentionn\u00e9s ci-dessus doit \u00eatre consid\u00e9r\u00e9e comme suspecte et ignor\u00e9e. Nous ne menons pas d&rsquo;activit\u00e9s commerciales ni de communication via des canaux non officiels.<\/p>\n<p>Pour prot\u00e9ger vos informations personnelles et financi\u00e8res, nous vous invitons \u00e0 faire preuve de prudence et \u00e0 v\u00e9rifier la l\u00e9gitimit\u00e9 de toute communication cens\u00e9e provenir de Powerdot. Si vous recevez des e-mails, des messages ou des appels suspects, veuillez vous abstenir de cliquer sur les liens ou de fournir des informations personnelles.<\/p>\n<p>Pour toute pr\u00e9occupation ou demande de renseignements concernant l&rsquo;authenticit\u00e9 des communications provenant de Powerdot, veuillez contacter imm\u00e9diatement notre service client (<a href=\"mailto:geral@powerdot.eu\">geral@powerdot.eu<\/a>).<\/p>\n<p>Nous vous remercions de votre coop\u00e9ration pour nous aider \u00e0 lutter contre les activit\u00e9s frauduleuses et \u00e0 prot\u00e9ger l&rsquo;int\u00e9grit\u00e9 de notre marque.<\/p>\n<p>&nbsp;<\/p>\n<p>Cordialement,<\/p>\n<p><strong>L&rsquo;\u00e9quipe Powerdot<\/strong><\/p>\n","protected":false},"excerpt":{"rendered":"<p>Veuillez noter que Powerdot ne propose aucune solution de co-investissement aux professionnels ou aux consommateurs. Si quelqu\u2019un vous sollicite pour investir dans des bornes de recharge ou d\u2019autres \u00e9quipements, agissez avec prudence et informez les autorit\u00e9s, car vous pourriez \u00eatre une victime potentielle d\u2019une arnaque. ___________ &nbsp; Chers clients et partenaires, Nous avons pris connaissance [&hellip;]<\/p>\n","protected":false},"author":6,"featured_media":0,"parent":0,"menu_order":0,"comment_status":"closed","ping_status":"closed","template":"page-templates\/page-sidebar-none.php","meta":{"inline_featured_image":false,"footnotes":""},"class_list":["post-7057","page","type-page","status-publish","hentry"],"acf":[],"yoast_head":"<!-- This site is optimized with the Yoast SEO Premium plugin v23.6 (Yoast SEO v23.6) - https:\/\/yoast.com\/wordpress\/plugins\/seo\/ -->\n<title>Avis important : M\u00e9fiez-vous des tentatives de fraude - Powerdot<\/title>\n<meta name=\"robots\" content=\"index, follow, max-snippet:-1, max-image-preview:large, max-video-preview:-1\" \/>\n<link rel=\"canonical\" href=\"https:\/\/powerdot.eu\/fr\/avis-important-mefiez-vous-des-tentatives-de-fraude\" \/>\n<meta property=\"og:locale\" content=\"fr_FR\" \/>\n<meta property=\"og:type\" content=\"article\" \/>\n<meta property=\"og:title\" content=\"Avis important : M\u00e9fiez-vous des tentatives de fraude\" \/>\n<meta property=\"og:description\" content=\"Veuillez noter que Powerdot ne propose aucune solution de co-investissement aux professionnels ou aux consommateurs. Si quelqu\u2019un vous sollicite pour investir dans des bornes de recharge ou d\u2019autres \u00e9quipements, agissez avec prudence et informez les autorit\u00e9s, car vous pourriez \u00eatre une victime potentielle d\u2019une arnaque. ___________ &nbsp; Chers clients et partenaires, Nous avons pris connaissance [&hellip;]\" \/>\n<meta property=\"og:url\" content=\"https:\/\/powerdot.eu\/fr\/avis-important-mefiez-vous-des-tentatives-de-fraude\" \/>\n<meta property=\"og:site_name\" content=\"Powerdot\" \/>\n<meta property=\"article:modified_time\" content=\"2024-12-13T10:38:24+00:00\" \/>\n<meta name=\"twitter:card\" content=\"summary_large_image\" \/>\n<meta name=\"twitter:label1\" content=\"Dur\u00e9e de lecture estim\u00e9e\" \/>\n\t<meta name=\"twitter:data1\" content=\"2 minutes\" \/>\n<script type=\"application\/ld+json\" class=\"yoast-schema-graph\">{\"@context\":\"https:\/\/schema.org\",\"@graph\":[{\"@type\":\"WebPage\",\"@id\":\"https:\/\/powerdot.eu\/fr\/avis-important-mefiez-vous-des-tentatives-de-fraude\",\"url\":\"https:\/\/powerdot.eu\/fr\/avis-important-mefiez-vous-des-tentatives-de-fraude\",\"name\":\"Avis important : M\u00e9fiez-vous des tentatives de fraude - Powerdot\",\"isPartOf\":{\"@id\":\"https:\/\/powerdot.eu\/fr#website\"},\"datePublished\":\"2024-04-04T13:48:19+00:00\",\"dateModified\":\"2024-12-13T10:38:24+00:00\",\"breadcrumb\":{\"@id\":\"https:\/\/powerdot.eu\/fr\/avis-important-mefiez-vous-des-tentatives-de-fraude#breadcrumb\"},\"inLanguage\":\"fr-FR\",\"potentialAction\":[{\"@type\":\"ReadAction\",\"target\":[\"https:\/\/powerdot.eu\/fr\/avis-important-mefiez-vous-des-tentatives-de-fraude\"]}]},{\"@type\":\"BreadcrumbList\",\"@id\":\"https:\/\/powerdot.eu\/fr\/avis-important-mefiez-vous-des-tentatives-de-fraude#breadcrumb\",\"itemListElement\":[{\"@type\":\"ListItem\",\"position\":1,\"name\":\"In\u00edcio\",\"item\":\"https:\/\/www.powerdot.eu\/fr\"},{\"@type\":\"ListItem\",\"position\":2,\"name\":\"Avis important : M\u00e9fiez-vous des tentatives de fraude\"}]},{\"@type\":\"WebSite\",\"@id\":\"https:\/\/powerdot.eu\/fr#website\",\"url\":\"https:\/\/powerdot.eu\/fr\",\"name\":\"Powerdot\",\"description\":\"\",\"potentialAction\":[{\"@type\":\"SearchAction\",\"target\":{\"@type\":\"EntryPoint\",\"urlTemplate\":\"https:\/\/powerdot.eu\/fr?s={search_term_string}\"},\"query-input\":{\"@type\":\"PropertyValueSpecification\",\"valueRequired\":true,\"valueName\":\"search_term_string\"}}],\"inLanguage\":\"fr-FR\"}]}<\/script>\n<!-- \/ Yoast SEO Premium plugin. -->","yoast_head_json":{"title":"Avis important : M\u00e9fiez-vous des tentatives de fraude - Powerdot","robots":{"index":"index","follow":"follow","max-snippet":"max-snippet:-1","max-image-preview":"max-image-preview:large","max-video-preview":"max-video-preview:-1"},"canonical":"https:\/\/powerdot.eu\/fr\/avis-important-mefiez-vous-des-tentatives-de-fraude","og_locale":"fr_FR","og_type":"article","og_title":"Avis important : M\u00e9fiez-vous des tentatives de fraude","og_description":"Veuillez noter que Powerdot ne propose aucune solution de co-investissement aux professionnels ou aux consommateurs. Si quelqu\u2019un vous sollicite pour investir dans des bornes de recharge ou d\u2019autres \u00e9quipements, agissez avec prudence et informez les autorit\u00e9s, car vous pourriez \u00eatre une victime potentielle d\u2019une arnaque. ___________ &nbsp; Chers clients et partenaires, Nous avons pris connaissance [&hellip;]","og_url":"https:\/\/powerdot.eu\/fr\/avis-important-mefiez-vous-des-tentatives-de-fraude","og_site_name":"Powerdot","article_modified_time":"2024-12-13T10:38:24+00:00","twitter_card":"summary_large_image","twitter_misc":{"Dur\u00e9e de lecture estim\u00e9e":"2 minutes"},"schema":{"@context":"https:\/\/schema.org","@graph":[{"@type":"WebPage","@id":"https:\/\/powerdot.eu\/fr\/avis-important-mefiez-vous-des-tentatives-de-fraude","url":"https:\/\/powerdot.eu\/fr\/avis-important-mefiez-vous-des-tentatives-de-fraude","name":"Avis important : M\u00e9fiez-vous des tentatives de fraude - Powerdot","isPartOf":{"@id":"https:\/\/powerdot.eu\/fr#website"},"datePublished":"2024-04-04T13:48:19+00:00","dateModified":"2024-12-13T10:38:24+00:00","breadcrumb":{"@id":"https:\/\/powerdot.eu\/fr\/avis-important-mefiez-vous-des-tentatives-de-fraude#breadcrumb"},"inLanguage":"fr-FR","potentialAction":[{"@type":"ReadAction","target":["https:\/\/powerdot.eu\/fr\/avis-important-mefiez-vous-des-tentatives-de-fraude"]}]},{"@type":"BreadcrumbList","@id":"https:\/\/powerdot.eu\/fr\/avis-important-mefiez-vous-des-tentatives-de-fraude#breadcrumb","itemListElement":[{"@type":"ListItem","position":1,"name":"In\u00edcio","item":"https:\/\/www.powerdot.eu\/fr"},{"@type":"ListItem","position":2,"name":"Avis important : M\u00e9fiez-vous des tentatives de fraude"}]},{"@type":"WebSite","@id":"https:\/\/powerdot.eu\/fr#website","url":"https:\/\/powerdot.eu\/fr","name":"Powerdot","description":"","potentialAction":[{"@type":"SearchAction","target":{"@type":"EntryPoint","urlTemplate":"https:\/\/powerdot.eu\/fr?s={search_term_string}"},"query-input":{"@type":"PropertyValueSpecification","valueRequired":true,"valueName":"search_term_string"}}],"inLanguage":"fr-FR"}]}},"_links":{"self":[{"href":"https:\/\/powerdot.eu\/fr\/wp-json\/wp\/v2\/pages\/7057"}],"collection":[{"href":"https:\/\/powerdot.eu\/fr\/wp-json\/wp\/v2\/pages"}],"about":[{"href":"https:\/\/powerdot.eu\/fr\/wp-json\/wp\/v2\/types\/page"}],"author":[{"embeddable":true,"href":"https:\/\/powerdot.eu\/fr\/wp-json\/wp\/v2\/users\/6"}],"replies":[{"embeddable":true,"href":"https:\/\/powerdot.eu\/fr\/wp-json\/wp\/v2\/comments?post=7057"}],"version-history":[{"count":7,"href":"https:\/\/powerdot.eu\/fr\/wp-json\/wp\/v2\/pages\/7057\/revisions"}],"predecessor-version":[{"id":10147,"href":"https:\/\/powerdot.eu\/fr\/wp-json\/wp\/v2\/pages\/7057\/revisions\/10147"}],"wp:attachment":[{"href":"https:\/\/powerdot.eu\/fr\/wp-json\/wp\/v2\/media?parent=7057"}],"curies":[{"name":"wp","href":"https:\/\/api.w.org\/{rel}","templated":true}]}}