{"id":4986,"date":"2023-10-02T19:46:26","date_gmt":"2023-10-02T19:46:26","guid":{"rendered":"https:\/\/powerdot.eu\/?page_id=4986"},"modified":"2023-10-10T12:13:13","modified_gmt":"2023-10-10T12:13:13","slug":"hotels","status":"publish","type":"page","link":"https:\/\/powerdot.eu\/fr\/nos-solutions\/hotels","title":{"rendered":"H\u00f4tels"},"content":{"rendered":"","protected":false},"excerpt":{"rendered":"","protected":false},"author":6,"featured_media":0,"parent":4996,"menu_order":0,"comment_status":"closed","ping_status":"closed","template":"page-solutions.php","meta":{"inline_featured_image":false,"footnotes":""},"class_list":["post-4986","page","type-page","status-publish","hentry"],"acf":[],"yoast_head":"<!-- This site is optimized with the Yoast SEO Premium plugin v23.6 (Yoast SEO v23.6) - https:\/\/yoast.com\/wordpress\/plugins\/seo\/ -->\n<title>H\u00f4tels - Powerdot<\/title>\n<meta name=\"description\" content=\"Face \u00e0 la croissance du nombre de clients utilisant des voitures \u00e9lectriques, la mise \u00e0 disposition de bornes de recharge pratiques et fiables devient un atout concurrentiel majeur pour votre h\u00f4tel.\" \/>\n<meta name=\"robots\" content=\"index, follow, max-snippet:-1, max-image-preview:large, max-video-preview:-1\" \/>\n<link rel=\"canonical\" href=\"https:\/\/powerdot.eu\/fr\/nos-solutions\/hotels\" \/>\n<meta property=\"og:locale\" content=\"fr_FR\" \/>\n<meta property=\"og:type\" content=\"article\" \/>\n<meta property=\"og:title\" content=\"H\u00f4tels\" \/>\n<meta property=\"og:description\" content=\"Face \u00e0 la croissance du nombre de clients utilisant des voitures \u00e9lectriques, la mise \u00e0 disposition de bornes de recharge pratiques et fiables devient un atout concurrentiel majeur pour votre h\u00f4tel.\" \/>\n<meta property=\"og:url\" content=\"https:\/\/powerdot.eu\/fr\/nos-solutions\/hotels\" \/>\n<meta property=\"og:site_name\" content=\"Powerdot\" \/>\n<meta property=\"article:modified_time\" content=\"2023-10-10T12:13:13+00:00\" \/>\n<meta name=\"twitter:card\" content=\"summary_large_image\" \/>\n<script type=\"application\/ld+json\" class=\"yoast-schema-graph\">{\"@context\":\"https:\/\/schema.org\",\"@graph\":[{\"@type\":\"WebPage\",\"@id\":\"https:\/\/powerdot.eu\/fr\/nos-solutions\/hotels\",\"url\":\"https:\/\/powerdot.eu\/fr\/nos-solutions\/hotels\",\"name\":\"H\u00f4tels - Powerdot\",\"isPartOf\":{\"@id\":\"https:\/\/powerdot.eu\/fr#website\"},\"datePublished\":\"2023-10-02T19:46:26+00:00\",\"dateModified\":\"2023-10-10T12:13:13+00:00\",\"description\":\"Face \u00e0 la croissance du nombre de clients utilisant des voitures \u00e9lectriques, la mise \u00e0 disposition de bornes de recharge pratiques et fiables devient un atout concurrentiel majeur pour votre h\u00f4tel.\",\"breadcrumb\":{\"@id\":\"https:\/\/powerdot.eu\/fr\/nos-solutions\/hotels#breadcrumb\"},\"inLanguage\":\"fr-FR\",\"potentialAction\":[{\"@type\":\"ReadAction\",\"target\":[\"https:\/\/powerdot.eu\/fr\/nos-solutions\/hotels\"]}]},{\"@type\":\"BreadcrumbList\",\"@id\":\"https:\/\/powerdot.eu\/fr\/nos-solutions\/hotels#breadcrumb\",\"itemListElement\":[{\"@type\":\"ListItem\",\"position\":1,\"name\":\"In\u00edcio\",\"item\":\"https:\/\/www.powerdot.eu\/fr\"},{\"@type\":\"ListItem\",\"position\":2,\"name\":\"Nos solutions\",\"item\":\"https:\/\/52.16.203.169\/fr\/nos-solutions\"},{\"@type\":\"ListItem\",\"position\":3,\"name\":\"H\u00f4tels\"}]},{\"@type\":\"WebSite\",\"@id\":\"https:\/\/powerdot.eu\/fr#website\",\"url\":\"https:\/\/powerdot.eu\/fr\",\"name\":\"Powerdot\",\"description\":\"\",\"potentialAction\":[{\"@type\":\"SearchAction\",\"target\":{\"@type\":\"EntryPoint\",\"urlTemplate\":\"https:\/\/powerdot.eu\/fr?s={search_term_string}\"},\"query-input\":{\"@type\":\"PropertyValueSpecification\",\"valueRequired\":true,\"valueName\":\"search_term_string\"}}],\"inLanguage\":\"fr-FR\"}]}<\/script>\n<!-- \/ Yoast SEO Premium plugin. -->","yoast_head_json":{"title":"H\u00f4tels - Powerdot","description":"Face \u00e0 la croissance du nombre de clients utilisant des voitures \u00e9lectriques, la mise \u00e0 disposition de bornes de recharge pratiques et fiables devient un atout concurrentiel majeur pour votre h\u00f4tel.","robots":{"index":"index","follow":"follow","max-snippet":"max-snippet:-1","max-image-preview":"max-image-preview:large","max-video-preview":"max-video-preview:-1"},"canonical":"https:\/\/powerdot.eu\/fr\/nos-solutions\/hotels","og_locale":"fr_FR","og_type":"article","og_title":"H\u00f4tels","og_description":"Face \u00e0 la croissance du nombre de clients utilisant des voitures \u00e9lectriques, la mise \u00e0 disposition de bornes de recharge pratiques et fiables devient un atout concurrentiel majeur pour votre h\u00f4tel.","og_url":"https:\/\/powerdot.eu\/fr\/nos-solutions\/hotels","og_site_name":"Powerdot","article_modified_time":"2023-10-10T12:13:13+00:00","twitter_card":"summary_large_image","schema":{"@context":"https:\/\/schema.org","@graph":[{"@type":"WebPage","@id":"https:\/\/powerdot.eu\/fr\/nos-solutions\/hotels","url":"https:\/\/powerdot.eu\/fr\/nos-solutions\/hotels","name":"H\u00f4tels - Powerdot","isPartOf":{"@id":"https:\/\/powerdot.eu\/fr#website"},"datePublished":"2023-10-02T19:46:26+00:00","dateModified":"2023-10-10T12:13:13+00:00","description":"Face \u00e0 la croissance du nombre de clients utilisant des voitures \u00e9lectriques, la mise \u00e0 disposition de bornes de recharge pratiques et fiables devient un atout concurrentiel majeur pour votre h\u00f4tel.","breadcrumb":{"@id":"https:\/\/powerdot.eu\/fr\/nos-solutions\/hotels#breadcrumb"},"inLanguage":"fr-FR","potentialAction":[{"@type":"ReadAction","target":["https:\/\/powerdot.eu\/fr\/nos-solutions\/hotels"]}]},{"@type":"BreadcrumbList","@id":"https:\/\/powerdot.eu\/fr\/nos-solutions\/hotels#breadcrumb","itemListElement":[{"@type":"ListItem","position":1,"name":"In\u00edcio","item":"https:\/\/www.powerdot.eu\/fr"},{"@type":"ListItem","position":2,"name":"Nos solutions","item":"https:\/\/52.16.203.169\/fr\/nos-solutions"},{"@type":"ListItem","position":3,"name":"H\u00f4tels"}]},{"@type":"WebSite","@id":"https:\/\/powerdot.eu\/fr#website","url":"https:\/\/powerdot.eu\/fr","name":"Powerdot","description":"","potentialAction":[{"@type":"SearchAction","target":{"@type":"EntryPoint","urlTemplate":"https:\/\/powerdot.eu\/fr?s={search_term_string}"},"query-input":{"@type":"PropertyValueSpecification","valueRequired":true,"valueName":"search_term_string"}}],"inLanguage":"fr-FR"}]}},"_links":{"self":[{"href":"https:\/\/powerdot.eu\/fr\/wp-json\/wp\/v2\/pages\/4986"}],"collection":[{"href":"https:\/\/powerdot.eu\/fr\/wp-json\/wp\/v2\/pages"}],"about":[{"href":"https:\/\/powerdot.eu\/fr\/wp-json\/wp\/v2\/types\/page"}],"author":[{"embeddable":true,"href":"https:\/\/powerdot.eu\/fr\/wp-json\/wp\/v2\/users\/6"}],"replies":[{"embeddable":true,"href":"https:\/\/powerdot.eu\/fr\/wp-json\/wp\/v2\/comments?post=4986"}],"version-history":[{"count":6,"href":"https:\/\/powerdot.eu\/fr\/wp-json\/wp\/v2\/pages\/4986\/revisions"}],"predecessor-version":[{"id":5163,"href":"https:\/\/powerdot.eu\/fr\/wp-json\/wp\/v2\/pages\/4986\/revisions\/5163"}],"up":[{"embeddable":true,"href":"https:\/\/powerdot.eu\/fr\/wp-json\/wp\/v2\/pages\/4996"}],"wp:attachment":[{"href":"https:\/\/powerdot.eu\/fr\/wp-json\/wp\/v2\/media?parent=4986"}],"curies":[{"name":"wp","href":"https:\/\/api.w.org\/{rel}","templated":true}]}}