{"id":4982,"date":"2023-10-02T19:37:57","date_gmt":"2023-10-02T19:37:57","guid":{"rendered":"https:\/\/powerdot.eu\/?page_id=4982"},"modified":"2023-10-02T19:58:48","modified_gmt":"2023-10-02T19:58:48","slug":"restaurants","status":"publish","type":"page","link":"https:\/\/powerdot.eu\/fr\/nos-solutions\/restaurants","title":{"rendered":"Restaurants"},"content":{"rendered":"","protected":false},"excerpt":{"rendered":"","protected":false},"author":6,"featured_media":0,"parent":4996,"menu_order":0,"comment_status":"closed","ping_status":"closed","template":"page-solutions.php","meta":{"inline_featured_image":false,"footnotes":""},"class_list":["post-4982","page","type-page","status-publish","hentry"],"acf":[],"yoast_head":"<!-- This site is optimized with the Yoast SEO Premium plugin v23.6 (Yoast SEO v23.6) - https:\/\/yoast.com\/wordpress\/plugins\/seo\/ -->\n<title>Restaurants - Powerdot<\/title>\n<meta name=\"description\" content=\"L\u2019 installation d\u2019une station de recharge peut augmenter l&#039;attrait de votre restaurant aupr\u00e8s des clients soucieux de l&#039;environnement, am\u00e9liorer leur exp\u00e9rience et vous d\u00e9marquer de la concurrence.\" \/>\n<meta name=\"robots\" content=\"index, follow, max-snippet:-1, max-image-preview:large, max-video-preview:-1\" \/>\n<link rel=\"canonical\" href=\"https:\/\/powerdot.eu\/fr\/nos-solutions\/restaurants\" \/>\n<meta property=\"og:locale\" content=\"fr_FR\" \/>\n<meta property=\"og:type\" content=\"article\" \/>\n<meta property=\"og:title\" content=\"Restaurants\" \/>\n<meta property=\"og:description\" content=\"L\u2019 installation d\u2019une station de recharge peut augmenter l&#039;attrait de votre restaurant aupr\u00e8s des clients soucieux de l&#039;environnement, am\u00e9liorer leur exp\u00e9rience et vous d\u00e9marquer de la concurrence.\" \/>\n<meta property=\"og:url\" content=\"https:\/\/powerdot.eu\/fr\/nos-solutions\/restaurants\" \/>\n<meta property=\"og:site_name\" content=\"Powerdot\" \/>\n<meta property=\"article:modified_time\" content=\"2023-10-02T19:58:48+00:00\" \/>\n<meta name=\"twitter:card\" content=\"summary_large_image\" \/>\n<script type=\"application\/ld+json\" class=\"yoast-schema-graph\">{\"@context\":\"https:\/\/schema.org\",\"@graph\":[{\"@type\":\"WebPage\",\"@id\":\"https:\/\/powerdot.eu\/fr\/nos-solutions\/restaurants\",\"url\":\"https:\/\/powerdot.eu\/fr\/nos-solutions\/restaurants\",\"name\":\"Restaurants - Powerdot\",\"isPartOf\":{\"@id\":\"https:\/\/powerdot.eu\/fr#website\"},\"datePublished\":\"2023-10-02T19:37:57+00:00\",\"dateModified\":\"2023-10-02T19:58:48+00:00\",\"description\":\"L\u2019 installation d\u2019une station de recharge peut augmenter l'attrait de votre restaurant aupr\u00e8s des clients soucieux de l'environnement, am\u00e9liorer leur exp\u00e9rience et vous d\u00e9marquer de la concurrence.\",\"breadcrumb\":{\"@id\":\"https:\/\/powerdot.eu\/fr\/nos-solutions\/restaurants#breadcrumb\"},\"inLanguage\":\"fr-FR\",\"potentialAction\":[{\"@type\":\"ReadAction\",\"target\":[\"https:\/\/powerdot.eu\/fr\/nos-solutions\/restaurants\"]}]},{\"@type\":\"BreadcrumbList\",\"@id\":\"https:\/\/powerdot.eu\/fr\/nos-solutions\/restaurants#breadcrumb\",\"itemListElement\":[{\"@type\":\"ListItem\",\"position\":1,\"name\":\"In\u00edcio\",\"item\":\"https:\/\/www.powerdot.eu\/fr\"},{\"@type\":\"ListItem\",\"position\":2,\"name\":\"Nos solutions\",\"item\":\"https:\/\/52.16.203.169\/fr\/nos-solutions\"},{\"@type\":\"ListItem\",\"position\":3,\"name\":\"Restaurants\"}]},{\"@type\":\"WebSite\",\"@id\":\"https:\/\/powerdot.eu\/fr#website\",\"url\":\"https:\/\/powerdot.eu\/fr\",\"name\":\"Powerdot\",\"description\":\"\",\"potentialAction\":[{\"@type\":\"SearchAction\",\"target\":{\"@type\":\"EntryPoint\",\"urlTemplate\":\"https:\/\/powerdot.eu\/fr?s={search_term_string}\"},\"query-input\":{\"@type\":\"PropertyValueSpecification\",\"valueRequired\":true,\"valueName\":\"search_term_string\"}}],\"inLanguage\":\"fr-FR\"}]}<\/script>\n<!-- \/ Yoast SEO Premium plugin. -->","yoast_head_json":{"title":"Restaurants - Powerdot","description":"L\u2019 installation d\u2019une station de recharge peut augmenter l'attrait de votre restaurant aupr\u00e8s des clients soucieux de l'environnement, am\u00e9liorer leur exp\u00e9rience et vous d\u00e9marquer de la concurrence.","robots":{"index":"index","follow":"follow","max-snippet":"max-snippet:-1","max-image-preview":"max-image-preview:large","max-video-preview":"max-video-preview:-1"},"canonical":"https:\/\/powerdot.eu\/fr\/nos-solutions\/restaurants","og_locale":"fr_FR","og_type":"article","og_title":"Restaurants","og_description":"L\u2019 installation d\u2019une station de recharge peut augmenter l'attrait de votre restaurant aupr\u00e8s des clients soucieux de l'environnement, am\u00e9liorer leur exp\u00e9rience et vous d\u00e9marquer de la concurrence.","og_url":"https:\/\/powerdot.eu\/fr\/nos-solutions\/restaurants","og_site_name":"Powerdot","article_modified_time":"2023-10-02T19:58:48+00:00","twitter_card":"summary_large_image","schema":{"@context":"https:\/\/schema.org","@graph":[{"@type":"WebPage","@id":"https:\/\/powerdot.eu\/fr\/nos-solutions\/restaurants","url":"https:\/\/powerdot.eu\/fr\/nos-solutions\/restaurants","name":"Restaurants - Powerdot","isPartOf":{"@id":"https:\/\/powerdot.eu\/fr#website"},"datePublished":"2023-10-02T19:37:57+00:00","dateModified":"2023-10-02T19:58:48+00:00","description":"L\u2019 installation d\u2019une station de recharge peut augmenter l'attrait de votre restaurant aupr\u00e8s des clients soucieux de l'environnement, am\u00e9liorer leur exp\u00e9rience et vous d\u00e9marquer de la concurrence.","breadcrumb":{"@id":"https:\/\/powerdot.eu\/fr\/nos-solutions\/restaurants#breadcrumb"},"inLanguage":"fr-FR","potentialAction":[{"@type":"ReadAction","target":["https:\/\/powerdot.eu\/fr\/nos-solutions\/restaurants"]}]},{"@type":"BreadcrumbList","@id":"https:\/\/powerdot.eu\/fr\/nos-solutions\/restaurants#breadcrumb","itemListElement":[{"@type":"ListItem","position":1,"name":"In\u00edcio","item":"https:\/\/www.powerdot.eu\/fr"},{"@type":"ListItem","position":2,"name":"Nos solutions","item":"https:\/\/52.16.203.169\/fr\/nos-solutions"},{"@type":"ListItem","position":3,"name":"Restaurants"}]},{"@type":"WebSite","@id":"https:\/\/powerdot.eu\/fr#website","url":"https:\/\/powerdot.eu\/fr","name":"Powerdot","description":"","potentialAction":[{"@type":"SearchAction","target":{"@type":"EntryPoint","urlTemplate":"https:\/\/powerdot.eu\/fr?s={search_term_string}"},"query-input":{"@type":"PropertyValueSpecification","valueRequired":true,"valueName":"search_term_string"}}],"inLanguage":"fr-FR"}]}},"_links":{"self":[{"href":"https:\/\/powerdot.eu\/fr\/wp-json\/wp\/v2\/pages\/4982"}],"collection":[{"href":"https:\/\/powerdot.eu\/fr\/wp-json\/wp\/v2\/pages"}],"about":[{"href":"https:\/\/powerdot.eu\/fr\/wp-json\/wp\/v2\/types\/page"}],"author":[{"embeddable":true,"href":"https:\/\/powerdot.eu\/fr\/wp-json\/wp\/v2\/users\/6"}],"replies":[{"embeddable":true,"href":"https:\/\/powerdot.eu\/fr\/wp-json\/wp\/v2\/comments?post=4982"}],"version-history":[{"count":4,"href":"https:\/\/powerdot.eu\/fr\/wp-json\/wp\/v2\/pages\/4982\/revisions"}],"predecessor-version":[{"id":5001,"href":"https:\/\/powerdot.eu\/fr\/wp-json\/wp\/v2\/pages\/4982\/revisions\/5001"}],"up":[{"embeddable":true,"href":"https:\/\/powerdot.eu\/fr\/wp-json\/wp\/v2\/pages\/4996"}],"wp:attachment":[{"href":"https:\/\/powerdot.eu\/fr\/wp-json\/wp\/v2\/media?parent=4982"}],"curies":[{"name":"wp","href":"https:\/\/api.w.org\/{rel}","templated":true}]}}