{"id":4979,"date":"2023-10-02T19:39:06","date_gmt":"2023-10-02T19:39:06","guid":{"rendered":"https:\/\/powerdot.eu\/?page_id=4979"},"modified":"2023-10-02T19:58:07","modified_gmt":"2023-10-02T19:58:07","slug":"magasins-specialises","status":"publish","type":"page","link":"https:\/\/powerdot.eu\/fr\/nos-solutions\/magasins-specialises","title":{"rendered":"Magasins Sp\u00e9cialis\u00e9s"},"content":{"rendered":"","protected":false},"excerpt":{"rendered":"","protected":false},"author":6,"featured_media":0,"parent":4996,"menu_order":0,"comment_status":"closed","ping_status":"closed","template":"page-solutions.php","meta":{"inline_featured_image":false,"footnotes":""},"class_list":["post-4979","page","type-page","status-publish","hentry"],"acf":[],"yoast_head":"<!-- This site is optimized with the Yoast SEO Premium plugin v23.6 (Yoast SEO v23.6) - https:\/\/yoast.com\/wordpress\/plugins\/seo\/ -->\n<title>Magasins Sp\u00e9cialis\u00e9s - Powerdot<\/title>\n<meta name=\"description\" content=\"Les stations de recharge pour v\u00e9hicules \u00e9lectriques (VE) peuvent allonger le temps pass\u00e9 dans votre magasin et augmenter le flux pi\u00e9ton.\" \/>\n<meta name=\"robots\" content=\"index, follow, max-snippet:-1, max-image-preview:large, max-video-preview:-1\" \/>\n<link rel=\"canonical\" href=\"https:\/\/powerdot.eu\/fr\/nos-solutions\/magasins-specialises\" \/>\n<meta property=\"og:locale\" content=\"fr_FR\" \/>\n<meta property=\"og:type\" content=\"article\" \/>\n<meta property=\"og:title\" content=\"Magasins Sp\u00e9cialis\u00e9s\" \/>\n<meta property=\"og:description\" content=\"Les stations de recharge pour v\u00e9hicules \u00e9lectriques (VE) peuvent allonger le temps pass\u00e9 dans votre magasin et augmenter le flux pi\u00e9ton.\" \/>\n<meta property=\"og:url\" content=\"https:\/\/powerdot.eu\/fr\/nos-solutions\/magasins-specialises\" \/>\n<meta property=\"og:site_name\" content=\"Powerdot\" \/>\n<meta property=\"article:modified_time\" content=\"2023-10-02T19:58:07+00:00\" \/>\n<meta name=\"twitter:card\" content=\"summary_large_image\" \/>\n<script type=\"application\/ld+json\" class=\"yoast-schema-graph\">{\"@context\":\"https:\/\/schema.org\",\"@graph\":[{\"@type\":\"WebPage\",\"@id\":\"https:\/\/powerdot.eu\/fr\/nos-solutions\/magasins-specialises\",\"url\":\"https:\/\/powerdot.eu\/fr\/nos-solutions\/magasins-specialises\",\"name\":\"Magasins Sp\u00e9cialis\u00e9s - Powerdot\",\"isPartOf\":{\"@id\":\"https:\/\/powerdot.eu\/fr#website\"},\"datePublished\":\"2023-10-02T19:39:06+00:00\",\"dateModified\":\"2023-10-02T19:58:07+00:00\",\"description\":\"Les stations de recharge pour v\u00e9hicules \u00e9lectriques (VE) peuvent allonger le temps pass\u00e9 dans votre magasin et augmenter le flux pi\u00e9ton.\",\"breadcrumb\":{\"@id\":\"https:\/\/powerdot.eu\/fr\/nos-solutions\/magasins-specialises#breadcrumb\"},\"inLanguage\":\"fr-FR\",\"potentialAction\":[{\"@type\":\"ReadAction\",\"target\":[\"https:\/\/powerdot.eu\/fr\/nos-solutions\/magasins-specialises\"]}]},{\"@type\":\"BreadcrumbList\",\"@id\":\"https:\/\/powerdot.eu\/fr\/nos-solutions\/magasins-specialises#breadcrumb\",\"itemListElement\":[{\"@type\":\"ListItem\",\"position\":1,\"name\":\"In\u00edcio\",\"item\":\"https:\/\/www.powerdot.eu\/fr\"},{\"@type\":\"ListItem\",\"position\":2,\"name\":\"Nos solutions\",\"item\":\"https:\/\/52.16.203.169\/fr\/nos-solutions\"},{\"@type\":\"ListItem\",\"position\":3,\"name\":\"Magasins Sp\u00e9cialis\u00e9s\"}]},{\"@type\":\"WebSite\",\"@id\":\"https:\/\/powerdot.eu\/fr#website\",\"url\":\"https:\/\/powerdot.eu\/fr\",\"name\":\"Powerdot\",\"description\":\"\",\"potentialAction\":[{\"@type\":\"SearchAction\",\"target\":{\"@type\":\"EntryPoint\",\"urlTemplate\":\"https:\/\/powerdot.eu\/fr?s={search_term_string}\"},\"query-input\":{\"@type\":\"PropertyValueSpecification\",\"valueRequired\":true,\"valueName\":\"search_term_string\"}}],\"inLanguage\":\"fr-FR\"}]}<\/script>\n<!-- \/ Yoast SEO Premium plugin. -->","yoast_head_json":{"title":"Magasins Sp\u00e9cialis\u00e9s - Powerdot","description":"Les stations de recharge pour v\u00e9hicules \u00e9lectriques (VE) peuvent allonger le temps pass\u00e9 dans votre magasin et augmenter le flux pi\u00e9ton.","robots":{"index":"index","follow":"follow","max-snippet":"max-snippet:-1","max-image-preview":"max-image-preview:large","max-video-preview":"max-video-preview:-1"},"canonical":"https:\/\/powerdot.eu\/fr\/nos-solutions\/magasins-specialises","og_locale":"fr_FR","og_type":"article","og_title":"Magasins Sp\u00e9cialis\u00e9s","og_description":"Les stations de recharge pour v\u00e9hicules \u00e9lectriques (VE) peuvent allonger le temps pass\u00e9 dans votre magasin et augmenter le flux pi\u00e9ton.","og_url":"https:\/\/powerdot.eu\/fr\/nos-solutions\/magasins-specialises","og_site_name":"Powerdot","article_modified_time":"2023-10-02T19:58:07+00:00","twitter_card":"summary_large_image","schema":{"@context":"https:\/\/schema.org","@graph":[{"@type":"WebPage","@id":"https:\/\/powerdot.eu\/fr\/nos-solutions\/magasins-specialises","url":"https:\/\/powerdot.eu\/fr\/nos-solutions\/magasins-specialises","name":"Magasins Sp\u00e9cialis\u00e9s - Powerdot","isPartOf":{"@id":"https:\/\/powerdot.eu\/fr#website"},"datePublished":"2023-10-02T19:39:06+00:00","dateModified":"2023-10-02T19:58:07+00:00","description":"Les stations de recharge pour v\u00e9hicules \u00e9lectriques (VE) peuvent allonger le temps pass\u00e9 dans votre magasin et augmenter le flux pi\u00e9ton.","breadcrumb":{"@id":"https:\/\/powerdot.eu\/fr\/nos-solutions\/magasins-specialises#breadcrumb"},"inLanguage":"fr-FR","potentialAction":[{"@type":"ReadAction","target":["https:\/\/powerdot.eu\/fr\/nos-solutions\/magasins-specialises"]}]},{"@type":"BreadcrumbList","@id":"https:\/\/powerdot.eu\/fr\/nos-solutions\/magasins-specialises#breadcrumb","itemListElement":[{"@type":"ListItem","position":1,"name":"In\u00edcio","item":"https:\/\/www.powerdot.eu\/fr"},{"@type":"ListItem","position":2,"name":"Nos solutions","item":"https:\/\/52.16.203.169\/fr\/nos-solutions"},{"@type":"ListItem","position":3,"name":"Magasins Sp\u00e9cialis\u00e9s"}]},{"@type":"WebSite","@id":"https:\/\/powerdot.eu\/fr#website","url":"https:\/\/powerdot.eu\/fr","name":"Powerdot","description":"","potentialAction":[{"@type":"SearchAction","target":{"@type":"EntryPoint","urlTemplate":"https:\/\/powerdot.eu\/fr?s={search_term_string}"},"query-input":{"@type":"PropertyValueSpecification","valueRequired":true,"valueName":"search_term_string"}}],"inLanguage":"fr-FR"}]}},"_links":{"self":[{"href":"https:\/\/powerdot.eu\/fr\/wp-json\/wp\/v2\/pages\/4979"}],"collection":[{"href":"https:\/\/powerdot.eu\/fr\/wp-json\/wp\/v2\/pages"}],"about":[{"href":"https:\/\/powerdot.eu\/fr\/wp-json\/wp\/v2\/types\/page"}],"author":[{"embeddable":true,"href":"https:\/\/powerdot.eu\/fr\/wp-json\/wp\/v2\/users\/6"}],"replies":[{"embeddable":true,"href":"https:\/\/powerdot.eu\/fr\/wp-json\/wp\/v2\/comments?post=4979"}],"version-history":[{"count":3,"href":"https:\/\/powerdot.eu\/fr\/wp-json\/wp\/v2\/pages\/4979\/revisions"}],"predecessor-version":[{"id":5000,"href":"https:\/\/powerdot.eu\/fr\/wp-json\/wp\/v2\/pages\/4979\/revisions\/5000"}],"up":[{"embeddable":true,"href":"https:\/\/powerdot.eu\/fr\/wp-json\/wp\/v2\/pages\/4996"}],"wp:attachment":[{"href":"https:\/\/powerdot.eu\/fr\/wp-json\/wp\/v2\/media?parent=4979"}],"curies":[{"name":"wp","href":"https:\/\/api.w.org\/{rel}","templated":true}]}}