{"id":4849,"date":"2023-10-02T19:18:18","date_gmt":"2023-10-02T19:18:18","guid":{"rendered":"https:\/\/powerdot.eu\/?page_id=4849"},"modified":"2023-10-02T19:55:56","modified_gmt":"2023-10-02T19:55:56","slug":"centres-commerciaux","status":"publish","type":"page","link":"https:\/\/powerdot.eu\/fr\/nos-solutions\/centres-commerciaux","title":{"rendered":"Centres Commerciaux"},"content":{"rendered":"","protected":false},"excerpt":{"rendered":"","protected":false},"author":6,"featured_media":0,"parent":4996,"menu_order":0,"comment_status":"closed","ping_status":"closed","template":"page-solutions.php","meta":{"inline_featured_image":false,"footnotes":""},"class_list":["post-4849","page","type-page","status-publish","hentry"],"acf":[],"yoast_head":"<!-- This site is optimized with the Yoast SEO Premium plugin v23.6 (Yoast SEO v23.6) - https:\/\/yoast.com\/wordpress\/plugins\/seo\/ -->\n<title>Centres Commerciaux - Powerdot<\/title>\n<meta name=\"description\" content=\"En mettant \u00e0 disposition des bornes de recharge pour v\u00e9hicules \u00e9lectriques (VE), les centres commerciaux peuvent s&#039;ins\u00e9rer dans le march\u00e9 croissant des propri\u00e9taires de VE, attirer davantage de visiteurs et enrichir l&#039;exp\u00e9rience client.\" \/>\n<meta name=\"robots\" content=\"noindex, follow\" \/>\n<meta property=\"og:locale\" content=\"fr_FR\" \/>\n<meta property=\"og:type\" content=\"article\" \/>\n<meta property=\"og:title\" content=\"Centres Commerciaux\" \/>\n<meta property=\"og:description\" content=\"En mettant \u00e0 disposition des bornes de recharge pour v\u00e9hicules \u00e9lectriques (VE), les centres commerciaux peuvent s&#039;ins\u00e9rer dans le march\u00e9 croissant des propri\u00e9taires de VE, attirer davantage de visiteurs et enrichir l&#039;exp\u00e9rience client.\" \/>\n<meta property=\"og:url\" content=\"https:\/\/powerdot.eu\/fr\/nos-solutions\/centres-commerciaux\" \/>\n<meta property=\"og:site_name\" content=\"Powerdot\" \/>\n<meta property=\"article:modified_time\" content=\"2023-10-02T19:55:56+00:00\" \/>\n<meta name=\"twitter:card\" content=\"summary_large_image\" \/>\n<script type=\"application\/ld+json\" class=\"yoast-schema-graph\">{\"@context\":\"https:\/\/schema.org\",\"@graph\":[{\"@type\":\"WebPage\",\"@id\":\"https:\/\/powerdot.eu\/fr\/nos-solutions\/centres-commerciaux\",\"url\":\"https:\/\/powerdot.eu\/fr\/nos-solutions\/centres-commerciaux\",\"name\":\"Centres Commerciaux - Powerdot\",\"isPartOf\":{\"@id\":\"https:\/\/powerdot.eu\/fr#website\"},\"datePublished\":\"2023-10-02T19:18:18+00:00\",\"dateModified\":\"2023-10-02T19:55:56+00:00\",\"description\":\"En mettant \u00e0 disposition des bornes de recharge pour v\u00e9hicules \u00e9lectriques (VE), les centres commerciaux peuvent s'ins\u00e9rer dans le march\u00e9 croissant des propri\u00e9taires de VE, attirer davantage de visiteurs et enrichir l'exp\u00e9rience client.\",\"breadcrumb\":{\"@id\":\"https:\/\/powerdot.eu\/fr\/nos-solutions\/centres-commerciaux#breadcrumb\"},\"inLanguage\":\"fr-FR\",\"potentialAction\":[{\"@type\":\"ReadAction\",\"target\":[\"https:\/\/powerdot.eu\/fr\/nos-solutions\/centres-commerciaux\"]}]},{\"@type\":\"BreadcrumbList\",\"@id\":\"https:\/\/powerdot.eu\/fr\/nos-solutions\/centres-commerciaux#breadcrumb\",\"itemListElement\":[{\"@type\":\"ListItem\",\"position\":1,\"name\":\"In\u00edcio\",\"item\":\"https:\/\/www.powerdot.eu\/fr\"},{\"@type\":\"ListItem\",\"position\":2,\"name\":\"Nos solutions\",\"item\":\"https:\/\/52.16.203.169\/fr\/nos-solutions\"},{\"@type\":\"ListItem\",\"position\":3,\"name\":\"Centres Commerciaux\"}]},{\"@type\":\"WebSite\",\"@id\":\"https:\/\/powerdot.eu\/fr#website\",\"url\":\"https:\/\/powerdot.eu\/fr\",\"name\":\"Powerdot\",\"description\":\"\",\"potentialAction\":[{\"@type\":\"SearchAction\",\"target\":{\"@type\":\"EntryPoint\",\"urlTemplate\":\"https:\/\/powerdot.eu\/fr?s={search_term_string}\"},\"query-input\":{\"@type\":\"PropertyValueSpecification\",\"valueRequired\":true,\"valueName\":\"search_term_string\"}}],\"inLanguage\":\"fr-FR\"}]}<\/script>\n<!-- \/ Yoast SEO Premium plugin. -->","yoast_head_json":{"title":"Centres Commerciaux - Powerdot","description":"En mettant \u00e0 disposition des bornes de recharge pour v\u00e9hicules \u00e9lectriques (VE), les centres commerciaux peuvent s'ins\u00e9rer dans le march\u00e9 croissant des propri\u00e9taires de VE, attirer davantage de visiteurs et enrichir l'exp\u00e9rience client.","robots":{"index":"noindex","follow":"follow"},"og_locale":"fr_FR","og_type":"article","og_title":"Centres Commerciaux","og_description":"En mettant \u00e0 disposition des bornes de recharge pour v\u00e9hicules \u00e9lectriques (VE), les centres commerciaux peuvent s'ins\u00e9rer dans le march\u00e9 croissant des propri\u00e9taires de VE, attirer davantage de visiteurs et enrichir l'exp\u00e9rience client.","og_url":"https:\/\/powerdot.eu\/fr\/nos-solutions\/centres-commerciaux","og_site_name":"Powerdot","article_modified_time":"2023-10-02T19:55:56+00:00","twitter_card":"summary_large_image","schema":{"@context":"https:\/\/schema.org","@graph":[{"@type":"WebPage","@id":"https:\/\/powerdot.eu\/fr\/nos-solutions\/centres-commerciaux","url":"https:\/\/powerdot.eu\/fr\/nos-solutions\/centres-commerciaux","name":"Centres Commerciaux - Powerdot","isPartOf":{"@id":"https:\/\/powerdot.eu\/fr#website"},"datePublished":"2023-10-02T19:18:18+00:00","dateModified":"2023-10-02T19:55:56+00:00","description":"En mettant \u00e0 disposition des bornes de recharge pour v\u00e9hicules \u00e9lectriques (VE), les centres commerciaux peuvent s'ins\u00e9rer dans le march\u00e9 croissant des propri\u00e9taires de VE, attirer davantage de visiteurs et enrichir l'exp\u00e9rience client.","breadcrumb":{"@id":"https:\/\/powerdot.eu\/fr\/nos-solutions\/centres-commerciaux#breadcrumb"},"inLanguage":"fr-FR","potentialAction":[{"@type":"ReadAction","target":["https:\/\/powerdot.eu\/fr\/nos-solutions\/centres-commerciaux"]}]},{"@type":"BreadcrumbList","@id":"https:\/\/powerdot.eu\/fr\/nos-solutions\/centres-commerciaux#breadcrumb","itemListElement":[{"@type":"ListItem","position":1,"name":"In\u00edcio","item":"https:\/\/www.powerdot.eu\/fr"},{"@type":"ListItem","position":2,"name":"Nos solutions","item":"https:\/\/52.16.203.169\/fr\/nos-solutions"},{"@type":"ListItem","position":3,"name":"Centres Commerciaux"}]},{"@type":"WebSite","@id":"https:\/\/powerdot.eu\/fr#website","url":"https:\/\/powerdot.eu\/fr","name":"Powerdot","description":"","potentialAction":[{"@type":"SearchAction","target":{"@type":"EntryPoint","urlTemplate":"https:\/\/powerdot.eu\/fr?s={search_term_string}"},"query-input":{"@type":"PropertyValueSpecification","valueRequired":true,"valueName":"search_term_string"}}],"inLanguage":"fr-FR"}]}},"_links":{"self":[{"href":"https:\/\/powerdot.eu\/fr\/wp-json\/wp\/v2\/pages\/4849"}],"collection":[{"href":"https:\/\/powerdot.eu\/fr\/wp-json\/wp\/v2\/pages"}],"about":[{"href":"https:\/\/powerdot.eu\/fr\/wp-json\/wp\/v2\/types\/page"}],"author":[{"embeddable":true,"href":"https:\/\/powerdot.eu\/fr\/wp-json\/wp\/v2\/users\/6"}],"replies":[{"embeddable":true,"href":"https:\/\/powerdot.eu\/fr\/wp-json\/wp\/v2\/comments?post=4849"}],"version-history":[{"count":6,"href":"https:\/\/powerdot.eu\/fr\/wp-json\/wp\/v2\/pages\/4849\/revisions"}],"predecessor-version":[{"id":4998,"href":"https:\/\/powerdot.eu\/fr\/wp-json\/wp\/v2\/pages\/4849\/revisions\/4998"}],"up":[{"embeddable":true,"href":"https:\/\/powerdot.eu\/fr\/wp-json\/wp\/v2\/pages\/4996"}],"wp:attachment":[{"href":"https:\/\/powerdot.eu\/fr\/wp-json\/wp\/v2\/media?parent=4849"}],"curies":[{"name":"wp","href":"https:\/\/api.w.org\/{rel}","templated":true}]}}