{"id":9690,"date":"2024-11-14T13:43:56","date_gmt":"2024-11-14T13:43:56","guid":{"rendered":"https:\/\/www.powerdot.eu\/?page_id=9690"},"modified":"2024-11-26T21:25:56","modified_gmt":"2024-11-26T21:25:56","slug":"politica-de-cookies","status":"publish","type":"page","link":"https:\/\/52.16.203.169\/es\/politica-de-cookies","title":{"rendered":"Pol\u00edtica de Cookies"},"content":{"rendered":"<p style=\"text-align: right;\" class=\"cookies-alt\">[<a href=\"https:\/\/www.powerdot.eu\/es\/politica-de-cookies-cat\">Catal\u00e1n<\/a>] [<a href=\"https:\/\/www.powerdot.eu\/es\/politica-de-cookies-vasc\">Vasco<\/a>]<\/p>\n<p>&nbsp;<\/p>\n<p><b>\u00daltima actualizaci\u00f3n: 28 de octubre de 2024<\/b><\/p>\n<p><span style=\"font-weight: 400;\">Esta Pol\u00edtica de Cookies explica c\u00f3mo Powerdot utiliza la informaci\u00f3n recopilada de las cookies y otras tecnolog\u00edas de seguimiento disponibles en su Sitio Web, <\/span><a href=\"https:\/\/powerdot.eu\/\"><span style=\"font-weight: 400;\">https:\/\/powerdot.eu\/<\/span><\/a><span style=\"font-weight: 400;\"> y su Webapp de Pago Adhoc, <\/span><a href=\"https:\/\/adhoc.pwrdt.com\/\"><span style=\"font-weight: 400;\">https:\/\/adhoc.pwrdt.com\/<\/span><\/a><span style=\"font-weight: 400;\"> (en adelante, el \u00ab<\/span><b>sitio<\/b><span style=\"font-weight: 400;\">\u00ab).\u00a0<\/span><\/p>\n<p><span style=\"font-weight: 400;\">Este sitio utiliza cookies para garantizar su correcto funcionamiento, pero tambi\u00e9n para garantizar que usted, como usuario, tenga la mejor experiencia de navegaci\u00f3n posible. Las cookies tambi\u00e9n tienen como objetivo permitir la mejora continua de los servicios que ponemos a su disposici\u00f3n.<\/span><\/p>\n<p><span style=\"font-weight: 400;\">Si tiene alguna pregunta relacionada con esta Pol\u00edtica, puede ponerse en contacto con nosotros a trav\u00e9s de la siguiente direcci\u00f3n de correo electr\u00f3nico: <\/span><a href=\"mailto:support@powerdot.eu\"><span style=\"font-weight: 400;\">support@powerdot.eu<\/span><\/a><span style=\"font-weight: 400;\">\u00a0\u00a0\u00a0\u00a0\u00a0\u00a0<\/span><\/p>\n<p>&nbsp;<\/p>\n<h2><b>\u00bfQu\u00e9 son las cookies? \u00bfExisten diferentes tipos de Cookies?<\/b><\/h2>\n<p><span style=\"font-weight: 400;\">Las cookies son peque\u00f1os archivos de informaci\u00f3n colocados por los sitios web y almacenados en el navegador del dispositivo que se utiliza para acceder a internet (por ejemplo, el ordenador o el tel\u00e9fono m\u00f3vil). Las cookies se utilizan para identificar a los usuarios, personalizar la p\u00e1gina seg\u00fan su perfil, facilitando su uso, o facilitar la transferencia de datos entre p\u00e1ginas de un mismo sitio.<\/span><\/p>\n<p><span style=\"font-weight: 400;\">Las cookies tienen varias clasificaciones basadas en diferentes criterios, como se indica a continuaci\u00f3n:\u00a0<\/span><\/p>\n<p><span style=\"font-weight: 400;\">Dependiendo de su finalidad<\/span><span style=\"font-weight: 400;\">, las Cookies pueden ser:<\/span><\/p>\n<ul>\n<li style=\"font-weight: 400;\" aria-level=\"1\"><span style=\"font-weight: 400;\">Cookies estrictamente necesarias<\/span><span style=\"font-weight: 400;\"> &#8211; aquellas necesarias para garantizar el funcionamiento del sitio web y\/o para garantizar la disponibilidad de funcionalidades solicitadas por el usuario, o incluso para guardar sus preferencias en cuanto a la navegaci\u00f3n por el sitio web siempre que utilice el mismo dispositivo y as\u00ed lo solicite.\u00a0<\/span><\/li>\n<li style=\"font-weight: 400;\" aria-level=\"1\"><span style=\"font-weight: 400;\">Cookies de personalizaci\u00f3n<\/span><span style=\"font-weight: 400;\"> &#8211; son de naturaleza auxiliar y no son necesarias para el funcionamiento del sitio web, pero pueden mejorar su rendimiento. Se utilizan para mejorar la experiencia del usuario.<\/span><\/li>\n<li style=\"font-weight: 400;\" aria-level=\"1\"><span style=\"font-weight: 400;\">Cookies anal\u00edticas<\/span><span style=\"font-weight: 400;\"> &#8211; son de naturaleza auxiliar y recopilan informaci\u00f3n estad\u00edstica para ayudar a los propietarios de sitios web a analizar el uso de sus sitios web y comprender mejor la participaci\u00f3n de sus visitantes en los sitios web.\u00a0<\/span><\/li>\n<\/ul>\n<p>&nbsp;<\/p>\n<p><span style=\"font-weight: 400;\">En funci\u00f3n de su duraci\u00f3n<\/span><span style=\"font-weight: 400;\">,<\/span><span style=\"font-weight: 400;\"> las Cookies <\/span><span style=\"font-weight: 400;\">pueden clasificarse en:<\/span><\/p>\n<ul>\n<li style=\"font-weight: 400;\" aria-level=\"1\"><span style=\"font-weight: 400;\">Cookies de sesi\u00f3n<\/span><span style=\"font-weight: 400;\"> &#8211; estas Cookies son de naturaleza temporal, lo que significa que se eliminan tan pronto como se cierra el navegador o muy poco despu\u00e9s. Estas Cookies permiten, por ejemplo, analizar los patrones de b\u00fasqueda en Internet, lo que permite a Powerdot identificar problemas, garantizar la seguridad y ofrecer una mejor experiencia de navegaci\u00f3n.<\/span><\/li>\n<li style=\"font-weight: 400;\" aria-level=\"1\"><span style=\"font-weight: 400;\">Cookies persistentes<\/span><span style=\"font-weight: 400;\"> &#8211; estas cookies no se eliminan una vez cerrada la sesi\u00f3n del navegador, sino que permanecen almacenadas en su dispositivo. Se utilizan cada vez que visita el sitio, lo que nos permite, por ejemplo, personalizar su experiencia y garantizar un servicio m\u00e1s individualizado, teniendo en cuenta sus preferencias.<\/span><\/li>\n<\/ul>\n<p>&nbsp;<\/p>\n<p><span style=\"font-weight: 400;\">Las cookies tambi\u00e9n pueden distinguirse, en <\/span><span style=\"font-weight: 400;\">funci\u00f3n de la entidad que las coloca, como<\/span><span style=\"font-weight: 400;\">:<\/span><\/p>\n<ul>\n<li style=\"font-weight: 400;\" aria-level=\"1\"><span style=\"font-weight: 400;\">Cookies propias<\/span><span style=\"font-weight: 400;\"> &#8211; son Cookies colocadas por Powerdot, a trav\u00e9s de equipos o dominios.<\/span><\/li>\n<li style=\"font-weight: 400;\" aria-level=\"1\"><span style=\"font-weight: 400;\">Cookies de terceros<\/span><span style=\"font-weight: 400;\"> &#8211; son cookies enviadas a su dispositivo por terceros, es decir, sitios web distintos de los propietarios del sitio web que est\u00e1 utilizando.<\/span><\/li>\n<\/ul>\n<p>&nbsp;<\/p>\n<h2><b>\u00bfDebo aceptar el uso de cookies?\u00a0<\/b><\/h2>\n<p><span style=\"font-weight: 400;\">Las cookies estrictamente necesarias son imprescindibles para el funcionamiento del sitio y no se pueden desactivar. Para todas las dem\u00e1s cookies, se necesita tu consentimiento, en conformidad con los requisitos del RGPD (Art\u00edculo 6).<\/span><\/p>\n<p><span style=\"font-weight: 400;\">Seg\u00fan la legislaci\u00f3n vigente, el sitio web solo puede usar cookies con el consentimiento expreso del usuario, excepto si son necesarias para el servicio solicitado. Sin la autorizaci\u00f3n del usuario, el sitio web no puede activar las cookies.<\/span><\/p>\n<p><span style=\"font-weight: 400;\">El consentimiento se recopilar\u00e1 mediante una herramienta de gesti\u00f3n de cookies que permitir\u00e1 aceptar, rechazar o personalizar el uso de cookies no esenciales de forma clara y sencilla (Art\u00edculo 7 del RGPD). Esta herramienta estar\u00e1 accesible desde el banner inicial de cookies, y podr\u00e1s modificar tu elecci\u00f3n en cualquier momento a trav\u00e9s de las opciones en el pie de p\u00e1gina del sitio web.<\/span><\/p>\n<p><span style=\"font-weight: 400;\">Para obtener m\u00e1s informaci\u00f3n sobre los per\u00edodos de almacenamiento de nuestras cookies y los datos personales recopilados, consulta nuestra <\/span><a href=\"https:\/\/docs.google.com\/document\/d\/1stbOOJMNketAiX0RqQpDaIjibTRsWiEQ\/edit\"><span style=\"font-weight: 400;\">Pol\u00edtica de Privacidad<\/span><\/a><span style=\"font-weight: 400;\">.<\/span><\/p>\n<p>&nbsp;<\/p>\n<h2><b>\u00bfCu\u00e1nto tiempo se conserva la informaci\u00f3n recopilada a trav\u00e9s de las cookies?<\/b><\/h2>\n<p><span style=\"font-weight: 400;\">Los datos personales recopilados se almacenan durante el tiempo m\u00ednimo necesario para cumplir su prop\u00f3sito, conforme al principio de minimizaci\u00f3n de datos del RGPD (Art\u00edculo 5(1)(c)). Los per\u00edodos de almacenamiento se especifican en nuestra <\/span><a href=\"https:\/\/docs.google.com\/document\/d\/1stbOOJMNketAiX0RqQpDaIjibTRsWiEQ\/edit\"><span style=\"font-weight: 400;\">Pol\u00edtica de Privacidad<\/span><\/a><span style=\"font-weight: 400;\">.<\/span><\/p>\n<p>&nbsp;<\/p>\n<h2><b>\u00bfPuedo gestionar mis opciones de Cookies?<\/b><\/h2>\n<p><span style=\"font-weight: 400;\">S\u00ed, en cualquier momento puedes gestionar tus preferencias de cookies utilizando la herramienta disponible en el sitio. Ten en cuenta que deshabilitar las cookies desde la configuraci\u00f3n del navegador puede afectar el funcionamiento del sitio.<\/span><\/p>\n<p>&nbsp;<\/p>\n<h2><b>Cambios en la Pol\u00edtica de Cookies<\/b><\/h2>\n<p><span style=\"font-weight: 400;\">Powerdot podr\u00e1, en cualquier momento y sin previo aviso, modificar, a\u00f1adir o revocar, total o parcialmente, la presente Pol\u00edtica. En cualquier caso, el usuario siempre podr\u00e1 optar por no consentir el uso de Cookies, siempre que no sean Cookies estrictamente necesarias.\u00a0<\/span><\/p>\n","protected":false},"excerpt":{"rendered":"<p>[Catal\u00e1n] [Vasco] &nbsp; \u00daltima actualizaci\u00f3n: 28 de octubre de 2024 Esta Pol\u00edtica de Cookies explica c\u00f3mo Powerdot utiliza la informaci\u00f3n recopilada de las cookies y otras tecnolog\u00edas de seguimiento disponibles en su Sitio Web, https:\/\/powerdot.eu\/ y su Webapp de Pago Adhoc, https:\/\/adhoc.pwrdt.com\/ (en adelante, el \u00absitio\u00ab).\u00a0 Este sitio utiliza cookies para garantizar su correcto funcionamiento, [&hellip;]<\/p>\n","protected":false},"author":6,"featured_media":0,"parent":0,"menu_order":0,"comment_status":"closed","ping_status":"closed","template":"page-templates\/page-sidebar-none.php","meta":{"inline_featured_image":false,"footnotes":""},"class_list":["post-9690","page","type-page","status-publish","hentry"],"acf":[],"yoast_head":"<!-- This site is optimized with the Yoast SEO Premium plugin v23.6 (Yoast SEO v23.6) - https:\/\/yoast.com\/wordpress\/plugins\/seo\/ -->\n<title>Pol\u00edtica de Cookies - Powerdot<\/title>\n<meta name=\"robots\" content=\"index, follow, max-snippet:-1, max-image-preview:large, max-video-preview:-1\" \/>\n<link rel=\"canonical\" href=\"https:\/\/52.16.203.169\/es\/politica-de-cookies\" \/>\n<meta property=\"og:locale\" content=\"es_ES\" \/>\n<meta property=\"og:type\" content=\"article\" \/>\n<meta property=\"og:title\" content=\"Pol\u00edtica de Cookies\" \/>\n<meta property=\"og:description\" content=\"[Catal\u00e1n] [Vasco] &nbsp; \u00daltima actualizaci\u00f3n: 28 de octubre de 2024 Esta Pol\u00edtica de Cookies explica c\u00f3mo Powerdot utiliza la informaci\u00f3n recopilada de las cookies y otras tecnolog\u00edas de seguimiento disponibles en su Sitio Web, https:\/\/powerdot.eu\/ y su Webapp de Pago Adhoc, https:\/\/adhoc.pwrdt.com\/ (en adelante, el \u00absitio\u00ab).\u00a0 Este sitio utiliza cookies para garantizar su correcto funcionamiento, [&hellip;]\" \/>\n<meta property=\"og:url\" content=\"https:\/\/52.16.203.169\/es\/politica-de-cookies\" \/>\n<meta property=\"og:site_name\" content=\"Powerdot\" \/>\n<meta property=\"article:modified_time\" content=\"2024-11-26T21:25:56+00:00\" \/>\n<meta name=\"twitter:card\" content=\"summary_large_image\" \/>\n<meta name=\"twitter:label1\" content=\"Tiempo de lectura\" \/>\n\t<meta name=\"twitter:data1\" content=\"5 minutos\" \/>\n<script type=\"application\/ld+json\" class=\"yoast-schema-graph\">{\"@context\":\"https:\/\/schema.org\",\"@graph\":[{\"@type\":\"WebPage\",\"@id\":\"https:\/\/52.16.203.169\/es\/politica-de-cookies\",\"url\":\"https:\/\/52.16.203.169\/es\/politica-de-cookies\",\"name\":\"Pol\u00edtica de Cookies - Powerdot\",\"isPartOf\":{\"@id\":\"https:\/\/www.powerdot.eu\/#website\"},\"datePublished\":\"2024-11-14T13:43:56+00:00\",\"dateModified\":\"2024-11-26T21:25:56+00:00\",\"breadcrumb\":{\"@id\":\"https:\/\/52.16.203.169\/es\/politica-de-cookies#breadcrumb\"},\"inLanguage\":\"es\",\"potentialAction\":[{\"@type\":\"ReadAction\",\"target\":[\"https:\/\/52.16.203.169\/es\/politica-de-cookies\"]}]},{\"@type\":\"BreadcrumbList\",\"@id\":\"https:\/\/52.16.203.169\/es\/politica-de-cookies#breadcrumb\",\"itemListElement\":[{\"@type\":\"ListItem\",\"position\":1,\"name\":\"In\u00edcio\",\"item\":\"https:\/\/powerdot.eu\/es\"},{\"@type\":\"ListItem\",\"position\":2,\"name\":\"Pol\u00edtica de Cookies\"}]},{\"@type\":\"WebSite\",\"@id\":\"https:\/\/www.powerdot.eu\/#website\",\"url\":\"https:\/\/www.powerdot.eu\/\",\"name\":\"Powerdot\",\"description\":\"\",\"potentialAction\":[{\"@type\":\"SearchAction\",\"target\":{\"@type\":\"EntryPoint\",\"urlTemplate\":\"https:\/\/www.powerdot.eu\/?s={search_term_string}\"},\"query-input\":{\"@type\":\"PropertyValueSpecification\",\"valueRequired\":true,\"valueName\":\"search_term_string\"}}],\"inLanguage\":\"es\"}]}<\/script>\n<!-- \/ Yoast SEO Premium plugin. -->","yoast_head_json":{"title":"Pol\u00edtica de Cookies - Powerdot","robots":{"index":"index","follow":"follow","max-snippet":"max-snippet:-1","max-image-preview":"max-image-preview:large","max-video-preview":"max-video-preview:-1"},"canonical":"https:\/\/52.16.203.169\/es\/politica-de-cookies","og_locale":"es_ES","og_type":"article","og_title":"Pol\u00edtica de Cookies","og_description":"[Catal\u00e1n] [Vasco] &nbsp; \u00daltima actualizaci\u00f3n: 28 de octubre de 2024 Esta Pol\u00edtica de Cookies explica c\u00f3mo Powerdot utiliza la informaci\u00f3n recopilada de las cookies y otras tecnolog\u00edas de seguimiento disponibles en su Sitio Web, https:\/\/powerdot.eu\/ y su Webapp de Pago Adhoc, https:\/\/adhoc.pwrdt.com\/ (en adelante, el \u00absitio\u00ab).\u00a0 Este sitio utiliza cookies para garantizar su correcto funcionamiento, [&hellip;]","og_url":"https:\/\/52.16.203.169\/es\/politica-de-cookies","og_site_name":"Powerdot","article_modified_time":"2024-11-26T21:25:56+00:00","twitter_card":"summary_large_image","twitter_misc":{"Tiempo de lectura":"5 minutos"},"schema":{"@context":"https:\/\/schema.org","@graph":[{"@type":"WebPage","@id":"https:\/\/52.16.203.169\/es\/politica-de-cookies","url":"https:\/\/52.16.203.169\/es\/politica-de-cookies","name":"Pol\u00edtica de Cookies - Powerdot","isPartOf":{"@id":"https:\/\/www.powerdot.eu\/#website"},"datePublished":"2024-11-14T13:43:56+00:00","dateModified":"2024-11-26T21:25:56+00:00","breadcrumb":{"@id":"https:\/\/52.16.203.169\/es\/politica-de-cookies#breadcrumb"},"inLanguage":"es","potentialAction":[{"@type":"ReadAction","target":["https:\/\/52.16.203.169\/es\/politica-de-cookies"]}]},{"@type":"BreadcrumbList","@id":"https:\/\/52.16.203.169\/es\/politica-de-cookies#breadcrumb","itemListElement":[{"@type":"ListItem","position":1,"name":"In\u00edcio","item":"https:\/\/powerdot.eu\/es"},{"@type":"ListItem","position":2,"name":"Pol\u00edtica de Cookies"}]},{"@type":"WebSite","@id":"https:\/\/www.powerdot.eu\/#website","url":"https:\/\/www.powerdot.eu\/","name":"Powerdot","description":"","potentialAction":[{"@type":"SearchAction","target":{"@type":"EntryPoint","urlTemplate":"https:\/\/www.powerdot.eu\/?s={search_term_string}"},"query-input":{"@type":"PropertyValueSpecification","valueRequired":true,"valueName":"search_term_string"}}],"inLanguage":"es"}]}},"_links":{"self":[{"href":"https:\/\/52.16.203.169\/es\/wp-json\/wp\/v2\/pages\/9690"}],"collection":[{"href":"https:\/\/52.16.203.169\/es\/wp-json\/wp\/v2\/pages"}],"about":[{"href":"https:\/\/52.16.203.169\/es\/wp-json\/wp\/v2\/types\/page"}],"author":[{"embeddable":true,"href":"https:\/\/52.16.203.169\/es\/wp-json\/wp\/v2\/users\/6"}],"replies":[{"embeddable":true,"href":"https:\/\/52.16.203.169\/es\/wp-json\/wp\/v2\/comments?post=9690"}],"version-history":[{"count":7,"href":"https:\/\/52.16.203.169\/es\/wp-json\/wp\/v2\/pages\/9690\/revisions"}],"predecessor-version":[{"id":10034,"href":"https:\/\/52.16.203.169\/es\/wp-json\/wp\/v2\/pages\/9690\/revisions\/10034"}],"wp:attachment":[{"href":"https:\/\/52.16.203.169\/es\/wp-json\/wp\/v2\/media?parent=9690"}],"curies":[{"name":"wp","href":"https:\/\/api.w.org\/{rel}","templated":true}]}}