{"id":4799,"date":"2023-09-27T23:43:35","date_gmt":"2023-09-27T23:43:35","guid":{"rendered":"https:\/\/powerdot.eu\/?page_id=4799"},"modified":"2023-10-04T18:28:02","modified_gmt":"2023-10-04T18:28:02","slug":"supermercados","status":"publish","type":"page","link":"https:\/\/powerdot.eu\/es\/nuestras-soluciones\/supermercados","title":{"rendered":"Supermercados"},"content":{"rendered":"","protected":false},"excerpt":{"rendered":"","protected":false},"author":6,"featured_media":0,"parent":4793,"menu_order":0,"comment_status":"closed","ping_status":"closed","template":"page-solutions.php","meta":{"inline_featured_image":false,"footnotes":""},"class_list":["post-4799","page","type-page","status-publish","hentry"],"acf":[],"yoast_head":"<!-- This site is optimized with the Yoast SEO Premium plugin v23.6 (Yoast SEO v23.6) - https:\/\/yoast.com\/wordpress\/plugins\/seo\/ -->\n<title>Supermercados - Powerdot<\/title>\n<meta name=\"description\" content=\"A medida que aumenta el n\u00famero de clientes que optan por los coches el\u00e9ctricos, ofrecer una estaci\u00f3n de carga c\u00f3moda y fiable puede ser un elemento diferenciador frente a la competencia. Ah\u00ed es donde entra en juego Powerdot.\" \/>\n<meta name=\"robots\" content=\"noindex, follow\" \/>\n<meta property=\"og:locale\" content=\"es_ES\" \/>\n<meta property=\"og:type\" content=\"article\" \/>\n<meta property=\"og:title\" content=\"Supermercados\" \/>\n<meta property=\"og:description\" content=\"A medida que aumenta el n\u00famero de clientes que optan por los coches el\u00e9ctricos, ofrecer una estaci\u00f3n de carga c\u00f3moda y fiable puede ser un elemento diferenciador frente a la competencia. Ah\u00ed es donde entra en juego Powerdot.\" \/>\n<meta property=\"og:url\" content=\"https:\/\/powerdot.eu\/es\/nuestras-soluciones\/supermercados\" \/>\n<meta property=\"og:site_name\" content=\"Powerdot\" \/>\n<meta property=\"article:modified_time\" content=\"2023-10-04T18:28:02+00:00\" \/>\n<meta name=\"twitter:card\" content=\"summary_large_image\" \/>\n<script type=\"application\/ld+json\" class=\"yoast-schema-graph\">{\"@context\":\"https:\/\/schema.org\",\"@graph\":[{\"@type\":\"WebPage\",\"@id\":\"https:\/\/powerdot.eu\/es\/nuestras-soluciones\/supermercados\",\"url\":\"https:\/\/powerdot.eu\/es\/nuestras-soluciones\/supermercados\",\"name\":\"Supermercados - Powerdot\",\"isPartOf\":{\"@id\":\"https:\/\/powerdot.eu\/es#website\"},\"datePublished\":\"2023-09-27T23:43:35+00:00\",\"dateModified\":\"2023-10-04T18:28:02+00:00\",\"description\":\"A medida que aumenta el n\u00famero de clientes que optan por los coches el\u00e9ctricos, ofrecer una estaci\u00f3n de carga c\u00f3moda y fiable puede ser un elemento diferenciador frente a la competencia. Ah\u00ed es donde entra en juego Powerdot.\",\"breadcrumb\":{\"@id\":\"https:\/\/powerdot.eu\/es\/nuestras-soluciones\/supermercados#breadcrumb\"},\"inLanguage\":\"es\",\"potentialAction\":[{\"@type\":\"ReadAction\",\"target\":[\"https:\/\/powerdot.eu\/es\/nuestras-soluciones\/supermercados\"]}]},{\"@type\":\"BreadcrumbList\",\"@id\":\"https:\/\/powerdot.eu\/es\/nuestras-soluciones\/supermercados#breadcrumb\",\"itemListElement\":[{\"@type\":\"ListItem\",\"position\":1,\"name\":\"In\u00edcio\",\"item\":\"https:\/\/powerdot.eu\/es\"},{\"@type\":\"ListItem\",\"position\":2,\"name\":\"Nuestras soluciones\",\"item\":\"https:\/\/www.powerdot.eu\/es\/nuestras-soluciones\"},{\"@type\":\"ListItem\",\"position\":3,\"name\":\"Supermercados\"}]},{\"@type\":\"WebSite\",\"@id\":\"https:\/\/powerdot.eu\/es#website\",\"url\":\"https:\/\/powerdot.eu\/es\",\"name\":\"Powerdot\",\"description\":\"\",\"potentialAction\":[{\"@type\":\"SearchAction\",\"target\":{\"@type\":\"EntryPoint\",\"urlTemplate\":\"https:\/\/powerdot.eu\/es?s={search_term_string}\"},\"query-input\":{\"@type\":\"PropertyValueSpecification\",\"valueRequired\":true,\"valueName\":\"search_term_string\"}}],\"inLanguage\":\"es\"}]}<\/script>\n<!-- \/ Yoast SEO Premium plugin. -->","yoast_head_json":{"title":"Supermercados - Powerdot","description":"A medida que aumenta el n\u00famero de clientes que optan por los coches el\u00e9ctricos, ofrecer una estaci\u00f3n de carga c\u00f3moda y fiable puede ser un elemento diferenciador frente a la competencia. Ah\u00ed es donde entra en juego Powerdot.","robots":{"index":"noindex","follow":"follow"},"og_locale":"es_ES","og_type":"article","og_title":"Supermercados","og_description":"A medida que aumenta el n\u00famero de clientes que optan por los coches el\u00e9ctricos, ofrecer una estaci\u00f3n de carga c\u00f3moda y fiable puede ser un elemento diferenciador frente a la competencia. Ah\u00ed es donde entra en juego Powerdot.","og_url":"https:\/\/powerdot.eu\/es\/nuestras-soluciones\/supermercados","og_site_name":"Powerdot","article_modified_time":"2023-10-04T18:28:02+00:00","twitter_card":"summary_large_image","schema":{"@context":"https:\/\/schema.org","@graph":[{"@type":"WebPage","@id":"https:\/\/powerdot.eu\/es\/nuestras-soluciones\/supermercados","url":"https:\/\/powerdot.eu\/es\/nuestras-soluciones\/supermercados","name":"Supermercados - Powerdot","isPartOf":{"@id":"https:\/\/powerdot.eu\/es#website"},"datePublished":"2023-09-27T23:43:35+00:00","dateModified":"2023-10-04T18:28:02+00:00","description":"A medida que aumenta el n\u00famero de clientes que optan por los coches el\u00e9ctricos, ofrecer una estaci\u00f3n de carga c\u00f3moda y fiable puede ser un elemento diferenciador frente a la competencia. Ah\u00ed es donde entra en juego Powerdot.","breadcrumb":{"@id":"https:\/\/powerdot.eu\/es\/nuestras-soluciones\/supermercados#breadcrumb"},"inLanguage":"es","potentialAction":[{"@type":"ReadAction","target":["https:\/\/powerdot.eu\/es\/nuestras-soluciones\/supermercados"]}]},{"@type":"BreadcrumbList","@id":"https:\/\/powerdot.eu\/es\/nuestras-soluciones\/supermercados#breadcrumb","itemListElement":[{"@type":"ListItem","position":1,"name":"In\u00edcio","item":"https:\/\/powerdot.eu\/es"},{"@type":"ListItem","position":2,"name":"Nuestras soluciones","item":"https:\/\/www.powerdot.eu\/es\/nuestras-soluciones"},{"@type":"ListItem","position":3,"name":"Supermercados"}]},{"@type":"WebSite","@id":"https:\/\/powerdot.eu\/es#website","url":"https:\/\/powerdot.eu\/es","name":"Powerdot","description":"","potentialAction":[{"@type":"SearchAction","target":{"@type":"EntryPoint","urlTemplate":"https:\/\/powerdot.eu\/es?s={search_term_string}"},"query-input":{"@type":"PropertyValueSpecification","valueRequired":true,"valueName":"search_term_string"}}],"inLanguage":"es"}]}},"_links":{"self":[{"href":"https:\/\/powerdot.eu\/es\/wp-json\/wp\/v2\/pages\/4799"}],"collection":[{"href":"https:\/\/powerdot.eu\/es\/wp-json\/wp\/v2\/pages"}],"about":[{"href":"https:\/\/powerdot.eu\/es\/wp-json\/wp\/v2\/types\/page"}],"author":[{"embeddable":true,"href":"https:\/\/powerdot.eu\/es\/wp-json\/wp\/v2\/users\/6"}],"replies":[{"embeddable":true,"href":"https:\/\/powerdot.eu\/es\/wp-json\/wp\/v2\/comments?post=4799"}],"version-history":[{"count":4,"href":"https:\/\/powerdot.eu\/es\/wp-json\/wp\/v2\/pages\/4799\/revisions"}],"predecessor-version":[{"id":4969,"href":"https:\/\/powerdot.eu\/es\/wp-json\/wp\/v2\/pages\/4799\/revisions\/4969"}],"up":[{"embeddable":true,"href":"https:\/\/powerdot.eu\/es\/wp-json\/wp\/v2\/pages\/4793"}],"wp:attachment":[{"href":"https:\/\/powerdot.eu\/es\/wp-json\/wp\/v2\/media?parent=4799"}],"curies":[{"name":"wp","href":"https:\/\/api.w.org\/{rel}","templated":true}]}}