{"id":4798,"date":"2023-09-27T23:47:30","date_gmt":"2023-09-27T23:47:30","guid":{"rendered":"https:\/\/powerdot.eu\/?page_id=4798"},"modified":"2023-10-02T18:49:10","modified_gmt":"2023-10-02T18:49:10","slug":"tiendas-especializadas","status":"publish","type":"page","link":"https:\/\/52.16.203.169\/es\/nuestras-soluciones\/tiendas-especializadas","title":{"rendered":"Tiendas especializadas"},"content":{"rendered":"","protected":false},"excerpt":{"rendered":"","protected":false},"author":6,"featured_media":0,"parent":4793,"menu_order":0,"comment_status":"closed","ping_status":"closed","template":"page-solutions.php","meta":{"inline_featured_image":false,"footnotes":""},"class_list":["post-4798","page","type-page","status-publish","hentry"],"acf":[],"yoast_head":"<!-- This site is optimized with the Yoast SEO Premium plugin v23.6 (Yoast SEO v23.6) - https:\/\/yoast.com\/wordpress\/plugins\/seo\/ -->\n<title>Tiendas especializadas - Powerdot<\/title>\n<meta name=\"description\" content=\"Disponer de estaciones de carga para veh\u00edculos el\u00e9ctricos puede prolongar el tiempo de compra y aumentar el tr\u00e1fico de personas en tu tienda. Aqu\u00ed es donde Powerdot puede ayudarte.\" \/>\n<meta name=\"robots\" content=\"noindex, follow\" \/>\n<meta property=\"og:locale\" content=\"es_ES\" \/>\n<meta property=\"og:type\" content=\"article\" \/>\n<meta property=\"og:title\" content=\"Tiendas especializadas\" \/>\n<meta property=\"og:description\" content=\"Disponer de estaciones de carga para veh\u00edculos el\u00e9ctricos puede prolongar el tiempo de compra y aumentar el tr\u00e1fico de personas en tu tienda. Aqu\u00ed es donde Powerdot puede ayudarte.\" \/>\n<meta property=\"og:url\" content=\"https:\/\/52.16.203.169\/es\/nuestras-soluciones\/tiendas-especializadas\" \/>\n<meta property=\"og:site_name\" content=\"Powerdot\" \/>\n<meta property=\"article:modified_time\" content=\"2023-10-02T18:49:10+00:00\" \/>\n<meta name=\"twitter:card\" content=\"summary_large_image\" \/>\n<script type=\"application\/ld+json\" class=\"yoast-schema-graph\">{\"@context\":\"https:\/\/schema.org\",\"@graph\":[{\"@type\":\"WebPage\",\"@id\":\"https:\/\/52.16.203.169\/es\/nuestras-soluciones\/tiendas-especializadas\",\"url\":\"https:\/\/52.16.203.169\/es\/nuestras-soluciones\/tiendas-especializadas\",\"name\":\"Tiendas especializadas - Powerdot\",\"isPartOf\":{\"@id\":\"https:\/\/www.powerdot.eu\/#website\"},\"datePublished\":\"2023-09-27T23:47:30+00:00\",\"dateModified\":\"2023-10-02T18:49:10+00:00\",\"description\":\"Disponer de estaciones de carga para veh\u00edculos el\u00e9ctricos puede prolongar el tiempo de compra y aumentar el tr\u00e1fico de personas en tu tienda. Aqu\u00ed es donde Powerdot puede ayudarte.\",\"breadcrumb\":{\"@id\":\"https:\/\/52.16.203.169\/es\/nuestras-soluciones\/tiendas-especializadas#breadcrumb\"},\"inLanguage\":\"es\",\"potentialAction\":[{\"@type\":\"ReadAction\",\"target\":[\"https:\/\/52.16.203.169\/es\/nuestras-soluciones\/tiendas-especializadas\"]}]},{\"@type\":\"BreadcrumbList\",\"@id\":\"https:\/\/52.16.203.169\/es\/nuestras-soluciones\/tiendas-especializadas#breadcrumb\",\"itemListElement\":[{\"@type\":\"ListItem\",\"position\":1,\"name\":\"In\u00edcio\",\"item\":\"https:\/\/powerdot.eu\/es\"},{\"@type\":\"ListItem\",\"position\":2,\"name\":\"Nuestras soluciones\",\"item\":\"https:\/\/powerdot.eu:443\/es\/nuestras-soluciones\"},{\"@type\":\"ListItem\",\"position\":3,\"name\":\"Tiendas especializadas\"}]},{\"@type\":\"WebSite\",\"@id\":\"https:\/\/www.powerdot.eu\/#website\",\"url\":\"https:\/\/www.powerdot.eu\/\",\"name\":\"Powerdot\",\"description\":\"\",\"potentialAction\":[{\"@type\":\"SearchAction\",\"target\":{\"@type\":\"EntryPoint\",\"urlTemplate\":\"https:\/\/www.powerdot.eu\/?s={search_term_string}\"},\"query-input\":{\"@type\":\"PropertyValueSpecification\",\"valueRequired\":true,\"valueName\":\"search_term_string\"}}],\"inLanguage\":\"es\"}]}<\/script>\n<!-- \/ Yoast SEO Premium plugin. -->","yoast_head_json":{"title":"Tiendas especializadas - Powerdot","description":"Disponer de estaciones de carga para veh\u00edculos el\u00e9ctricos puede prolongar el tiempo de compra y aumentar el tr\u00e1fico de personas en tu tienda. Aqu\u00ed es donde Powerdot puede ayudarte.","robots":{"index":"noindex","follow":"follow"},"og_locale":"es_ES","og_type":"article","og_title":"Tiendas especializadas","og_description":"Disponer de estaciones de carga para veh\u00edculos el\u00e9ctricos puede prolongar el tiempo de compra y aumentar el tr\u00e1fico de personas en tu tienda. Aqu\u00ed es donde Powerdot puede ayudarte.","og_url":"https:\/\/52.16.203.169\/es\/nuestras-soluciones\/tiendas-especializadas","og_site_name":"Powerdot","article_modified_time":"2023-10-02T18:49:10+00:00","twitter_card":"summary_large_image","schema":{"@context":"https:\/\/schema.org","@graph":[{"@type":"WebPage","@id":"https:\/\/52.16.203.169\/es\/nuestras-soluciones\/tiendas-especializadas","url":"https:\/\/52.16.203.169\/es\/nuestras-soluciones\/tiendas-especializadas","name":"Tiendas especializadas - Powerdot","isPartOf":{"@id":"https:\/\/www.powerdot.eu\/#website"},"datePublished":"2023-09-27T23:47:30+00:00","dateModified":"2023-10-02T18:49:10+00:00","description":"Disponer de estaciones de carga para veh\u00edculos el\u00e9ctricos puede prolongar el tiempo de compra y aumentar el tr\u00e1fico de personas en tu tienda. Aqu\u00ed es donde Powerdot puede ayudarte.","breadcrumb":{"@id":"https:\/\/52.16.203.169\/es\/nuestras-soluciones\/tiendas-especializadas#breadcrumb"},"inLanguage":"es","potentialAction":[{"@type":"ReadAction","target":["https:\/\/52.16.203.169\/es\/nuestras-soluciones\/tiendas-especializadas"]}]},{"@type":"BreadcrumbList","@id":"https:\/\/52.16.203.169\/es\/nuestras-soluciones\/tiendas-especializadas#breadcrumb","itemListElement":[{"@type":"ListItem","position":1,"name":"In\u00edcio","item":"https:\/\/powerdot.eu\/es"},{"@type":"ListItem","position":2,"name":"Nuestras soluciones","item":"https:\/\/powerdot.eu:443\/es\/nuestras-soluciones"},{"@type":"ListItem","position":3,"name":"Tiendas especializadas"}]},{"@type":"WebSite","@id":"https:\/\/www.powerdot.eu\/#website","url":"https:\/\/www.powerdot.eu\/","name":"Powerdot","description":"","potentialAction":[{"@type":"SearchAction","target":{"@type":"EntryPoint","urlTemplate":"https:\/\/www.powerdot.eu\/?s={search_term_string}"},"query-input":{"@type":"PropertyValueSpecification","valueRequired":true,"valueName":"search_term_string"}}],"inLanguage":"es"}]}},"_links":{"self":[{"href":"https:\/\/52.16.203.169\/es\/wp-json\/wp\/v2\/pages\/4798"}],"collection":[{"href":"https:\/\/52.16.203.169\/es\/wp-json\/wp\/v2\/pages"}],"about":[{"href":"https:\/\/52.16.203.169\/es\/wp-json\/wp\/v2\/types\/page"}],"author":[{"embeddable":true,"href":"https:\/\/52.16.203.169\/es\/wp-json\/wp\/v2\/users\/6"}],"replies":[{"embeddable":true,"href":"https:\/\/52.16.203.169\/es\/wp-json\/wp\/v2\/comments?post=4798"}],"version-history":[{"count":4,"href":"https:\/\/52.16.203.169\/es\/wp-json\/wp\/v2\/pages\/4798\/revisions"}],"predecessor-version":[{"id":4970,"href":"https:\/\/52.16.203.169\/es\/wp-json\/wp\/v2\/pages\/4798\/revisions\/4970"}],"up":[{"embeddable":true,"href":"https:\/\/52.16.203.169\/es\/wp-json\/wp\/v2\/pages\/4793"}],"wp:attachment":[{"href":"https:\/\/52.16.203.169\/es\/wp-json\/wp\/v2\/media?parent=4798"}],"curies":[{"name":"wp","href":"https:\/\/api.w.org\/{rel}","templated":true}]}}