{"id":4796,"date":"2023-09-27T23:34:30","date_gmt":"2023-09-27T23:34:30","guid":{"rendered":"https:\/\/powerdot.eu\/?page_id=4796"},"modified":"2023-10-02T18:48:35","modified_gmt":"2023-10-02T18:48:35","slug":"restaurantes","status":"publish","type":"page","link":"https:\/\/powerdot.eu\/es\/nuestras-soluciones\/restaurantes","title":{"rendered":"Restaurantes"},"content":{"rendered":"","protected":false},"excerpt":{"rendered":"","protected":false},"author":6,"featured_media":0,"parent":4793,"menu_order":0,"comment_status":"closed","ping_status":"closed","template":"page-solutions.php","meta":{"inline_featured_image":false,"footnotes":""},"class_list":["post-4796","page","type-page","status-publish","hentry"],"acf":[],"yoast_head":"<!-- This site is optimized with the Yoast SEO Premium plugin v23.6 (Yoast SEO v23.6) - https:\/\/yoast.com\/wordpress\/plugins\/seo\/ -->\n<title>Restaurantes - Powerdot<\/title>\n<meta name=\"description\" content=\"La instalaci\u00f3n de una estaci\u00f3n de carga puede aumentar el atractivo de tu restaurante para los clientes con conciencia ecol\u00f3gica, mejorar su experiencia y diferenciarte de la competencia.\" \/>\n<meta name=\"robots\" content=\"noindex, follow\" \/>\n<meta property=\"og:locale\" content=\"es_ES\" \/>\n<meta property=\"og:type\" content=\"article\" \/>\n<meta property=\"og:title\" content=\"Restaurantes\" \/>\n<meta property=\"og:description\" content=\"La instalaci\u00f3n de una estaci\u00f3n de carga puede aumentar el atractivo de tu restaurante para los clientes con conciencia ecol\u00f3gica, mejorar su experiencia y diferenciarte de la competencia.\" \/>\n<meta property=\"og:url\" content=\"https:\/\/powerdot.eu\/es\/nuestras-soluciones\/restaurantes\" \/>\n<meta property=\"og:site_name\" content=\"Powerdot\" \/>\n<meta property=\"article:modified_time\" content=\"2023-10-02T18:48:35+00:00\" \/>\n<meta name=\"twitter:card\" content=\"summary_large_image\" \/>\n<script type=\"application\/ld+json\" class=\"yoast-schema-graph\">{\"@context\":\"https:\/\/schema.org\",\"@graph\":[{\"@type\":\"WebPage\",\"@id\":\"https:\/\/powerdot.eu\/es\/nuestras-soluciones\/restaurantes\",\"url\":\"https:\/\/powerdot.eu\/es\/nuestras-soluciones\/restaurantes\",\"name\":\"Restaurantes - Powerdot\",\"isPartOf\":{\"@id\":\"https:\/\/powerdot.eu\/es#website\"},\"datePublished\":\"2023-09-27T23:34:30+00:00\",\"dateModified\":\"2023-10-02T18:48:35+00:00\",\"description\":\"La instalaci\u00f3n de una estaci\u00f3n de carga puede aumentar el atractivo de tu restaurante para los clientes con conciencia ecol\u00f3gica, mejorar su experiencia y diferenciarte de la competencia.\",\"breadcrumb\":{\"@id\":\"https:\/\/powerdot.eu\/es\/nuestras-soluciones\/restaurantes#breadcrumb\"},\"inLanguage\":\"es\",\"potentialAction\":[{\"@type\":\"ReadAction\",\"target\":[\"https:\/\/powerdot.eu\/es\/nuestras-soluciones\/restaurantes\"]}]},{\"@type\":\"BreadcrumbList\",\"@id\":\"https:\/\/powerdot.eu\/es\/nuestras-soluciones\/restaurantes#breadcrumb\",\"itemListElement\":[{\"@type\":\"ListItem\",\"position\":1,\"name\":\"In\u00edcio\",\"item\":\"https:\/\/powerdot.eu\/es\"},{\"@type\":\"ListItem\",\"position\":2,\"name\":\"Nuestras soluciones\",\"item\":\"https:\/\/www.powerdot.eu\/es\/nuestras-soluciones\"},{\"@type\":\"ListItem\",\"position\":3,\"name\":\"Restaurantes\"}]},{\"@type\":\"WebSite\",\"@id\":\"https:\/\/powerdot.eu\/es#website\",\"url\":\"https:\/\/powerdot.eu\/es\",\"name\":\"Powerdot\",\"description\":\"\",\"potentialAction\":[{\"@type\":\"SearchAction\",\"target\":{\"@type\":\"EntryPoint\",\"urlTemplate\":\"https:\/\/powerdot.eu\/es?s={search_term_string}\"},\"query-input\":{\"@type\":\"PropertyValueSpecification\",\"valueRequired\":true,\"valueName\":\"search_term_string\"}}],\"inLanguage\":\"es\"}]}<\/script>\n<!-- \/ Yoast SEO Premium plugin. -->","yoast_head_json":{"title":"Restaurantes - Powerdot","description":"La instalaci\u00f3n de una estaci\u00f3n de carga puede aumentar el atractivo de tu restaurante para los clientes con conciencia ecol\u00f3gica, mejorar su experiencia y diferenciarte de la competencia.","robots":{"index":"noindex","follow":"follow"},"og_locale":"es_ES","og_type":"article","og_title":"Restaurantes","og_description":"La instalaci\u00f3n de una estaci\u00f3n de carga puede aumentar el atractivo de tu restaurante para los clientes con conciencia ecol\u00f3gica, mejorar su experiencia y diferenciarte de la competencia.","og_url":"https:\/\/powerdot.eu\/es\/nuestras-soluciones\/restaurantes","og_site_name":"Powerdot","article_modified_time":"2023-10-02T18:48:35+00:00","twitter_card":"summary_large_image","schema":{"@context":"https:\/\/schema.org","@graph":[{"@type":"WebPage","@id":"https:\/\/powerdot.eu\/es\/nuestras-soluciones\/restaurantes","url":"https:\/\/powerdot.eu\/es\/nuestras-soluciones\/restaurantes","name":"Restaurantes - Powerdot","isPartOf":{"@id":"https:\/\/powerdot.eu\/es#website"},"datePublished":"2023-09-27T23:34:30+00:00","dateModified":"2023-10-02T18:48:35+00:00","description":"La instalaci\u00f3n de una estaci\u00f3n de carga puede aumentar el atractivo de tu restaurante para los clientes con conciencia ecol\u00f3gica, mejorar su experiencia y diferenciarte de la competencia.","breadcrumb":{"@id":"https:\/\/powerdot.eu\/es\/nuestras-soluciones\/restaurantes#breadcrumb"},"inLanguage":"es","potentialAction":[{"@type":"ReadAction","target":["https:\/\/powerdot.eu\/es\/nuestras-soluciones\/restaurantes"]}]},{"@type":"BreadcrumbList","@id":"https:\/\/powerdot.eu\/es\/nuestras-soluciones\/restaurantes#breadcrumb","itemListElement":[{"@type":"ListItem","position":1,"name":"In\u00edcio","item":"https:\/\/powerdot.eu\/es"},{"@type":"ListItem","position":2,"name":"Nuestras soluciones","item":"https:\/\/www.powerdot.eu\/es\/nuestras-soluciones"},{"@type":"ListItem","position":3,"name":"Restaurantes"}]},{"@type":"WebSite","@id":"https:\/\/powerdot.eu\/es#website","url":"https:\/\/powerdot.eu\/es","name":"Powerdot","description":"","potentialAction":[{"@type":"SearchAction","target":{"@type":"EntryPoint","urlTemplate":"https:\/\/powerdot.eu\/es?s={search_term_string}"},"query-input":{"@type":"PropertyValueSpecification","valueRequired":true,"valueName":"search_term_string"}}],"inLanguage":"es"}]}},"_links":{"self":[{"href":"https:\/\/powerdot.eu\/es\/wp-json\/wp\/v2\/pages\/4796"}],"collection":[{"href":"https:\/\/powerdot.eu\/es\/wp-json\/wp\/v2\/pages"}],"about":[{"href":"https:\/\/powerdot.eu\/es\/wp-json\/wp\/v2\/types\/page"}],"author":[{"embeddable":true,"href":"https:\/\/powerdot.eu\/es\/wp-json\/wp\/v2\/users\/6"}],"replies":[{"embeddable":true,"href":"https:\/\/powerdot.eu\/es\/wp-json\/wp\/v2\/comments?post=4796"}],"version-history":[{"count":4,"href":"https:\/\/powerdot.eu\/es\/wp-json\/wp\/v2\/pages\/4796\/revisions"}],"predecessor-version":[{"id":4968,"href":"https:\/\/powerdot.eu\/es\/wp-json\/wp\/v2\/pages\/4796\/revisions\/4968"}],"up":[{"embeddable":true,"href":"https:\/\/powerdot.eu\/es\/wp-json\/wp\/v2\/pages\/4793"}],"wp:attachment":[{"href":"https:\/\/powerdot.eu\/es\/wp-json\/wp\/v2\/media?parent=4796"}],"curies":[{"name":"wp","href":"https:\/\/api.w.org\/{rel}","templated":true}]}}