{"id":4052,"date":"2023-08-22T08:55:45","date_gmt":"2023-08-22T08:55:45","guid":{"rendered":"https:\/\/powerdot.eu\/?page_id=4052"},"modified":"2025-11-12T15:01:41","modified_gmt":"2025-11-12T15:01:41","slug":"sobre-nosotros","status":"publish","type":"page","link":"https:\/\/52.16.203.169\/es\/sobre-nosotros","title":{"rendered":"Sobre nosotros"},"content":{"rendered":"","protected":false},"excerpt":{"rendered":"","protected":false},"author":6,"featured_media":0,"parent":0,"menu_order":0,"comment_status":"closed","ping_status":"closed","template":"page-sobre.php","meta":{"inline_featured_image":false,"footnotes":""},"class_list":["post-4052","page","type-page","status-publish","hentry"],"acf":[],"yoast_head":"<!-- This site is optimized with the Yoast SEO Premium plugin v23.6 (Yoast SEO v23.6) - https:\/\/yoast.com\/wordpress\/plugins\/seo\/ -->\n<title>Sobre nosotros - Powerdot<\/title>\n<meta name=\"description\" content=\"Obtenga m\u00e1s informaci\u00f3n sobre Powedot, una empresa que est\u00e1 dando forma al futuro de la movilidad sostenible. Descubra nuestra misi\u00f3n, valores, objetivos y mucho m\u00e1s.\" \/>\n<meta name=\"robots\" content=\"index, follow, max-snippet:-1, max-image-preview:large, max-video-preview:-1\" \/>\n<link rel=\"canonical\" href=\"https:\/\/powerdot.eu\/es\/sobre-nosotros\" \/>\n<meta property=\"og:locale\" content=\"es_ES\" \/>\n<meta property=\"og:type\" content=\"article\" \/>\n<meta property=\"og:title\" content=\"Sobre nosotros\" \/>\n<meta property=\"og:description\" content=\"Obtenga m\u00e1s informaci\u00f3n sobre Powedot, una empresa que est\u00e1 dando forma al futuro de la movilidad sostenible. Descubra nuestra misi\u00f3n, valores, objetivos y mucho m\u00e1s.\" \/>\n<meta property=\"og:url\" content=\"https:\/\/powerdot.eu\/es\/sobre-nosotros\" \/>\n<meta property=\"og:site_name\" content=\"Powerdot\" \/>\n<meta property=\"article:modified_time\" content=\"2025-11-12T15:01:41+00:00\" \/>\n<meta name=\"twitter:card\" content=\"summary_large_image\" \/>\n<meta name=\"twitter:label1\" content=\"Tiempo de lectura\" \/>\n\t<meta name=\"twitter:data1\" content=\"6 minutos\" \/>\n<script type=\"application\/ld+json\" class=\"yoast-schema-graph\">{\"@context\":\"https:\/\/schema.org\",\"@graph\":[{\"@type\":\"WebPage\",\"@id\":\"https:\/\/52.16.203.169\/es\/sobre-nosotros\",\"url\":\"https:\/\/powerdot.eu\/es\/sobre-nosotros\",\"name\":\"Sobre nosotros - Powerdot\",\"isPartOf\":{\"@id\":\"https:\/\/www.powerdot.eu\/#website\"},\"datePublished\":\"2023-08-22T08:55:45+00:00\",\"dateModified\":\"2025-11-12T15:01:41+00:00\",\"description\":\"Obtenga m\u00e1s informaci\u00f3n sobre Powedot, una empresa que est\u00e1 dando forma al futuro de la movilidad sostenible. Descubra nuestra misi\u00f3n, valores, objetivos y mucho m\u00e1s.\",\"breadcrumb\":{\"@id\":\"https:\/\/powerdot.eu\/es\/sobre-nosotros#breadcrumb\"},\"inLanguage\":\"es\",\"potentialAction\":[{\"@type\":\"ReadAction\",\"target\":[\"https:\/\/powerdot.eu\/es\/sobre-nosotros\"]}]},{\"@type\":\"BreadcrumbList\",\"@id\":\"https:\/\/powerdot.eu\/es\/sobre-nosotros#breadcrumb\",\"itemListElement\":[{\"@type\":\"ListItem\",\"position\":1,\"name\":\"In\u00edcio\",\"item\":\"https:\/\/powerdot.eu\/es\"},{\"@type\":\"ListItem\",\"position\":2,\"name\":\"Sobre nosotros\"}]},{\"@type\":\"WebSite\",\"@id\":\"https:\/\/www.powerdot.eu\/#website\",\"url\":\"https:\/\/www.powerdot.eu\/\",\"name\":\"Powerdot\",\"description\":\"\",\"potentialAction\":[{\"@type\":\"SearchAction\",\"target\":{\"@type\":\"EntryPoint\",\"urlTemplate\":\"https:\/\/www.powerdot.eu\/?s={search_term_string}\"},\"query-input\":{\"@type\":\"PropertyValueSpecification\",\"valueRequired\":true,\"valueName\":\"search_term_string\"}}],\"inLanguage\":\"es\"}]}<\/script>\n<!-- \/ Yoast SEO Premium plugin. -->","yoast_head_json":{"title":"Sobre nosotros - Powerdot","description":"Obtenga m\u00e1s informaci\u00f3n sobre Powedot, una empresa que est\u00e1 dando forma al futuro de la movilidad sostenible. Descubra nuestra misi\u00f3n, valores, objetivos y mucho m\u00e1s.","robots":{"index":"index","follow":"follow","max-snippet":"max-snippet:-1","max-image-preview":"max-image-preview:large","max-video-preview":"max-video-preview:-1"},"canonical":"https:\/\/powerdot.eu\/es\/sobre-nosotros","og_locale":"es_ES","og_type":"article","og_title":"Sobre nosotros","og_description":"Obtenga m\u00e1s informaci\u00f3n sobre Powedot, una empresa que est\u00e1 dando forma al futuro de la movilidad sostenible. Descubra nuestra misi\u00f3n, valores, objetivos y mucho m\u00e1s.","og_url":"https:\/\/powerdot.eu\/es\/sobre-nosotros","og_site_name":"Powerdot","article_modified_time":"2025-11-12T15:01:41+00:00","twitter_card":"summary_large_image","twitter_misc":{"Tiempo de lectura":"6 minutos"},"schema":{"@context":"https:\/\/schema.org","@graph":[{"@type":"WebPage","@id":"https:\/\/52.16.203.169\/es\/sobre-nosotros","url":"https:\/\/powerdot.eu\/es\/sobre-nosotros","name":"Sobre nosotros - Powerdot","isPartOf":{"@id":"https:\/\/www.powerdot.eu\/#website"},"datePublished":"2023-08-22T08:55:45+00:00","dateModified":"2025-11-12T15:01:41+00:00","description":"Obtenga m\u00e1s informaci\u00f3n sobre Powedot, una empresa que est\u00e1 dando forma al futuro de la movilidad sostenible. Descubra nuestra misi\u00f3n, valores, objetivos y mucho m\u00e1s.","breadcrumb":{"@id":"https:\/\/powerdot.eu\/es\/sobre-nosotros#breadcrumb"},"inLanguage":"es","potentialAction":[{"@type":"ReadAction","target":["https:\/\/powerdot.eu\/es\/sobre-nosotros"]}]},{"@type":"BreadcrumbList","@id":"https:\/\/powerdot.eu\/es\/sobre-nosotros#breadcrumb","itemListElement":[{"@type":"ListItem","position":1,"name":"In\u00edcio","item":"https:\/\/powerdot.eu\/es"},{"@type":"ListItem","position":2,"name":"Sobre nosotros"}]},{"@type":"WebSite","@id":"https:\/\/www.powerdot.eu\/#website","url":"https:\/\/www.powerdot.eu\/","name":"Powerdot","description":"","potentialAction":[{"@type":"SearchAction","target":{"@type":"EntryPoint","urlTemplate":"https:\/\/www.powerdot.eu\/?s={search_term_string}"},"query-input":{"@type":"PropertyValueSpecification","valueRequired":true,"valueName":"search_term_string"}}],"inLanguage":"es"}]}},"_links":{"self":[{"href":"https:\/\/52.16.203.169\/es\/wp-json\/wp\/v2\/pages\/4052"}],"collection":[{"href":"https:\/\/52.16.203.169\/es\/wp-json\/wp\/v2\/pages"}],"about":[{"href":"https:\/\/52.16.203.169\/es\/wp-json\/wp\/v2\/types\/page"}],"author":[{"embeddable":true,"href":"https:\/\/52.16.203.169\/es\/wp-json\/wp\/v2\/users\/6"}],"replies":[{"embeddable":true,"href":"https:\/\/52.16.203.169\/es\/wp-json\/wp\/v2\/comments?post=4052"}],"version-history":[{"count":19,"href":"https:\/\/52.16.203.169\/es\/wp-json\/wp\/v2\/pages\/4052\/revisions"}],"predecessor-version":[{"id":26753,"href":"https:\/\/52.16.203.169\/es\/wp-json\/wp\/v2\/pages\/4052\/revisions\/26753"}],"wp:attachment":[{"href":"https:\/\/52.16.203.169\/es\/wp-json\/wp\/v2\/media?parent=4052"}],"curies":[{"name":"wp","href":"https:\/\/api.w.org\/{rel}","templated":true}]}}