{"id":133,"date":"2023-01-05T17:57:43","date_gmt":"2023-01-05T17:57:43","guid":{"rendered":"http:\/\/52.213.89.96\/home\/"},"modified":"2025-07-31T19:32:25","modified_gmt":"2025-07-31T19:32:25","slug":"home","status":"publish","type":"page","link":"https:\/\/powerdot.eu:443\/es","title":{"rendered":"Inicio"},"content":{"rendered":"","protected":false},"excerpt":{"rendered":"","protected":false},"author":1,"featured_media":3828,"parent":0,"menu_order":0,"comment_status":"closed","ping_status":"open","template":"page-home.php","meta":{"inline_featured_image":false,"footnotes":""},"class_list":["post-133","page","type-page","status-publish","has-post-thumbnail","hentry"],"acf":[],"yoast_head":"<!-- This site is optimized with the Yoast SEO Premium plugin v23.6 (Yoast SEO v23.6) - https:\/\/yoast.com\/wordpress\/plugins\/seo\/ -->\n<title>Inicio - Powerdot<\/title>\n<meta name=\"description\" content=\"Powerdot Espa\u00f1a ofrece soluciones de carga para veh\u00edculos el\u00e9ctricos en ubicaciones convenientes en seis pa\u00edses europeos.\" \/>\n<meta name=\"robots\" content=\"index, follow, max-snippet:-1, max-image-preview:large, max-video-preview:-1\" \/>\n<link rel=\"canonical\" href=\"https:\/\/powerdot.eu\/es\" \/>\n<meta property=\"og:locale\" content=\"es_ES\" \/>\n<meta property=\"og:type\" content=\"article\" \/>\n<meta property=\"og:title\" content=\"Inicio\" \/>\n<meta property=\"og:description\" content=\"Powerdot Espa\u00f1a ofrece soluciones de carga para veh\u00edculos el\u00e9ctricos en ubicaciones convenientes en seis pa\u00edses europeos.\" \/>\n<meta property=\"og:url\" content=\"https:\/\/powerdot.eu\/es\" \/>\n<meta property=\"og:site_name\" content=\"Powerdot\" \/>\n<meta property=\"article:modified_time\" content=\"2025-07-31T19:32:25+00:00\" \/>\n<meta property=\"og:image\" content=\"https:\/\/powerdot.eu\/wp-content\/uploads\/2023\/07\/bragaparque_april-20-3-1-1024x511.png\" \/>\n\t<meta property=\"og:image:width\" content=\"1024\" \/>\n\t<meta property=\"og:image:height\" content=\"511\" \/>\n\t<meta property=\"og:image:type\" content=\"image\/png\" \/>\n<meta name=\"twitter:card\" content=\"summary_large_image\" \/>\n<meta name=\"twitter:label1\" content=\"Tiempo de lectura\" \/>\n\t<meta name=\"twitter:data1\" content=\"10 minutos\" \/>\n<script type=\"application\/ld+json\" class=\"yoast-schema-graph\">{\"@context\":\"https:\/\/schema.org\",\"@graph\":[{\"@type\":\"WebPage\",\"@id\":\"https:\/\/powerdot.eu:443\/es\",\"url\":\"https:\/\/powerdot.eu\/es\",\"name\":\"Inicio - Powerdot\",\"isPartOf\":{\"@id\":\"https:\/\/powerdot.eu\/en#website\"},\"primaryImageOfPage\":{\"@id\":\"https:\/\/powerdot.eu\/es#primaryimage\"},\"image\":{\"@id\":\"https:\/\/powerdot.eu\/es#primaryimage\"},\"thumbnailUrl\":\"https:\/\/powerdot.eu:443\/wp-content\/uploads\/2023\/07\/bragaparque_april-20-3-1.png\",\"datePublished\":\"2023-01-05T17:57:43+00:00\",\"dateModified\":\"2025-07-31T19:32:25+00:00\",\"description\":\"Powerdot Espa\u00f1a ofrece soluciones de carga para veh\u00edculos el\u00e9ctricos en ubicaciones convenientes en seis pa\u00edses europeos.\",\"breadcrumb\":{\"@id\":\"https:\/\/powerdot.eu\/es#breadcrumb\"},\"inLanguage\":\"es\",\"potentialAction\":[{\"@type\":\"ReadAction\",\"target\":[\"https:\/\/powerdot.eu\/es\"]}]},{\"@type\":\"ImageObject\",\"inLanguage\":\"es\",\"@id\":\"https:\/\/powerdot.eu\/es#primaryimage\",\"url\":\"https:\/\/powerdot.eu:443\/wp-content\/uploads\/2023\/07\/bragaparque_april-20-3-1.png\",\"contentUrl\":\"https:\/\/powerdot.eu:443\/wp-content\/uploads\/2023\/07\/bragaparque_april-20-3-1.png\",\"width\":1920,\"height\":959},{\"@type\":\"BreadcrumbList\",\"@id\":\"https:\/\/powerdot.eu\/es#breadcrumb\",\"itemListElement\":[{\"@type\":\"ListItem\",\"position\":1,\"name\":\"In\u00edcio\",\"item\":\"https:\/\/powerdot.eu\/es\"},{\"@type\":\"ListItem\",\"position\":2,\"name\":\"Inicio\"}]},{\"@type\":\"WebSite\",\"@id\":\"https:\/\/powerdot.eu\/en#website\",\"url\":\"https:\/\/powerdot.eu\/en\",\"name\":\"Powerdot\",\"description\":\"\",\"potentialAction\":[{\"@type\":\"SearchAction\",\"target\":{\"@type\":\"EntryPoint\",\"urlTemplate\":\"https:\/\/powerdot.eu\/en?s={search_term_string}\"},\"query-input\":{\"@type\":\"PropertyValueSpecification\",\"valueRequired\":true,\"valueName\":\"search_term_string\"}}],\"inLanguage\":\"es\"}]}<\/script>\n<!-- \/ Yoast SEO Premium plugin. -->","yoast_head_json":{"title":"Inicio - Powerdot","description":"Powerdot Espa\u00f1a ofrece soluciones de carga para veh\u00edculos el\u00e9ctricos en ubicaciones convenientes en seis pa\u00edses europeos.","robots":{"index":"index","follow":"follow","max-snippet":"max-snippet:-1","max-image-preview":"max-image-preview:large","max-video-preview":"max-video-preview:-1"},"canonical":"https:\/\/powerdot.eu\/es","og_locale":"es_ES","og_type":"article","og_title":"Inicio","og_description":"Powerdot Espa\u00f1a ofrece soluciones de carga para veh\u00edculos el\u00e9ctricos en ubicaciones convenientes en seis pa\u00edses europeos.","og_url":"https:\/\/powerdot.eu\/es","og_site_name":"Powerdot","article_modified_time":"2025-07-31T19:32:25+00:00","og_image":[{"width":1024,"height":511,"url":"https:\/\/powerdot.eu\/wp-content\/uploads\/2023\/07\/bragaparque_april-20-3-1-1024x511.png","type":"image\/png"}],"twitter_card":"summary_large_image","twitter_misc":{"Tiempo de lectura":"10 minutos"},"schema":{"@context":"https:\/\/schema.org","@graph":[{"@type":"WebPage","@id":"https:\/\/powerdot.eu:443\/es","url":"https:\/\/powerdot.eu\/es","name":"Inicio - Powerdot","isPartOf":{"@id":"https:\/\/powerdot.eu\/en#website"},"primaryImageOfPage":{"@id":"https:\/\/powerdot.eu\/es#primaryimage"},"image":{"@id":"https:\/\/powerdot.eu\/es#primaryimage"},"thumbnailUrl":"https:\/\/powerdot.eu:443\/wp-content\/uploads\/2023\/07\/bragaparque_april-20-3-1.png","datePublished":"2023-01-05T17:57:43+00:00","dateModified":"2025-07-31T19:32:25+00:00","description":"Powerdot Espa\u00f1a ofrece soluciones de carga para veh\u00edculos el\u00e9ctricos en ubicaciones convenientes en seis pa\u00edses europeos.","breadcrumb":{"@id":"https:\/\/powerdot.eu\/es#breadcrumb"},"inLanguage":"es","potentialAction":[{"@type":"ReadAction","target":["https:\/\/powerdot.eu\/es"]}]},{"@type":"ImageObject","inLanguage":"es","@id":"https:\/\/powerdot.eu\/es#primaryimage","url":"https:\/\/powerdot.eu:443\/wp-content\/uploads\/2023\/07\/bragaparque_april-20-3-1.png","contentUrl":"https:\/\/powerdot.eu:443\/wp-content\/uploads\/2023\/07\/bragaparque_april-20-3-1.png","width":1920,"height":959},{"@type":"BreadcrumbList","@id":"https:\/\/powerdot.eu\/es#breadcrumb","itemListElement":[{"@type":"ListItem","position":1,"name":"In\u00edcio","item":"https:\/\/powerdot.eu\/es"},{"@type":"ListItem","position":2,"name":"Inicio"}]},{"@type":"WebSite","@id":"https:\/\/powerdot.eu\/en#website","url":"https:\/\/powerdot.eu\/en","name":"Powerdot","description":"","potentialAction":[{"@type":"SearchAction","target":{"@type":"EntryPoint","urlTemplate":"https:\/\/powerdot.eu\/en?s={search_term_string}"},"query-input":{"@type":"PropertyValueSpecification","valueRequired":true,"valueName":"search_term_string"}}],"inLanguage":"es"}]}},"_links":{"self":[{"href":"https:\/\/powerdot.eu:443\/es\/wp-json\/wp\/v2\/pages\/133"}],"collection":[{"href":"https:\/\/powerdot.eu:443\/es\/wp-json\/wp\/v2\/pages"}],"about":[{"href":"https:\/\/powerdot.eu:443\/es\/wp-json\/wp\/v2\/types\/page"}],"author":[{"embeddable":true,"href":"https:\/\/powerdot.eu:443\/es\/wp-json\/wp\/v2\/users\/1"}],"replies":[{"embeddable":true,"href":"https:\/\/powerdot.eu:443\/es\/wp-json\/wp\/v2\/comments?post=133"}],"version-history":[{"count":50,"href":"https:\/\/powerdot.eu:443\/es\/wp-json\/wp\/v2\/pages\/133\/revisions"}],"predecessor-version":[{"id":26481,"href":"https:\/\/powerdot.eu:443\/es\/wp-json\/wp\/v2\/pages\/133\/revisions\/26481"}],"wp:featuredmedia":[{"embeddable":true,"href":"https:\/\/powerdot.eu:443\/es\/wp-json\/wp\/v2\/media\/3828"}],"wp:attachment":[{"href":"https:\/\/powerdot.eu:443\/es\/wp-json\/wp\/v2\/media?parent=133"}],"curies":[{"name":"wp","href":"https:\/\/api.w.org\/{rel}","templated":true}]}}