{"id":7601,"date":"2023-10-02T19:18:18","date_gmt":"2023-10-02T19:18:18","guid":{"rendered":"https:\/\/powerdot.eu\/onze-oplossingen\/centres-commerciaux"},"modified":"2024-05-31T11:11:38","modified_gmt":"2024-05-31T11:11:38","slug":"winkelcentra","status":"publish","type":"page","link":"https:\/\/powerdot.eu\/be\/onze-oplossingen\/winkelcentra","title":{"rendered":"Winkelcentra"},"content":{"rendered":"","protected":false},"excerpt":{"rendered":"","protected":false},"author":6,"featured_media":0,"parent":7596,"menu_order":0,"comment_status":"closed","ping_status":"closed","template":"page-solutions.php","meta":{"inline_featured_image":false,"footnotes":""},"class_list":["post-7601","page","type-page","status-publish","hentry"],"acf":[],"yoast_head":"<!-- This site is optimized with the Yoast SEO Premium plugin v23.6 (Yoast SEO v23.6) - https:\/\/yoast.com\/wordpress\/plugins\/seo\/ -->\n<title>Winkelcentra - Powerdot<\/title>\n<meta name=\"description\" content=\"En mettant \u00e0 disposition des bornes de recharge pour v\u00e9hicules \u00e9lectriques (VE), les centres commerciaux peuvent s&#039;ins\u00e9rer dans le march\u00e9 croissant des propri\u00e9taires de VE, attirer davantage de visiteurs et enrichir l&#039;exp\u00e9rience client.\" \/>\n<meta name=\"robots\" content=\"noindex, follow\" \/>\n<meta property=\"og:locale\" content=\"nl_NL\" \/>\n<meta property=\"og:type\" content=\"article\" \/>\n<meta property=\"og:title\" content=\"Winkelcentra\" \/>\n<meta property=\"og:description\" content=\"En mettant \u00e0 disposition des bornes de recharge pour v\u00e9hicules \u00e9lectriques (VE), les centres commerciaux peuvent s&#039;ins\u00e9rer dans le march\u00e9 croissant des propri\u00e9taires de VE, attirer davantage de visiteurs et enrichir l&#039;exp\u00e9rience client.\" \/>\n<meta property=\"og:url\" content=\"https:\/\/powerdot.eu\/be\/onze-oplossingen\/winkelcentra\" \/>\n<meta property=\"og:site_name\" content=\"Powerdot\" \/>\n<meta property=\"article:modified_time\" content=\"2024-05-31T11:11:38+00:00\" \/>\n<meta name=\"twitter:card\" content=\"summary_large_image\" \/>\n<meta name=\"twitter:label1\" content=\"Est. reading time\" \/>\n\t<meta name=\"twitter:data1\" content=\"6 minutes\" \/>\n<script type=\"application\/ld+json\" class=\"yoast-schema-graph\">{\"@context\":\"https:\/\/schema.org\",\"@graph\":[{\"@type\":\"WebPage\",\"@id\":\"https:\/\/powerdot.eu\/be\/onze-oplossingen\/winkelcentra\",\"url\":\"https:\/\/powerdot.eu\/be\/onze-oplossingen\/winkelcentra\",\"name\":\"Winkelcentra - Powerdot\",\"isPartOf\":{\"@id\":\"https:\/\/www.powerdot.eu\/be#website\"},\"datePublished\":\"2023-10-02T19:18:18+00:00\",\"dateModified\":\"2024-05-31T11:11:38+00:00\",\"description\":\"En mettant \u00e0 disposition des bornes de recharge pour v\u00e9hicules \u00e9lectriques (VE), les centres commerciaux peuvent s'ins\u00e9rer dans le march\u00e9 croissant des propri\u00e9taires de VE, attirer davantage de visiteurs et enrichir l'exp\u00e9rience client.\",\"breadcrumb\":{\"@id\":\"https:\/\/powerdot.eu\/be\/onze-oplossingen\/winkelcentra#breadcrumb\"},\"inLanguage\":\"nl-be\",\"potentialAction\":[{\"@type\":\"ReadAction\",\"target\":[\"https:\/\/powerdot.eu\/be\/onze-oplossingen\/winkelcentra\"]}]},{\"@type\":\"BreadcrumbList\",\"@id\":\"https:\/\/powerdot.eu\/be\/onze-oplossingen\/winkelcentra#breadcrumb\",\"itemListElement\":[{\"@type\":\"ListItem\",\"position\":1,\"name\":\"In\u00edcio\",\"item\":\"https:\/\/www.powerdot.eu\/be\"},{\"@type\":\"ListItem\",\"position\":2,\"name\":\"Onze oplossingen\",\"item\":\"https:\/\/powerdot.eu\/be\/onze-oplossingen\"},{\"@type\":\"ListItem\",\"position\":3,\"name\":\"Winkelcentra\"}]},{\"@type\":\"WebSite\",\"@id\":\"https:\/\/www.powerdot.eu\/be#website\",\"url\":\"https:\/\/www.powerdot.eu\/be\",\"name\":\"Powerdot\",\"description\":\"\",\"potentialAction\":[{\"@type\":\"SearchAction\",\"target\":{\"@type\":\"EntryPoint\",\"urlTemplate\":\"https:\/\/www.powerdot.eu\/be?s={search_term_string}\"},\"query-input\":{\"@type\":\"PropertyValueSpecification\",\"valueRequired\":true,\"valueName\":\"search_term_string\"}}],\"inLanguage\":\"nl-be\"}]}<\/script>\n<!-- \/ Yoast SEO Premium plugin. -->","yoast_head_json":{"title":"Winkelcentra - Powerdot","description":"En mettant \u00e0 disposition des bornes de recharge pour v\u00e9hicules \u00e9lectriques (VE), les centres commerciaux peuvent s'ins\u00e9rer dans le march\u00e9 croissant des propri\u00e9taires de VE, attirer davantage de visiteurs et enrichir l'exp\u00e9rience client.","robots":{"index":"noindex","follow":"follow"},"og_locale":"nl_NL","og_type":"article","og_title":"Winkelcentra","og_description":"En mettant \u00e0 disposition des bornes de recharge pour v\u00e9hicules \u00e9lectriques (VE), les centres commerciaux peuvent s'ins\u00e9rer dans le march\u00e9 croissant des propri\u00e9taires de VE, attirer davantage de visiteurs et enrichir l'exp\u00e9rience client.","og_url":"https:\/\/powerdot.eu\/be\/onze-oplossingen\/winkelcentra","og_site_name":"Powerdot","article_modified_time":"2024-05-31T11:11:38+00:00","twitter_card":"summary_large_image","twitter_misc":{"Est. reading time":"6 minutes"},"schema":{"@context":"https:\/\/schema.org","@graph":[{"@type":"WebPage","@id":"https:\/\/powerdot.eu\/be\/onze-oplossingen\/winkelcentra","url":"https:\/\/powerdot.eu\/be\/onze-oplossingen\/winkelcentra","name":"Winkelcentra - Powerdot","isPartOf":{"@id":"https:\/\/www.powerdot.eu\/be#website"},"datePublished":"2023-10-02T19:18:18+00:00","dateModified":"2024-05-31T11:11:38+00:00","description":"En mettant \u00e0 disposition des bornes de recharge pour v\u00e9hicules \u00e9lectriques (VE), les centres commerciaux peuvent s'ins\u00e9rer dans le march\u00e9 croissant des propri\u00e9taires de VE, attirer davantage de visiteurs et enrichir l'exp\u00e9rience client.","breadcrumb":{"@id":"https:\/\/powerdot.eu\/be\/onze-oplossingen\/winkelcentra#breadcrumb"},"inLanguage":"nl-be","potentialAction":[{"@type":"ReadAction","target":["https:\/\/powerdot.eu\/be\/onze-oplossingen\/winkelcentra"]}]},{"@type":"BreadcrumbList","@id":"https:\/\/powerdot.eu\/be\/onze-oplossingen\/winkelcentra#breadcrumb","itemListElement":[{"@type":"ListItem","position":1,"name":"In\u00edcio","item":"https:\/\/www.powerdot.eu\/be"},{"@type":"ListItem","position":2,"name":"Onze oplossingen","item":"https:\/\/powerdot.eu\/be\/onze-oplossingen"},{"@type":"ListItem","position":3,"name":"Winkelcentra"}]},{"@type":"WebSite","@id":"https:\/\/www.powerdot.eu\/be#website","url":"https:\/\/www.powerdot.eu\/be","name":"Powerdot","description":"","potentialAction":[{"@type":"SearchAction","target":{"@type":"EntryPoint","urlTemplate":"https:\/\/www.powerdot.eu\/be?s={search_term_string}"},"query-input":{"@type":"PropertyValueSpecification","valueRequired":true,"valueName":"search_term_string"}}],"inLanguage":"nl-be"}]}},"_links":{"self":[{"href":"https:\/\/powerdot.eu\/be\/wp-json\/wp\/v2\/pages\/7601"}],"collection":[{"href":"https:\/\/powerdot.eu\/be\/wp-json\/wp\/v2\/pages"}],"about":[{"href":"https:\/\/powerdot.eu\/be\/wp-json\/wp\/v2\/types\/page"}],"author":[{"embeddable":true,"href":"https:\/\/powerdot.eu\/be\/wp-json\/wp\/v2\/users\/6"}],"replies":[{"embeddable":true,"href":"https:\/\/powerdot.eu\/be\/wp-json\/wp\/v2\/comments?post=7601"}],"version-history":[{"count":3,"href":"https:\/\/powerdot.eu\/be\/wp-json\/wp\/v2\/pages\/7601\/revisions"}],"predecessor-version":[{"id":8358,"href":"https:\/\/powerdot.eu\/be\/wp-json\/wp\/v2\/pages\/7601\/revisions\/8358"}],"up":[{"embeddable":true,"href":"https:\/\/powerdot.eu\/be\/wp-json\/wp\/v2\/pages\/7596"}],"wp:attachment":[{"href":"https:\/\/powerdot.eu\/be\/wp-json\/wp\/v2\/media?parent=7601"}],"curies":[{"name":"wp","href":"https:\/\/api.w.org\/{rel}","templated":true}]}}